{"id":16832,"date":"2025-05-14T18:58:19","date_gmt":"2025-05-14T18:58:19","guid":{"rendered":"https:\/\/edimeinter.com\/libreria\/?page_id=16832"},"modified":"2025-05-14T22:14:52","modified_gmt":"2025-05-14T22:14:52","slug":"autores-nacionales","status":"publish","type":"page","link":"https:\/\/edimeinter.com\/libreria\/autores-nacionales\/","title":{"rendered":"Autores Nacionales"},"content":{"rendered":"\t\t<div data-elementor-type=\"wp-page\" data-elementor-id=\"16832\" class=\"elementor elementor-16832\">\n\t\t\t\t<div class=\"elementor-element elementor-element-9733189 e-flex e-con-boxed e-con e-parent\" data-id=\"9733189\" data-element_type=\"container\" data-e-type=\"container\">\n\t\t\t\t\t<div class=\"e-con-inner\">\n\t\t<div class=\"elementor-element elementor-element-86bad5f e-con-full e-flex e-con e-child\" data-id=\"86bad5f\" data-element_type=\"container\" data-e-type=\"container\">\n\t\t<div class=\"elementor-element elementor-element-f7090b3 e-con-full e-flex e-con e-child\" data-id=\"f7090b3\" data-element_type=\"container\" data-e-type=\"container\">\n\t\t\n\t\t<div class=\"elementor-element elementor-element-e393d52 elementor-widget elementor-widget-slider_revolution\" data-id=\"e393d52\" data-element_type=\"widget\" data-e-type=\"widget\" data-widget_type=\"slider_revolution.default\">\n\t\t\t\t<div class=\"elementor-widget-container\">\n\t\t\t\t\t\n\t\t<div class=\"wp-block-themepunch-revslider\">\n\t\t\t\t<p class=\"rs-p-wp-fix\"><\/p>\n\t\t\t\t<sr7-module data-alias=\"novedades-11\" data-id=\"8\" id=\"SR7_8_1\" class=\"rs-ov-hidden\" data-version=\"6.7.25\">\n\t\t\t\t\t<sr7-adjuster><\/sr7-adjuster>\n\t\t\t\t\t<sr7-content>\n\t\t\t\t\t\t<sr7-slide id=\"SR7_8_1-28\" data-key=\"28\">\n\t\t\t\t\t\t<\/sr7-slide>\n\t\t\t\t\t<\/sr7-content>\n\t\t\t\t\t<image_lists style=\"display:none\">\n\t\t\t\t\t\t<img data-src=\"\/\/edimeinter.com\/libreria\/wp-content\/uploads\/2025\/05\/Slider-Autores-Nacionales-scaled.jpg\" data-libid=\"16842\" data-lib=\"medialibrary\" title=\"Slider-Autores-Nacionales\" width=\"0\" height=\"0\" data-dbsrc=\"Ly9lZGltZWludGVyLmNvbS9saWJyZXJpYS93cC1jb250ZW50L3VwbG9hZHMvMjAyNS8wNS9TbGlkZXItQXV0b3Jlcy1OYWNpb25hbGVzLXNjYWxlZC5qcGc=\"\/>\n\t\t\t\t\t<\/image_lists>\n\t\t\t\t<\/sr7-module>\n\t\t\t\t<script>\n\t\t\t\t\tSR7.PMH ??={}; SR7.PMH[\"SR7_8_1\"] = {cn:100,state:false,fn: function() { if (_tpt!==undefined && _tpt.prepareModuleHeight !== undefined) {  _tpt.prepareModuleHeight({id:\"SR7_8_1\",el:[450,450,768,960,720],type:'standard',shdw:'0',gh:[450,450,768,960,720],gw:[1240,1240,1024,778,480],vpt:['-100px&#039;,&#039;-100px&#039;,&#039;-100px&#039;,&#039;-100px&#039;,&#039;-100px'],size:{fullWidth:true, fullHeight:false},mh:'0',onh:0,onw:0,bg:{color:'{\"orig\":\"transparent\",\"type\":\"solid\",\"string\":\"transparent\"}'}});   SR7.PMH[\"SR7_8_1\"].state=true;} else if(SR7.PMH[\"SR7_8_1\"].cn-->0)\tsetTimeout( SR7.PMH[\"SR7_8_1\"].fn,19);}};SR7.PMH[\"SR7_8_1\" ].fn();\n\t\t\t\t<\/script>\n<\/div>\n\n\t\t\t\t\t\t<\/div>\n\t\t\t\t<\/div>\n\t\t\t\t<\/div>\n\t\t<div class=\"elementor-element elementor-element-02d3e42 e-con-full e-flex e-con e-child\" data-id=\"02d3e42\" data-element_type=\"container\" data-e-type=\"container\">\n\t\t\t\t<div class=\"elementor-element elementor-element-ddadd47 elementor-view-default elementor-widget elementor-widget-icon\" data-id=\"ddadd47\" data-element_type=\"widget\" data-e-type=\"widget\" data-widget_type=\"icon.default\">\n\t\t\t\t<div class=\"elementor-widget-container\">\n\t\t\t\t\t\t\t<div class=\"elementor-icon-wrapper\">\n\t\t\t<div class=\"elementor-icon\">\n\t\t\t<svg aria-hidden=\"true\" class=\"e-font-icon-svg e-fas-book-medical\" viewBox=\"0 0 448 512\" xmlns=\"http:\/\/www.w3.org\/2000\/svg\"><path d=\"M448 358.4V25.6c0-16-9.6-25.6-25.6-25.6H96C41.6 0 0 41.6 0 96v320c0 54.4 41.6 96 96 96h326.4c12.8 0 25.6-9.6 25.6-25.6v-16q0-9.6-9.6-19.2c-3.2-16-3.2-60.8 0-73.6q9.6-4.8 9.6-19.2zM144 168a8 8 0 0 1 8-8h56v-56a8 8 0 0 1 8-8h48a8 8 0 0 1 8 8v56h56a8 8 0 0 1 8 8v48a8 8 0 0 1-8 8h-56v56a8 8 0 0 1-8 8h-48a8 8 0 0 1-8-8v-56h-56a8 8 0 0 1-8-8zm236.8 280H96c-19.2 0-32-12.8-32-32s16-32 32-32h284.8z\"><\/path><\/svg>\t\t\t<\/div>\n\t\t<\/div>\n\t\t\t\t\t\t<\/div>\n\t\t\t\t<\/div>\n\t\t\t\t<\/div>\n\t\t<div class=\"elementor-element elementor-element-1dd1f78 e-con-full e-flex e-con e-child\" data-id=\"1dd1f78\" data-element_type=\"container\" data-e-type=\"container\">\n\t\t\t\t<div class=\"elementor-element elementor-element-241a31c elementor-widget elementor-widget-heading\" data-id=\"241a31c\" data-element_type=\"widget\" data-e-type=\"widget\" data-widget_type=\"heading.default\">\n\t\t\t\t<div class=\"elementor-widget-container\">\n\t\t\t\t\t<h2 class=\"elementor-heading-title elementor-size-default\">Autores Nacionales<\/h2>\t\t\t\t<\/div>\n\t\t\t\t<\/div>\n\t\t\t\t<div class=\"elementor-element elementor-element-7051ee9 elementor-widget elementor-widget-text-editor\" data-id=\"7051ee9\" data-element_type=\"widget\" data-e-type=\"widget\" data-widget_type=\"text-editor.default\">\n\t\t\t\t<div class=\"elementor-widget-container\">\n\t\t\t\t\t\t\t\t\t<p style=\"text-align: center;\">Conoce las \u00faltimas obras creadas por<strong> autores ecuatorianos.<\/strong><\/p>\t\t\t\t\t\t\t\t<\/div>\n\t\t\t\t<\/div>\n\t\t\t\t<\/div>\n\t\t<div class=\"elementor-element elementor-element-5113d60 e-con-full e-flex e-con e-child\" data-id=\"5113d60\" data-element_type=\"container\" data-e-type=\"container\">\n\t\t\t\t<div class=\"elementor-element elementor-element-23ce11c hidden-border-bottom-product-yes arrow-style-1 elementor-widget elementor-widget-bookory-products\" data-id=\"23ce11c\" data-element_type=\"widget\" data-e-type=\"widget\" data-widget_type=\"bookory-products.default\">\n\t\t\t\t<div class=\"elementor-widget-container\">\n\t\t\t\t\t<div class=\"woocommerce columns-1  woocommerce-overflow columns-tablet-2 columns-mobile-1\"><ul class=\"products columns-1\">\n\n<li class=\"product-style-default product type-product post-16502 status-publish first instock product_cat-ciencias-de-la-salud product_tag-239 product_tag-ciencias-de-la-salud product_tag-ecuatorianos has-post-thumbnail featured taxable shipping-taxable purchasable product-type-simple\">\n        <div class=\"product-block\">\n        <div class=\"product-transition\">\n            <div class=\"product-image\"><img fetchpriority=\"high\" decoding=\"async\" width=\"450\" height=\"627\" src=\"https:\/\/edimeinter.com\/libreria\/wp-content\/uploads\/2025\/05\/Imagen-de-WhatsApp-2025-05-08-a-las-16.08.58_62db6cc4-450x627.jpg\" class=\"attachment-woocommerce_thumbnail size-woocommerce_thumbnail\" alt=\"Pasatiempos para M\u00e9dicos. 2\u00aa Edici\u00f3n\" srcset=\"https:\/\/edimeinter.com\/libreria\/wp-content\/uploads\/2025\/05\/Imagen-de-WhatsApp-2025-05-08-a-las-16.08.58_62db6cc4-450x627.jpg 450w, https:\/\/edimeinter.com\/libreria\/wp-content\/uploads\/2025\/05\/Imagen-de-WhatsApp-2025-05-08-a-las-16.08.58_62db6cc4-215x300.jpg 215w, https:\/\/edimeinter.com\/libreria\/wp-content\/uploads\/2025\/05\/Imagen-de-WhatsApp-2025-05-08-a-las-16.08.58_62db6cc4-735x1024.jpg 735w, https:\/\/edimeinter.com\/libreria\/wp-content\/uploads\/2025\/05\/Imagen-de-WhatsApp-2025-05-08-a-las-16.08.58_62db6cc4-768x1070.jpg 768w, https:\/\/edimeinter.com\/libreria\/wp-content\/uploads\/2025\/05\/Imagen-de-WhatsApp-2025-05-08-a-las-16.08.58_62db6cc4-1102x1536.jpg 1102w, https:\/\/edimeinter.com\/libreria\/wp-content\/uploads\/2025\/05\/Imagen-de-WhatsApp-2025-05-08-a-las-16.08.58_62db6cc4-800x1115.jpg 800w, https:\/\/edimeinter.com\/libreria\/wp-content\/uploads\/2025\/05\/Imagen-de-WhatsApp-2025-05-08-a-las-16.08.58_62db6cc4.jpg 1148w\" sizes=\"(max-width: 450px) 100vw, 450px\" \/><\/div>            <div class=\"group-action\">\n                <div class=\"shop-action vertical\">\n                    <button class=\"woosw-btn woosw-btn-16502\" data-id=\"16502\" data-product_name=\"Pasatiempos para M\u00e9dicos. 2\u00aa Edici\u00f3n\" data-product_image=\"https:\/\/edimeinter.com\/libreria\/wp-content\/uploads\/2025\/05\/Imagen-de-WhatsApp-2025-05-08-a-las-16.08.58_62db6cc4-150x150.jpg\" aria-label=\"A\u00f1adir a la lista de deseos\">A\u00f1adir a la lista de deseos<\/button><button class=\"woosq-btn woosq-btn-16502\" data-id=\"16502\" data-effect=\"mfp-3d-unfold\" data-context=\"default\">Vista r\u00e1pida<\/button>                    <div class=\"opal-add-to-cart-button\">\n                        <a href=\"\/libreria\/wp-json\/wp\/v2\/pages\/16832?add-to-cart=16502\" aria-describedby=\"woocommerce_loop_add_to_cart_link_describedby_16502\" data-quantity=\"1\" class=\"button product_type_simple add_to_cart_button ajax_add_to_cart\" data-product_id=\"16502\" data-product_sku=\"gbk-235-211-44\" aria-label=\"A\u00f1adir al carrito: &ldquo;Pasatiempos para M\u00e9dicos. 2\u00aa Edici\u00f3n&rdquo;\" rel=\"nofollow\" data-success_message=\"\u00abPasatiempos para M\u00e9dicos. 2\u00aa Edici\u00f3n\u00bb se ha a\u00f1adido a tu carrito\" role=\"button\">A\u00f1adir al carrito<\/a>\t<span id=\"woocommerce_loop_add_to_cart_link_describedby_16502\" class=\"screen-reader-text\">\n\t\t\t<\/span>\n                    <\/div>\n                                    <\/div>\n            <\/div>\n            <a href=\"https:\/\/edimeinter.com\/libreria\/product\/pasatiempos-para-medicos-2a-edicion\/\" class=\"woocommerce-LoopProduct-link woocommerce-loop-product__link\"><\/a>        <\/div>\n        <div class=\"product-caption\">\n            <h3 class=\"woocommerce-loop-product__title\"><a href=\"https:\/\/edimeinter.com\/libreria\/product\/pasatiempos-para-medicos-2a-edicion\/\">Pasatiempos para M\u00e9dicos. 2\u00aa Edici\u00f3n<\/a><\/h3><div class=\"count-review\"><div class=\"star-rating\"><\/div><span>0<\/span><\/div>\n\t<span class=\"price\"><span class=\"woocommerce-Price-amount amount\"><bdi><span class=\"woocommerce-Price-currencySymbol\">&#36;<\/span>&nbsp;20.00<\/bdi><\/span><\/span>\n        <\/div>\n    <\/div>\n    <\/li>\n<\/ul>\n<\/div>\t\t\t\t<\/div>\n\t\t\t\t<\/div>\n\t\t\t\t<\/div>\n\t\t\t\t<\/div>\n\t\t\t\t\t<\/div>\n\t\t\t\t<\/div>\n\t\t\t\t<\/div>\n\t\t","protected":false},"excerpt":{"rendered":"<p>Autores Nacionales Conoce las \u00faltimas obras creadas por autores ecuatorianos. A\u00f1adir a la lista de deseosQuick view A\u00f1adir al carrito Pasatiempos para M\u00e9dicos. 2\u00aa Edici\u00f3n 0 &#36;&nbsp;25.00<\/p>\n","protected":false},"author":1,"featured_media":16833,"parent":0,"menu_order":0,"comment_status":"closed","ping_status":"closed","template":"","meta":{"_joinchat":[],"footnotes":""},"class_list":["post-16832","page","type-page","status-publish","has-post-thumbnail","hentry"],"_links":{"self":[{"href":"https:\/\/edimeinter.com\/libreria\/wp-json\/wp\/v2\/pages\/16832","targetHints":{"allow":["GET"]}}],"collection":[{"href":"https:\/\/edimeinter.com\/libreria\/wp-json\/wp\/v2\/pages"}],"about":[{"href":"https:\/\/edimeinter.com\/libreria\/wp-json\/wp\/v2\/types\/page"}],"author":[{"embeddable":true,"href":"https:\/\/edimeinter.com\/libreria\/wp-json\/wp\/v2\/users\/1"}],"replies":[{"embeddable":true,"href":"https:\/\/edimeinter.com\/libreria\/wp-json\/wp\/v2\/comments?post=16832"}],"version-history":[{"count":13,"href":"https:\/\/edimeinter.com\/libreria\/wp-json\/wp\/v2\/pages\/16832\/revisions"}],"predecessor-version":[{"id":16853,"href":"https:\/\/edimeinter.com\/libreria\/wp-json\/wp\/v2\/pages\/16832\/revisions\/16853"}],"wp:featuredmedia":[{"embeddable":true,"href":"https:\/\/edimeinter.com\/libreria\/wp-json\/wp\/v2\/media\/16833"}],"wp:attachment":[{"href":"https:\/\/edimeinter.com\/libreria\/wp-json\/wp\/v2\/media?parent=16832"}],"curies":[{"name":"wp","href":"https:\/\/api.w.org\/{rel}","templated":true}]}}