{"id":3,"date":"2025-01-07T21:21:52","date_gmt":"2025-01-07T21:21:52","guid":{"rendered":"https:\/\/edimeinter.com\/libreria\/?page_id=3"},"modified":"2025-03-31T22:51:07","modified_gmt":"2025-03-31T22:51:07","slug":"terminos-y-condiciones","status":"publish","type":"page","link":"https:\/\/edimeinter.com\/libreria\/terminos-y-condiciones\/","title":{"rendered":"T\u00e9rminos y Condiciones"},"content":{"rendered":"\t\t<div data-elementor-type=\"wp-page\" data-elementor-id=\"3\" class=\"elementor elementor-3\">\n\t\t\t\t<div class=\"elementor-element elementor-element-6b2e8dea e-flex e-con-boxed e-con e-parent\" data-id=\"6b2e8dea\" data-element_type=\"container\" data-e-type=\"container\">\n\t\t\t\t\t<div class=\"e-con-inner\">\n\t\t\n\t\t<div class=\"elementor-element elementor-element-15fd0679 elementor-widget elementor-widget-text-editor\" data-id=\"15fd0679\" data-element_type=\"widget\" data-e-type=\"widget\" data-widget_type=\"text-editor.default\">\n\t\t\t\t<div class=\"elementor-widget-container\">\n\t\t\t\t\t\t\t\t\t\n<p><span style=\"font-size: 14pt;\"><strong>EDIMEINTER LIBRER\u00cdA M\u00c9DICA,<\/strong> con RUC: 1792175186001, domiciliada en: Av. Mariana de Jes\u00fas OE7-02 y Nu\u00f1o de Valderrama, Ed. Citimed, PB Local 109, Quito, Ecuador. Correo electr\u00f3nico: ventas@edimeinter.com, con bodega de despacho en Quito, Ecuador.<\/span><\/p>\n<h3 class=\"wp-block-heading\">REGISTRO<\/h3>\n<p>Para realizar compras y consultas, el usuario puede elegir registrarse en el sitio web www.edimeinter.com. Este registro est\u00e1 regulado por la ley de protecci\u00f3n de datos personales y se utilizar\u00e1 exclusivamente con fines comerciales entre el usuario y EDIMEINTER LIBRER\u00cdA M\u00c9DICA. Al acceder, registrarse o utilizar el sitio web, el usuario acepta los t\u00e9rminos y condiciones de uso, comprometi\u00e9ndose a un uso correcto y conforme a la ley en todas las interacciones con el mismo.<\/p>\n<p>Toda la informaci\u00f3n en www.edimeinter.com, incluidos textos, im\u00e1genes, videos y contenidos digitales, es propiedad de EDIMEINTER LIBRER\u00cdA M\u00c9DICA. Esta informaci\u00f3n no puede ser reproducida, descargada, copiada, distribuida, publicada ni utilizada con fines comerciales sin la autorizaci\u00f3n previa de EDIMEINTER LIBRER\u00cdA M\u00c9DICA.<\/p>\n<h3>MEDIOS DE PAGO<\/h3>\n<p>Las compras en www.edimeinter.com se procesan de manera segura y r\u00e1pida a trav\u00e9s de la plataforma tecnol\u00f3gica <strong>DATAFAST,<\/strong> que garantiza un alto nivel de confiabilidad en los pagos en l\u00ednea. Los usuarios pueden realizar sus pagos utilizando diversas opciones, como tarjetas de cr\u00e9dito y d\u00e9bito (Visa, MasterCard). Todas las transacciones est\u00e1n sujetas a verificaci\u00f3n y deben ser realizadas \u00fanicamente por el usuario registrado y titular de la tarjeta.<\/p>\n<h3>TIEMPOS DE ENTREGA<\/h3>\n<p>Los despachos se realizan desde Quito, Ecuador, con un tiempo m\u00e1ximo de entrega de 24 a 48 horas en d\u00edas h\u00e1biles. Estos env\u00edos se gestionan a trav\u00e9s de Servientrega, aunque los plazos pueden verse afectados por circunstancias externas, como desastres naturales o restricciones de circulaci\u00f3n. En tales casos, EDIMEINTER LIBRER\u00cdA M\u00c9DICA informar\u00e1 sobre posibles retrasos.<\/p>\n<h3>GASTOS DE ENV\u00cdO<\/h3>\n<p>Los costos de env\u00edo de los pedidos realizados a trav\u00e9s de www.edimeinter.com ser\u00e1n cubiertos en su totalidad por EDIMEINTER LIBRER\u00cdA M\u00c9DICA.<\/p>\n<h3>HORARIOS<\/h3>\n<p>El horario de atenci\u00f3n de www.edimeinter.com es de lunes a domingo, de 00:00 a 12:59 horas. Los pedidos recibidos antes de las 15:00 horas se despachar\u00e1n el mismo d\u00eda; los pedidos recibidos despu\u00e9s de esa hora se enviar\u00e1n el siguiente d\u00eda h\u00e1bil. Los pedidos realizados los s\u00e1bados, domingos y festivos se despachar\u00e1n el siguiente d\u00eda h\u00e1bil.<\/p>\n<h3>CAMBIOS Y REEMBOLSOS<\/h3>\n<p>Si recibe un producto con defectos exclusivamente de impresi\u00f3n, cont\u00e1ctenos al tel\u00e9fono 3515-716 o al celular 0993226791, o env\u00ede un correo a ventas@edimeinter.com. Procederemos a la sustituci\u00f3n del producto siempre que haya sido adquirido directamente a trav\u00e9s de www.edimeinter.com y no hayan transcurrido m\u00e1s de 30 d\u00edas a partir la compra. Los costos de recepci\u00f3n y env\u00edo del producto defectuoso ser\u00e1n asumidos por EDIMEINTER LIBRER\u00cdA M\u00c9DICA.<\/p>\n<p>Se aplicar\u00e1 el reembolso del 100% \u00fanicamente en el caso de no contar con el stock necesario para realizar la reposici\u00f3n de los libros que presenten da\u00f1os de impresi\u00f3n.<\/p>\n<h3>SOLUCI\u00d3N DE PROBLEMAS CON ACCESOS ONLINE<\/h3>\n<p>Si experimenta problemas de accesibilidad o funcionamiento en los recursos en l\u00ednea de EDIMEINTER LIBRER\u00cdA M\u00c9DICA, env\u00ede un correo a ventas@edimeinter.com y recibir\u00e1 asistencia en un plazo m\u00e1ximo de 48 horas. Las solicitudes de garant\u00eda y soporte para contenidos en l\u00ednea tambi\u00e9n tendr\u00e1n un tiempo de respuesta de 48 horas.<\/p>\n<h3>PRIVACIDAD Y SEGURIDAD<\/h3>\n<p>EDIMEINTER LIBRER\u00cdA M\u00c9DICA no se hace responsable por da\u00f1os, p\u00e9rdida de informaci\u00f3n u otros incidentes relacionados con fallos el\u00e9ctricos, ca\u00eddas del sistema, interrupciones de proveedores de Internet, indisponibilidad del sitio web o cualquier otro problema ajeno a su operaci\u00f3n normal. As\u00ed como tambi\u00e9n, EDIMEINTER LIBRER\u00cdA M\u00c9DICA, no se responsabiliza por la seguridad del proveedor de cobros <strong>(DATAFAST)<\/strong>. Toda informaci\u00f3n relacionada con pagos, ser\u00e1n asumidos por el mencionado.<\/p>\n<p>EDIMEINTER LIBRER\u00cdA M\u00c9DICA se reserva el derecho de modificar, eliminar o cambiar cualquier parte de los t\u00e9rminos de uso en cualquier momento, notificando oportunamente a los usuarios registrados. Tambi\u00e9n se reserva el derecho de aceptar, mantener o eliminar cualquier usuario a su discreci\u00f3n. Los precios de los art\u00edculos en www.edimeinter.com pueden ser modificados sin previo aviso.<\/p>\n<p>EDIMEINTER LIBRER\u00cdA M\u00c9DICA garantiza que los datos de registro proporcionados por los usuarios ser\u00e1n confidenciales y estar\u00e1n protegidos por certificados de seguridad y pol\u00edticas internas de privacidad, cumpliendo con las normativas legales internacionales para prevenir usos malintencionados o con fines distintos a la comunicaci\u00f3n comercial.<\/p>\n\t\t\t\t\t\t\t\t<\/div>\n\t\t\t\t<\/div>\n\t\t\t\t\t<\/div>\n\t\t\t\t<\/div>\n\t\t\t\t<\/div>\n\t\t","protected":false},"excerpt":{"rendered":"<p>EDIMEINTER LIBRER\u00cdA M\u00c9DICA, con RUC: 1792175186001, domiciliada en: Av. Mariana de Jes\u00fas OE7-02 y Nu\u00f1o de Valderrama, Ed. Citimed, PB Local 109, Quito, Ecuador. Correo electr\u00f3nico: ventas@edimeinter.com, con bodega de despacho en Quito, Ecuador. REGISTRO Para realizar compras y consultas, el usuario puede elegir registrarse en el sitio web www.edimeinter.com. Este registro est\u00e1 regulado por [&hellip;]<\/p>\n","protected":false},"author":1,"featured_media":15168,"parent":0,"menu_order":0,"comment_status":"closed","ping_status":"open","template":"","meta":{"_joinchat":[],"footnotes":""},"class_list":["post-3","page","type-page","status-publish","has-post-thumbnail","hentry"],"_links":{"self":[{"href":"https:\/\/edimeinter.com\/libreria\/wp-json\/wp\/v2\/pages\/3","targetHints":{"allow":["GET"]}}],"collection":[{"href":"https:\/\/edimeinter.com\/libreria\/wp-json\/wp\/v2\/pages"}],"about":[{"href":"https:\/\/edimeinter.com\/libreria\/wp-json\/wp\/v2\/types\/page"}],"author":[{"embeddable":true,"href":"https:\/\/edimeinter.com\/libreria\/wp-json\/wp\/v2\/users\/1"}],"replies":[{"embeddable":true,"href":"https:\/\/edimeinter.com\/libreria\/wp-json\/wp\/v2\/comments?post=3"}],"version-history":[{"count":7,"href":"https:\/\/edimeinter.com\/libreria\/wp-json\/wp\/v2\/pages\/3\/revisions"}],"predecessor-version":[{"id":16215,"href":"https:\/\/edimeinter.com\/libreria\/wp-json\/wp\/v2\/pages\/3\/revisions\/16215"}],"wp:featuredmedia":[{"embeddable":true,"href":"https:\/\/edimeinter.com\/libreria\/wp-json\/wp\/v2\/media\/15168"}],"wp:attachment":[{"href":"https:\/\/edimeinter.com\/libreria\/wp-json\/wp\/v2\/media?parent=3"}],"curies":[{"name":"wp","href":"https:\/\/api.w.org\/{rel}","templated":true}]}}