{"id":9423,"date":"2025-01-31T17:07:23","date_gmt":"2025-01-31T17:07:23","guid":{"rendered":"https:\/\/edimeinter.com\/libreria\/?page_id=9423"},"modified":"2025-03-10T00:27:04","modified_gmt":"2025-03-10T00:27:04","slug":"transparencia","status":"publish","type":"page","link":"https:\/\/edimeinter.com\/libreria\/transparencia\/","title":{"rendered":"Transparencia"},"content":{"rendered":"\t\t<div data-elementor-type=\"wp-page\" data-elementor-id=\"9423\" class=\"elementor elementor-9423\">\n\t\t\t\t<div class=\"elementor-element elementor-element-429c58a e-flex e-con-boxed e-con e-parent\" data-id=\"429c58a\" data-element_type=\"container\" data-e-type=\"container\">\n\t\t\t\t\t<div class=\"e-con-inner\">\n\t\t<div class=\"elementor-element elementor-element-85d1c45 e-con-full e-flex e-con e-child\" data-id=\"85d1c45\" data-element_type=\"container\" data-e-type=\"container\">\n\t\t\n\t\t<div class=\"elementor-element elementor-element-59afe46 elementor-widget elementor-widget-text-editor\" data-id=\"59afe46\" data-element_type=\"widget\" data-e-type=\"widget\" data-widget_type=\"text-editor.default\">\n\t\t\t\t<div class=\"elementor-widget-container\">\n\t\t\t\t\t\t\t\t\t<p>Utilizamos tus datos para generar an\u00e1lisis que mejoren tu experiencia como usuario. A continuaci\u00f3n, te explicamos c\u00f3mo manejamos tu informaci\u00f3n.<\/p>\n<h1>Nuestra Transparencia<\/h1>\n<p>Agradecemos que elijas nuestros productos y queremos informarte sobre el uso que damos a la informaci\u00f3n que compartes con nosotros.<\/p>\n<p>Al registrarte en nuestra plataforma, creas un usuario que te permite acceder a los servicios de nuestro sitio web. Nuestro objetivo es proporcionarte la informaci\u00f3n adecuada relacionada con tu especialidad y tus libros preferidos.<\/p>\n<p>Tus datos personales se utilizar\u00e1n para los fines que se indiquen en las p\u00e1ginas donde se encuentre el formulario electr\u00f3nico de recogida de datos. Adem\u00e1s, podr\u00e1n ser conservados para responder a su solicitud y para enviarle informaci\u00f3n relacionada con nuestra actividad que pueda ser de su inter\u00e9s, hasta que nos indiques lo contrario.<\/p>\n<p>Asimismo, le informamos que puede ejercer sus derechos de acceso, rectificaci\u00f3n, cancelaci\u00f3n y oposici\u00f3n conforme a lo establecido en la LOPD.<\/p>\n<h1>Edimeinter<\/h1>\n<p>No vende, cede, arrienda ni transmite de ninguna manera la informaci\u00f3n o datos personales de sus Clientes\/Usuarios a terceros.<\/p>\n<p>Te informamos que EDIMEINTER utiliza cookies en sus sistemas. Las cookies son peque\u00f1os archivos de texto que el navegador almacena en el disco duro de su ordenador. Al navegar por una p\u00e1gina web, el servidor puede reconocer las cookies y proporcionar informaci\u00f3n. La mayor\u00eda de los navegadores aceptan cookies de forma autom\u00e1tica, pero puede configurar su navegador para recibir notificaciones sobre la recepci\u00f3n de cookies y evitar su instalaci\u00f3n.<\/p>\n<p>El Usuario garantiza que los Datos Personales proporcionados a EDIMEINTER LIBRER\u00cdA M\u00c9DICA son veraces y se compromete a comunicar cualquier modificaci\u00f3n. El Usuario ser\u00e1 el \u00fanico responsable de cualquier da\u00f1o o perjuicio, directo o indirecto, que pueda causar a EDIMEINTER o a terceros debido al ingreso de formularios con datos falsos, inexactos, incompletos o no actualizados. El Usuario no debe incluir datos personales de terceros sin su consentimiento informado previo, siendo el \u00fanico responsable de su inclusi\u00f3n.<\/p>\n<p>Hemos implementado las medidas necesarias para evitar la alteraci\u00f3n, p\u00e9rdida, tratamiento o acceso no autorizado a los datos personales, considerando en todo momento el estado de la tecnolog\u00eda, la naturaleza de los datos almacenados y los riesgos a los que est\u00e1n expuestos, ya sean de origen humano o del medio f\u00edsico o natural. Sin embargo, el Usuario debe ser consciente de que las medidas de seguridad en Internet no son infalibles.<\/p>\n<h2>Duraci\u00f3n y modificaci\u00f3n<\/h2>\n<p>Nos reservamos el derecho a modificar, total o parcialmente, estas condiciones generales de acceso, publicando los cambios en www.editorialmedica.com. Tambi\u00e9n podr\u00e1 realizar modificaciones en el sitio web sin previo aviso, pudiendo cambiar, eliminar o a\u00f1adir tanto los contenidos y servicios que ofrece como la forma en que estos se presentan o localizan. Por lo tanto, se considerar\u00e1n vigentes las condiciones generales publicadas en el momento en que el Usuario acceda a www.editorialmedica.com, y el Usuario deber\u00e1 leer peri\u00f3dicamente dichas condiciones de uso.<\/p>\n<h2>Uso de tus datos:<\/h2>\n<p>El procesamiento de tu informaci\u00f3n es fundamental para ofrecerte un excelente servicio, enviarte ofertas relevantes a tu especialidad e intereses, as\u00ed como informaci\u00f3n valiosa, invitaciones a eventos y m\u00e1s.<\/p>\n<p><strong>Algunos de los prop\u00f3sitos para los que utilizamos tus datos:<\/strong><\/p>\n<p>&#8211; Proporcionar productos de inter\u00e9s seg\u00fan tu especialidad.<\/p>\n<p>&#8211; Mejorar nuestros servicios y ofrecerte una experiencia de usuario superior.<\/p>\n<p>&#8211; Difundir anuncios e informaci\u00f3n publicitaria adaptados a tus intereses.<\/p>\n<p>&#8211; Proteger tus derechos como cliente.<\/p>\n<h2>Cambios en nuestra pol\u00edtica de privacidad<\/h2>\n<p>Si realizamos cambios en la forma en que tratamos tus datos, te lo haremos saber a trav\u00e9s de nuestros canales habituales, como correo electr\u00f3nico o redes sociales. En los casos en que necesitemos tu consentimiento, te informaremos por estos medios para que puedas decidir si est\u00e1s de acuerdo.<\/p>\n<p><!-- \/wp:paragraph --><!-- wp:paragraph --><\/p>\t\t\t\t\t\t\t\t<\/div>\n\t\t\t\t<\/div>\n\t\t\t\t<\/div>\n\t\t\t\t\t<\/div>\n\t\t\t\t<\/div>\n\t\t\t\t<\/div>\n\t\t","protected":false},"excerpt":{"rendered":"<p>Utilizamos tus datos para generar an\u00e1lisis que mejoren tu experiencia como usuario. A continuaci\u00f3n, te explicamos c\u00f3mo manejamos tu informaci\u00f3n. Nuestra Transparencia Agradecemos que elijas nuestros productos y queremos informarte sobre el uso que damos a la informaci\u00f3n que compartes con nosotros. Al registrarte en nuestra plataforma, creas un usuario que te permite acceder a [&hellip;]<\/p>\n","protected":false},"author":1,"featured_media":15171,"parent":0,"menu_order":0,"comment_status":"closed","ping_status":"open","template":"","meta":{"_joinchat":[],"footnotes":""},"class_list":["post-9423","page","type-page","status-publish","has-post-thumbnail","hentry"],"_links":{"self":[{"href":"https:\/\/edimeinter.com\/libreria\/wp-json\/wp\/v2\/pages\/9423","targetHints":{"allow":["GET"]}}],"collection":[{"href":"https:\/\/edimeinter.com\/libreria\/wp-json\/wp\/v2\/pages"}],"about":[{"href":"https:\/\/edimeinter.com\/libreria\/wp-json\/wp\/v2\/types\/page"}],"author":[{"embeddable":true,"href":"https:\/\/edimeinter.com\/libreria\/wp-json\/wp\/v2\/users\/1"}],"replies":[{"embeddable":true,"href":"https:\/\/edimeinter.com\/libreria\/wp-json\/wp\/v2\/comments?post=9423"}],"version-history":[{"count":17,"href":"https:\/\/edimeinter.com\/libreria\/wp-json\/wp\/v2\/pages\/9423\/revisions"}],"predecessor-version":[{"id":15885,"href":"https:\/\/edimeinter.com\/libreria\/wp-json\/wp\/v2\/pages\/9423\/revisions\/15885"}],"wp:featuredmedia":[{"embeddable":true,"href":"https:\/\/edimeinter.com\/libreria\/wp-json\/wp\/v2\/media\/15171"}],"wp:attachment":[{"href":"https:\/\/edimeinter.com\/libreria\/wp-json\/wp\/v2\/media?parent=9423"}],"curies":[{"name":"wp","href":"https:\/\/api.w.org\/{rel}","templated":true}]}}