{"id":10004,"date":"2025-02-04T18:58:16","date_gmt":"2025-02-04T18:58:16","guid":{"rendered":"https:\/\/edimeinter.com\/libreria\/?post_type=product&#038;p=10004"},"modified":"2025-03-09T20:38:42","modified_gmt":"2025-03-09T20:38:42","slug":"infectologia-pediatrica-incluye-ebook-1a-edicion","status":"publish","type":"product","link":"https:\/\/edimeinter.com\/libreria\/product\/infectologia-pediatrica-incluye-ebook-1a-edicion\/","title":{"rendered":"Infectolog\u00eda Pedi\u00e1trica. Incluye eBook. 1\u00aa Edici\u00f3n"},"content":{"rendered":"\t\t<div data-elementor-type=\"wp-post\" data-elementor-id=\"10004\" class=\"elementor elementor-10004\">\n\t\t\t\t<div class=\"elementor-element elementor-element-6df9a7c9 e-flex e-con-boxed e-con e-parent\" data-id=\"6df9a7c9\" data-element_type=\"container\" data-e-type=\"container\">\n\t\t\t\t\t<div class=\"e-con-inner\">\n\t\t\n\t\t<div class=\"elementor-element elementor-element-6a22be31 elementor-widget elementor-widget-text-editor\" data-id=\"6a22be31\" data-element_type=\"widget\" data-e-type=\"widget\" data-widget_type=\"text-editor.default\">\n\t\t\t\t<div class=\"elementor-widget-container\">\n\t\t\t\t\t\t\t\t\t<p>La infectolog\u00eda es la rama de la medicina especializada en el estudio, prevenci\u00f3n, diagn\u00f3stico y tratamiento de las enfermedades infecciosas. Durante la infancia, el sistema inmunol\u00f3gico est\u00e1 en constante evoluci\u00f3n, por lo que los ni\u00f1os son m\u00e1s susceptibles de padecer diversas infecciones. Para conseguir una atenci\u00f3n pedi\u00e1trica de calidad y reducir su impacto es necesario tener un conocimiento amplio y actualizado en la materia.<\/p>\t\t\t\t\t\t\t\t<\/div>\n\t\t\t\t<\/div>\n\t\t\t\t\t<\/div>\n\t\t\t\t<\/div>\n\t\t\t\t<\/div>\n\t\t","protected":false},"excerpt":{"rendered":"<p><strong>Autores:\u00a0<\/strong>Alejandro L\u00f3pez Escobar,Roi Pi\u00f1eiro P\u00e9rez<br \/>\n<strong>ISBN:<\/strong>\u00a09788411062930<br \/>\n<strong>Editorial:<\/strong>\u00a0Panamericana<br \/>\n<strong>Edici\u00f3n:<\/strong>\u00a01\u00aa<br \/>\n<strong>Especialidad<\/strong>: Pediatr\u00eda \u2013 Neonatolog\u00eda<br \/>\n<strong>P\u00e1ginas<\/strong>:\u00a0410<br \/>\n\u00a9 2024<\/p>\n","protected":false},"featured_media":10005,"comment_status":"open","ping_status":"open","template":"","meta":{"_joinchat":[]},"product_cat":[130],"product_tag":[240,70,131],"class_list":{"0":"post-10004","1":"product","2":"type-product","3":"status-publish","4":"has-post-thumbnail","6":"product_cat-pediatria-y-neonatologia","7":"product_tag-240","8":"product_tag-panamericana","9":"product_tag-pediatria-y-neonatologia","11":"first","12":"instock","13":"featured","14":"taxable","15":"shipping-taxable","16":"purchasable","17":"product-type-simple"},"_links":{"self":[{"href":"https:\/\/edimeinter.com\/libreria\/wp-json\/wp\/v2\/product\/10004","targetHints":{"allow":["GET"]}}],"collection":[{"href":"https:\/\/edimeinter.com\/libreria\/wp-json\/wp\/v2\/product"}],"about":[{"href":"https:\/\/edimeinter.com\/libreria\/wp-json\/wp\/v2\/types\/product"}],"replies":[{"embeddable":true,"href":"https:\/\/edimeinter.com\/libreria\/wp-json\/wp\/v2\/comments?post=10004"}],"version-history":[{"count":1,"href":"https:\/\/edimeinter.com\/libreria\/wp-json\/wp\/v2\/product\/10004\/revisions"}],"predecessor-version":[{"id":14922,"href":"https:\/\/edimeinter.com\/libreria\/wp-json\/wp\/v2\/product\/10004\/revisions\/14922"}],"wp:featuredmedia":[{"embeddable":true,"href":"https:\/\/edimeinter.com\/libreria\/wp-json\/wp\/v2\/media\/10005"}],"wp:attachment":[{"href":"https:\/\/edimeinter.com\/libreria\/wp-json\/wp\/v2\/media?parent=10004"}],"wp:term":[{"taxonomy":"product_cat","embeddable":true,"href":"https:\/\/edimeinter.com\/libreria\/wp-json\/wp\/v2\/product_cat?post=10004"},{"taxonomy":"product_tag","embeddable":true,"href":"https:\/\/edimeinter.com\/libreria\/wp-json\/wp\/v2\/product_tag?post=10004"}],"curies":[{"name":"wp","href":"https:\/\/api.w.org\/{rel}","templated":true}]}}