{"id":10047,"date":"2025-02-04T20:58:27","date_gmt":"2025-02-04T20:58:27","guid":{"rendered":"https:\/\/edimeinter.com\/libreria\/?post_type=product&#038;p=10047"},"modified":"2026-02-12T17:47:53","modified_gmt":"2026-02-12T17:47:53","slug":"patologia-oral-3a-edicion","status":"publish","type":"product","link":"https:\/\/edimeinter.com\/libreria\/product\/patologia-oral-3a-edicion\/","title":{"rendered":"Patolog\u00eda oral. 3\u00aa Edici\u00f3n"},"content":{"rendered":"\t\t<div data-elementor-type=\"wp-post\" data-elementor-id=\"10047\" class=\"elementor elementor-10047\">\n\t\t\t\t<div class=\"elementor-element elementor-element-2612b12 e-flex e-con-boxed e-con e-parent\" data-id=\"2612b12\" data-element_type=\"container\" data-e-type=\"container\">\n\t\t\t\t\t<div class=\"e-con-inner\">\n\t\t\n\t\t<div class=\"elementor-element elementor-element-498707ae elementor-widget elementor-widget-text-editor\" data-id=\"498707ae\" data-element_type=\"widget\" data-e-type=\"widget\" data-widget_type=\"text-editor.default\">\n\t\t\t\t<div class=\"elementor-widget-container\">\n\t\t\t\t\t\t\t\t\t<p>El campo de la patolog\u00eda oral constituye un desaf\u00edo incluso para los anatomopat\u00f3logos m\u00e1s experimentados. Esta tercera edici\u00f3n de Patolog\u00eda oral abarca el abanico completo de presentaci\u00f3n histopatol\u00f3gica de las enfermedades orales. Ello lo convierte en un pr\u00e1ctico manual cl\u00ednico para el anatomopat\u00f3logo que debe emitir informes sobre muestras de mucosa oral, gl\u00e1ndulas salivales y huesos maxilares. La Dra. Sook-Bin Woo, especialista en anatom\u00eda patol\u00f3gica oral y estomatolog\u00eda, recurre a su extensa experiencia cl\u00ednica para ayudarle a alcanzar la certeza diagn\u00f3stica incluso ante las lesiones m\u00e1s complejas.<\/p>\t\t\t\t\t\t\t\t<\/div>\n\t\t\t\t<\/div>\n\t\t\t\t\t<\/div>\n\t\t\t\t<\/div>\n\t\t\t\t<\/div>\n\t\t","protected":false},"excerpt":{"rendered":"<p><strong>Autores:<\/strong>\u00a0Sook-Bin Woo<br \/>\n<strong>ISBN:<\/strong>\u00a09788413826677<br \/>\n<strong>Editorial:<\/strong>\u00a0Elsevier<br \/>\n<strong>Edici\u00f3n:<\/strong>\u00a03\u00aa<br \/>\n<strong>Especialidad<\/strong>: Odontolog\u00eda y Ortodoncia<br \/>\n<strong>P\u00e1ginas<\/strong>: 622<br \/>\n\u00a9 2024<\/p>\n","protected":false},"featured_media":10048,"comment_status":"open","ping_status":"closed","template":"","meta":{"_joinchat":[]},"product_cat":[140],"product_tag":[240,85,141],"class_list":{"0":"post-10047","1":"product","2":"type-product","3":"status-publish","4":"has-post-thumbnail","6":"product_cat-odontologia-y-ortodoncia","7":"product_tag-240","8":"product_tag-elsevier","9":"product_tag-odontologia-y-ortodoncia","11":"first","12":"instock","13":"featured","14":"taxable","15":"shipping-taxable","16":"purchasable","17":"product-type-simple"},"_links":{"self":[{"href":"https:\/\/edimeinter.com\/libreria\/wp-json\/wp\/v2\/product\/10047","targetHints":{"allow":["GET"]}}],"collection":[{"href":"https:\/\/edimeinter.com\/libreria\/wp-json\/wp\/v2\/product"}],"about":[{"href":"https:\/\/edimeinter.com\/libreria\/wp-json\/wp\/v2\/types\/product"}],"replies":[{"embeddable":true,"href":"https:\/\/edimeinter.com\/libreria\/wp-json\/wp\/v2\/comments?post=10047"}],"version-history":[{"count":1,"href":"https:\/\/edimeinter.com\/libreria\/wp-json\/wp\/v2\/product\/10047\/revisions"}],"predecessor-version":[{"id":14929,"href":"https:\/\/edimeinter.com\/libreria\/wp-json\/wp\/v2\/product\/10047\/revisions\/14929"}],"wp:featuredmedia":[{"embeddable":true,"href":"https:\/\/edimeinter.com\/libreria\/wp-json\/wp\/v2\/media\/10048"}],"wp:attachment":[{"href":"https:\/\/edimeinter.com\/libreria\/wp-json\/wp\/v2\/media?parent=10047"}],"wp:term":[{"taxonomy":"product_cat","embeddable":true,"href":"https:\/\/edimeinter.com\/libreria\/wp-json\/wp\/v2\/product_cat?post=10047"},{"taxonomy":"product_tag","embeddable":true,"href":"https:\/\/edimeinter.com\/libreria\/wp-json\/wp\/v2\/product_tag?post=10047"}],"curies":[{"name":"wp","href":"https:\/\/api.w.org\/{rel}","templated":true}]}}