{"id":10053,"date":"2025-02-04T21:04:16","date_gmt":"2025-02-04T21:04:16","guid":{"rendered":"https:\/\/edimeinter.com\/libreria\/?post_type=product&#038;p=10053"},"modified":"2025-10-02T17:55:51","modified_gmt":"2025-10-02T17:55:51","slug":"gisbert-calabuig-villanueva-canadas-medicina-legal-y-toxicologia-8a-edicion","status":"publish","type":"product","link":"https:\/\/edimeinter.com\/libreria\/product\/gisbert-calabuig-villanueva-canadas-medicina-legal-y-toxicologia-8a-edicion\/","title":{"rendered":"Gisbert Calabuig, Villanueva Ca\u00f1adas. Medicina legal y toxicolog\u00eda. 8\u00aa Edici\u00f3n"},"content":{"rendered":"\t\t<div data-elementor-type=\"wp-post\" data-elementor-id=\"10053\" class=\"elementor elementor-10053\">\n\t\t\t\t<div class=\"elementor-element elementor-element-2612b12 e-flex e-con-boxed e-con e-parent\" data-id=\"2612b12\" data-element_type=\"container\" data-e-type=\"container\">\n\t\t\t\t\t<div class=\"e-con-inner\">\n\t\t\n\t\t<div class=\"elementor-element elementor-element-498707ae elementor-widget elementor-widget-text-editor\" data-id=\"498707ae\" data-element_type=\"widget\" data-e-type=\"widget\" data-widget_type=\"text-editor.default\">\n\t\t\t\t<div class=\"elementor-widget-container\">\n\t\t\t\t\t\t\t\t\t<p>Considerado desde hace m\u00e1s de 50 a\u00f1os \u00abel libro de legal\u00bb, esta octava edici\u00f3n de Medicina legal y Toxicolog\u00eda mantiene la misma personalidad y filosof\u00eda que siempre tuvo. Un libro completo \u2014hol\u00edstico se podr\u00eda decir\u2014 que abarca el complejo mundo de la Medicina legal en sus diversos campos y objetos de estudio. Un libro cl\u00e1sico en su estructura y moderno en sus contenidos, que aborda aquellos temas que m\u00e1s interesan al m\u00e9dico de hoy desde la perspectiva de la Medicina legal y forense. El m\u00e9dico, en el ejercicio de cualquier especialidad, plaza o lugar, ha de formular cuatro juicios a la cabecera del paciente: el cl\u00ednico, el m\u00e9dico-legal, el \u00e9tico y el econ\u00f3mico. El lector encontrar\u00e1 en este tratado cumplida respuesta al menos a dos de estas cuestiones: la m\u00e9dico-legal y la \u00e9tico-deontol\u00f3gica.<\/p><p>Esta obra va dirigida a los especialistas que cultivan el amplio campo de la Medicina legal y forense, opositores al Cuerpo Nacional de M\u00e9dicos Forenses, estudiantes del grado de Medicina, MIR de Medicina legal y forense, operadores del Derecho, crimin\u00f3logos, profesionales de instituciones penitenciarias, psic\u00f3logos y polic\u00eda cient\u00edfica, entre otros.<\/p>\t\t\t\t\t\t\t\t<\/div>\n\t\t\t\t<\/div>\n\t\t\t\t\t<\/div>\n\t\t\t\t<\/div>\n\t\t\t\t<\/div>\n\t\t","protected":false},"excerpt":{"rendered":"<p><strong>Autores:<\/strong>\u00a0Marina Gisbert Grifo &amp; Aurelio Luna Maldonado &amp; Mar\u00eda Castellano Arroyo<br \/>\n<strong>ISBN:<\/strong>\u00a09788413822242<br \/>\n<strong>Editorial:<\/strong>\u00a0Elsevier<br \/>\n<strong>Edici\u00f3n:<\/strong>\u00a08\u00aa<br \/>\n<strong>Especialidad<\/strong>: Medicina Legal y Forense<br \/>\n<strong>P\u00e1ginas<\/strong>: 1456<br \/>\n\u00a9 2024<\/p>\n","protected":false},"featured_media":10054,"comment_status":"open","ping_status":"closed","template":"","meta":{"_joinchat":[]},"product_cat":[142],"product_tag":[240,85,143],"class_list":{"0":"post-10053","1":"product","2":"type-product","3":"status-publish","4":"has-post-thumbnail","6":"product_cat-medicina-legal-y-forense","7":"product_tag-240","8":"product_tag-elsevier","9":"product_tag-medicina-legal-y-forense","11":"first","12":"instock","13":"featured","14":"taxable","15":"shipping-taxable","16":"purchasable","17":"product-type-simple"},"_links":{"self":[{"href":"https:\/\/edimeinter.com\/libreria\/wp-json\/wp\/v2\/product\/10053","targetHints":{"allow":["GET"]}}],"collection":[{"href":"https:\/\/edimeinter.com\/libreria\/wp-json\/wp\/v2\/product"}],"about":[{"href":"https:\/\/edimeinter.com\/libreria\/wp-json\/wp\/v2\/types\/product"}],"replies":[{"embeddable":true,"href":"https:\/\/edimeinter.com\/libreria\/wp-json\/wp\/v2\/comments?post=10053"}],"version-history":[{"count":1,"href":"https:\/\/edimeinter.com\/libreria\/wp-json\/wp\/v2\/product\/10053\/revisions"}],"predecessor-version":[{"id":14930,"href":"https:\/\/edimeinter.com\/libreria\/wp-json\/wp\/v2\/product\/10053\/revisions\/14930"}],"wp:featuredmedia":[{"embeddable":true,"href":"https:\/\/edimeinter.com\/libreria\/wp-json\/wp\/v2\/media\/10054"}],"wp:attachment":[{"href":"https:\/\/edimeinter.com\/libreria\/wp-json\/wp\/v2\/media?parent=10053"}],"wp:term":[{"taxonomy":"product_cat","embeddable":true,"href":"https:\/\/edimeinter.com\/libreria\/wp-json\/wp\/v2\/product_cat?post=10053"},{"taxonomy":"product_tag","embeddable":true,"href":"https:\/\/edimeinter.com\/libreria\/wp-json\/wp\/v2\/product_tag?post=10053"}],"curies":[{"name":"wp","href":"https:\/\/api.w.org\/{rel}","templated":true}]}}