{"id":10059,"date":"2025-02-04T21:07:36","date_gmt":"2025-02-04T21:07:36","guid":{"rendered":"https:\/\/edimeinter.com\/libreria\/?post_type=product&#038;p=10059"},"modified":"2025-03-09T20:37:32","modified_gmt":"2025-03-09T20:37:32","slug":"thompson-y-thompson-genetica-y-genomica-en-medicina-9a-edicion","status":"publish","type":"product","link":"https:\/\/edimeinter.com\/libreria\/product\/thompson-y-thompson-genetica-y-genomica-en-medicina-9a-edicion\/","title":{"rendered":"Thompson y Thompson. Gen\u00e9tica y gen\u00f3mica en medicina. 9\u00aa Edici\u00f3n"},"content":{"rendered":"\t\t<div data-elementor-type=\"wp-post\" data-elementor-id=\"10059\" class=\"elementor elementor-10059\">\n\t\t\t\t<div class=\"elementor-element elementor-element-2612b12 e-flex e-con-boxed e-con e-parent\" data-id=\"2612b12\" data-element_type=\"container\" data-e-type=\"container\">\n\t\t\t\t\t<div class=\"e-con-inner\">\n\t\t\n\t\t<div class=\"elementor-element elementor-element-498707ae elementor-widget elementor-widget-text-editor\" data-id=\"498707ae\" data-element_type=\"widget\" data-e-type=\"widget\" data-widget_type=\"text-editor.default\">\n\t\t\t\t<div class=\"elementor-widget-container\">\n\t\t\t\t\t\t\t\t\t<p>Nueva edici\u00f3n del texto de referencia en Gen\u00e9tica en el que se tratan de forma precisa los principios fundamentales de la gen\u00e9tica humana y m\u00e9dica, enfatizando en aquellos mecanismos moleculares y gen\u00e9ticos que subyacen en diferentes patolog\u00edas humanas, proporcionando as\u00ed un nuevo avance hacia la medicina personalizada.<\/p><p>La obra tiene un enfoque b\u00e1sicamente cl\u00ednico, presentando a trav\u00e9s de sus cap\u00edtulos las diferentes herramientas para poder diagnosticar y tratar de forma eficaz los diferentes trastornos de base gen\u00e9tica que afectan al ser humano. No obstante, el libro no pretende ser una obra enciclop\u00e9dica, sino una obra que permita establecer al estudiante un marco gen\u00e9rico para el conocimiento de la especialidad por parte del estudiante.<\/p><p>La nueva edici\u00f3n ha sufrido importantes cambios; en primer lugar cabe destacar la renovaci\u00f3n de todo el Editorial Board tomando el relevo 3 nuevos autores, la actualizaci\u00f3n profunda de todos los cap\u00edtulos y una renovaci\u00f3n masiva de la mayor parte de ilustraciones y esquemas.<\/p><p>Se han incluido nuevos contenidos en los que se destaca el importante papel de los test gen\u00e9ticos y pruebas de screening para un correcto diagn\u00f3stico, as\u00ed como un nuevo cap\u00edtulo sobre los \u201cPrincipios cl\u00ednicos de la epigen\u00e9tica\u0094. Se han incluido\u00a0un mayor n\u00famero de casos cl\u00ednicos para reforzar la correlaci\u00f3n cl\u00ednica\u00a0as\u00ed como\u00a0un Glosario con referencias a los casos cl\u00ednicos para facilitar la comprensi\u00f3n de los conceptos clave y facilitar la nomenclatura seg\u00fan las \u00faltimas guidelines. La nueva edici\u00f3n ofrece acceso a material adicional online en ingl\u00e9s a trav\u00e9s de e-book+.<\/p>\t\t\t\t\t\t\t\t<\/div>\n\t\t\t\t<\/div>\n\t\t\t\t\t<\/div>\n\t\t\t\t<\/div>\n\t\t\t\t<\/div>\n\t\t","protected":false},"excerpt":{"rendered":"<p><strong>Autores:<\/strong>\u00a0Ronald Cohn &amp; Stephen Scherer &amp; Ada Hamosh<br \/>\n<strong>ISBN:<\/strong>\u00a09788413826974<br \/>\n<strong>Editorial:<\/strong>\u00a0Elsevier<br \/>\n<strong>Edici\u00f3n:<\/strong>\u00a09\u00aa<br \/>\n<strong>Especialidad<\/strong>:\u00a0Gen\u00e9tica<br \/>\n<strong>P\u00e1ginas<\/strong>:\u00a0580<br \/>\n\u00a9 2024<\/p>\n","protected":false},"featured_media":10060,"comment_status":"open","ping_status":"open","template":"","meta":{"_joinchat":[]},"product_cat":[144],"product_tag":[240,85,145],"class_list":{"0":"post-10059","1":"product","2":"type-product","3":"status-publish","4":"has-post-thumbnail","6":"product_cat-genetica","7":"product_tag-240","8":"product_tag-elsevier","9":"product_tag-genetica","11":"first","12":"instock","13":"featured","14":"taxable","15":"shipping-taxable","16":"purchasable","17":"product-type-simple"},"_links":{"self":[{"href":"https:\/\/edimeinter.com\/libreria\/wp-json\/wp\/v2\/product\/10059","targetHints":{"allow":["GET"]}}],"collection":[{"href":"https:\/\/edimeinter.com\/libreria\/wp-json\/wp\/v2\/product"}],"about":[{"href":"https:\/\/edimeinter.com\/libreria\/wp-json\/wp\/v2\/types\/product"}],"replies":[{"embeddable":true,"href":"https:\/\/edimeinter.com\/libreria\/wp-json\/wp\/v2\/comments?post=10059"}],"version-history":[{"count":1,"href":"https:\/\/edimeinter.com\/libreria\/wp-json\/wp\/v2\/product\/10059\/revisions"}],"predecessor-version":[{"id":14931,"href":"https:\/\/edimeinter.com\/libreria\/wp-json\/wp\/v2\/product\/10059\/revisions\/14931"}],"wp:featuredmedia":[{"embeddable":true,"href":"https:\/\/edimeinter.com\/libreria\/wp-json\/wp\/v2\/media\/10060"}],"wp:attachment":[{"href":"https:\/\/edimeinter.com\/libreria\/wp-json\/wp\/v2\/media?parent=10059"}],"wp:term":[{"taxonomy":"product_cat","embeddable":true,"href":"https:\/\/edimeinter.com\/libreria\/wp-json\/wp\/v2\/product_cat?post=10059"},{"taxonomy":"product_tag","embeddable":true,"href":"https:\/\/edimeinter.com\/libreria\/wp-json\/wp\/v2\/product_tag?post=10059"}],"curies":[{"name":"wp","href":"https:\/\/api.w.org\/{rel}","templated":true}]}}