{"id":10065,"date":"2025-02-04T21:10:44","date_gmt":"2025-02-04T21:10:44","guid":{"rendered":"https:\/\/edimeinter.com\/libreria\/?post_type=product&#038;p=10065"},"modified":"2025-03-09T20:37:28","modified_gmt":"2025-03-09T20:37:28","slug":"mcrae-traumatologia-tratamiento-de-las-fracturas-en-urgencias-4a-edicion","status":"publish","type":"product","link":"https:\/\/edimeinter.com\/libreria\/product\/mcrae-traumatologia-tratamiento-de-las-fracturas-en-urgencias-4a-edicion\/","title":{"rendered":"McRae. Traumatolog\u00eda. Tratamiento de las fracturas en urgencias. 4\u00aa Edici\u00f3n"},"content":{"rendered":"\t\t<div data-elementor-type=\"wp-post\" data-elementor-id=\"10065\" class=\"elementor elementor-10065\">\n\t\t\t\t<div class=\"elementor-element elementor-element-2612b12 e-flex e-con-boxed e-con e-parent\" data-id=\"2612b12\" data-element_type=\"container\" data-e-type=\"container\">\n\t\t\t\t\t<div class=\"e-con-inner\">\n\t\t\n\t\t<div class=\"elementor-element elementor-element-498707ae elementor-widget elementor-widget-text-editor\" data-id=\"498707ae\" data-element_type=\"widget\" data-e-type=\"widget\" data-widget_type=\"text-editor.default\">\n\t\t\t\t<div class=\"elementor-widget-container\">\n\t\t\t\t\t\t\t\t\t<p>McRae. Traumatolog\u00eda. Tratamiento de las fracturas en urgencias es la gu\u00eda de supervivencia fundamental y m\u00e1s vendida para el cirujano ortop\u00e9dico, el m\u00e9dico en formaci\u00f3n y el especialista que tratan a pacientes lesionados en urgencias o servicios de traumatolog\u00eda. Esta cuarta edici\u00f3n se ha revisado y actualizado completamente, conservando la esencia y los principios del libro original de McRae, pero con textos e ilustraciones nuevos para mantenerlo al d\u00eda.<\/p>\t\t\t\t\t\t\t\t<\/div>\n\t\t\t\t<\/div>\n\t\t\t\t\t<\/div>\n\t\t\t\t<\/div>\n\t\t\t\t<\/div>\n\t\t","protected":false},"excerpt":{"rendered":"<p><strong>Autores:<\/strong>\u00a0Timothy O White &amp; Samuel P Mackenzie<br \/>\n<strong>ISBN:<\/strong>\u00a09788413826820<br \/>\n<strong>Editorial:<\/strong>\u00a0Elsevier<br \/>\n<strong>Edici\u00f3n:<\/strong>\u00a04\u00aa<br \/>\n<strong>Especialidad<\/strong>: Traumatolog\u00eda y Ortopedia<br \/>\n<strong>P\u00e1ginas<\/strong>: 664<br \/>\n\u00a9 2024<\/p>\n","protected":false},"featured_media":10066,"comment_status":"open","ping_status":"open","template":"","meta":{"_joinchat":[]},"product_cat":[146],"product_tag":[240,85,147],"class_list":{"0":"post-10065","1":"product","2":"type-product","3":"status-publish","4":"has-post-thumbnail","6":"product_cat-traumatologia-y-ortopedia","7":"product_tag-240","8":"product_tag-elsevier","9":"product_tag-traumatologia-y-ortopedia","11":"first","12":"instock","13":"featured","14":"taxable","15":"shipping-taxable","16":"purchasable","17":"product-type-simple"},"_links":{"self":[{"href":"https:\/\/edimeinter.com\/libreria\/wp-json\/wp\/v2\/product\/10065","targetHints":{"allow":["GET"]}}],"collection":[{"href":"https:\/\/edimeinter.com\/libreria\/wp-json\/wp\/v2\/product"}],"about":[{"href":"https:\/\/edimeinter.com\/libreria\/wp-json\/wp\/v2\/types\/product"}],"replies":[{"embeddable":true,"href":"https:\/\/edimeinter.com\/libreria\/wp-json\/wp\/v2\/comments?post=10065"}],"version-history":[{"count":1,"href":"https:\/\/edimeinter.com\/libreria\/wp-json\/wp\/v2\/product\/10065\/revisions"}],"predecessor-version":[{"id":14932,"href":"https:\/\/edimeinter.com\/libreria\/wp-json\/wp\/v2\/product\/10065\/revisions\/14932"}],"wp:featuredmedia":[{"embeddable":true,"href":"https:\/\/edimeinter.com\/libreria\/wp-json\/wp\/v2\/media\/10066"}],"wp:attachment":[{"href":"https:\/\/edimeinter.com\/libreria\/wp-json\/wp\/v2\/media?parent=10065"}],"wp:term":[{"taxonomy":"product_cat","embeddable":true,"href":"https:\/\/edimeinter.com\/libreria\/wp-json\/wp\/v2\/product_cat?post=10065"},{"taxonomy":"product_tag","embeddable":true,"href":"https:\/\/edimeinter.com\/libreria\/wp-json\/wp\/v2\/product_tag?post=10065"}],"curies":[{"name":"wp","href":"https:\/\/api.w.org\/{rel}","templated":true}]}}