{"id":10077,"date":"2025-02-04T21:17:45","date_gmt":"2025-02-04T21:17:45","guid":{"rendered":"https:\/\/edimeinter.com\/libreria\/?post_type=product&#038;p=10077"},"modified":"2025-03-09T20:37:03","modified_gmt":"2025-03-09T20:37:03","slug":"fisiologia-respiratoria-en-fisioterapia-1a-edicion","status":"publish","type":"product","link":"https:\/\/edimeinter.com\/libreria\/product\/fisiologia-respiratoria-en-fisioterapia-1a-edicion\/","title":{"rendered":"Fisiolog\u00eda respiratoria en fisioterapia. 1\u00aa Edici\u00f3n"},"content":{"rendered":"\t\t<div data-elementor-type=\"wp-post\" data-elementor-id=\"10077\" class=\"elementor elementor-10077\">\n\t\t\t\t<div class=\"elementor-element elementor-element-2612b12 e-flex e-con-boxed e-con e-parent\" data-id=\"2612b12\" data-element_type=\"container\" data-e-type=\"container\">\n\t\t\t\t\t<div class=\"e-con-inner\">\n\t\t\n\t\t<div class=\"elementor-element elementor-element-498707ae elementor-widget elementor-widget-text-editor\" data-id=\"498707ae\" data-element_type=\"widget\" data-e-type=\"widget\" data-widget_type=\"text-editor.default\">\n\t\t\t\t<div class=\"elementor-widget-container\">\n\t\t\t\t\t\t\t\t\t<p>Esta obra aborda la fisioterapia respiratoria, un componente relevante del tratamiento no solo de las enfermedades pulmonares, sino tambi\u00e9n de las enfermedades neurol\u00f3gicas y ortop\u00e9dicas que afectan a la funci\u00f3n respiratoria, as\u00ed como de las deficiencias mec\u00e1nicas respiratorias en todos los grupos de edad. Para tratar y corregir al m\u00e1ximo los procesos disfuncionales que limitan o impiden la respiraci\u00f3n, se utilizan intervenciones diagn\u00f3sticas y m\u00e9todos de tratamiento adaptados individualmente. Por ello, adem\u00e1s del conocimiento terap\u00e9utico especializado, se requiere tambi\u00e9n el conocimiento de las pruebas y directrices actuales.<\/p><p>Proporciona todo lo que necesita para saber sobre: Principios anat\u00f3micos, fisiol\u00f3gicos y patol\u00f3gicos de la v\u00eda a\u00e9rea; diagn\u00f3stico y evaluaci\u00f3n en fisioterapia respiratoria; medidas fisioterap\u00e9uticas para mejorar la ventilaci\u00f3n y favorecer la secreci\u00f3n; tratamiento de la dificultad respiratoria aguda o cr\u00f3nica; aerosolterapia; entrenamiento y relajaci\u00f3n en rehabilitaci\u00f3n respiratoria; fisioterapia respiratoria en pediatr\u00eda, en la unidad de cuidados intensivos, en cuidados intensivos de COVID y en la rehabilitaci\u00f3n de pacientes pos-COVID.<\/p><p>Numerosas ilustraciones y consejos pr\u00e1cticos facilitan la comprensi\u00f3n de los contenidos, lo que resulta id\u00f3neo para estudiantes de Fisioterapia. El libro es tambi\u00e9n una obra de referencia imprescindible para cualquier profesional de este campo.<\/p>\t\t\t\t\t\t\t\t<\/div>\n\t\t\t\t<\/div>\n\t\t\t\t\t<\/div>\n\t\t\t\t<\/div>\n\t\t\t\t<\/div>\n\t\t","protected":false},"excerpt":{"rendered":"<p><strong>Autores:<\/strong>\u00a0Beate Krenek<br \/>\n<strong>ISBN:<\/strong>\u00a09788413827261<br \/>\n<strong>Editorial:<\/strong>\u00a0Elsevier<br \/>\n<strong>Edici\u00f3n:<\/strong>\u00a01\u00aa<br \/>\n<strong>Especialidad<\/strong>: Fisioterapia<br \/>\n<strong>P\u00e1ginas<\/strong>: 246<br \/>\n\u00a9 2024<\/p>\n","protected":false},"featured_media":10078,"comment_status":"open","ping_status":"open","template":"","meta":{"_joinchat":[]},"product_cat":[111],"product_tag":[240,85,112],"class_list":{"0":"post-10077","1":"product","2":"type-product","3":"status-publish","4":"has-post-thumbnail","6":"product_cat-fisioterapia","7":"product_tag-240","8":"product_tag-elsevier","9":"product_tag-fisioterapia","11":"first","12":"instock","13":"featured","14":"taxable","15":"shipping-taxable","16":"purchasable","17":"product-type-simple"},"_links":{"self":[{"href":"https:\/\/edimeinter.com\/libreria\/wp-json\/wp\/v2\/product\/10077","targetHints":{"allow":["GET"]}}],"collection":[{"href":"https:\/\/edimeinter.com\/libreria\/wp-json\/wp\/v2\/product"}],"about":[{"href":"https:\/\/edimeinter.com\/libreria\/wp-json\/wp\/v2\/types\/product"}],"replies":[{"embeddable":true,"href":"https:\/\/edimeinter.com\/libreria\/wp-json\/wp\/v2\/comments?post=10077"}],"version-history":[{"count":1,"href":"https:\/\/edimeinter.com\/libreria\/wp-json\/wp\/v2\/product\/10077\/revisions"}],"predecessor-version":[{"id":14934,"href":"https:\/\/edimeinter.com\/libreria\/wp-json\/wp\/v2\/product\/10077\/revisions\/14934"}],"wp:featuredmedia":[{"embeddable":true,"href":"https:\/\/edimeinter.com\/libreria\/wp-json\/wp\/v2\/media\/10078"}],"wp:attachment":[{"href":"https:\/\/edimeinter.com\/libreria\/wp-json\/wp\/v2\/media?parent=10077"}],"wp:term":[{"taxonomy":"product_cat","embeddable":true,"href":"https:\/\/edimeinter.com\/libreria\/wp-json\/wp\/v2\/product_cat?post=10077"},{"taxonomy":"product_tag","embeddable":true,"href":"https:\/\/edimeinter.com\/libreria\/wp-json\/wp\/v2\/product_tag?post=10077"}],"curies":[{"name":"wp","href":"https:\/\/api.w.org\/{rel}","templated":true}]}}