{"id":10083,"date":"2025-02-04T21:47:50","date_gmt":"2025-02-04T21:47:50","guid":{"rendered":"https:\/\/edimeinter.com\/libreria\/?post_type=product&#038;p=10083"},"modified":"2025-12-17T21:48:19","modified_gmt":"2025-12-17T21:48:19","slug":"atlas-quirurgico-de-urologia-practica-2a-edicion","status":"publish","type":"product","link":"https:\/\/edimeinter.com\/libreria\/product\/atlas-quirurgico-de-urologia-practica-2a-edicion\/","title":{"rendered":"Atlas quir\u00fargico de urolog\u00eda pr\u00e1ctica. 2\u00aa Edici\u00f3n"},"content":{"rendered":"\t\t<div data-elementor-type=\"wp-post\" data-elementor-id=\"10083\" class=\"elementor elementor-10083\">\n\t\t\t\t<div class=\"elementor-element elementor-element-2612b12 e-flex e-con-boxed e-con e-parent\" data-id=\"2612b12\" data-element_type=\"container\" data-e-type=\"container\">\n\t\t\t\t\t<div class=\"e-con-inner\">\n\t\t\n\t\t<div class=\"elementor-element elementor-element-498707ae elementor-widget elementor-widget-text-editor\" data-id=\"498707ae\" data-element_type=\"widget\" data-e-type=\"widget\" data-widget_type=\"text-editor.default\">\n\t\t\t\t<div class=\"elementor-widget-container\">\n\t\t\t\t\t\t\t\t\t<p>Atlas quir\u00fargico de urolog\u00eda pr\u00e1ctica es un manual de consulta que re\u00fane informaci\u00f3n concisa, rigurosa y actualizada sobre el amplio abanico de t\u00e9cnicas quir\u00fargicas de la patolog\u00eda urogenital. Organizado en 14 secciones que abordan de forma sistem\u00e1tica las diferentes \u00e1reas de la cirug\u00eda urol\u00f3gica, comprende 135 cap\u00edtulos dedicados a detallar paso a paso cada una de las intervenciones.<\/p>\t\t\t\t\t\t\t\t<\/div>\n\t\t\t\t<\/div>\n\t\t\t\t\t<\/div>\n\t\t\t\t<\/div>\n\t\t\t\t<\/div>\n\t\t","protected":false},"excerpt":{"rendered":"<div>\n<p><strong>Autores:<\/strong>\u00a0Enrique Broseta Rico &amp; Alberto Bud\u00eda Alba &amp; Juan Pablo Burgu\u00e9s Gasi\u00f3n &amp; Saturnino Luj\u00e1n Marco<br \/>\n<strong>ISBN:<\/strong>\u00a09788491138464<br \/>\n<strong>Editorial:<\/strong>\u00a0Elsevier<br \/>\n<strong>Edici\u00f3n:<\/strong>\u00a02\u00aa<br \/>\n<strong>Especialidad<\/strong>: Urolog\u00eda<br \/>\n<strong>P\u00e1ginas<\/strong>:\u00a0810<br \/>\n\u00a9 2024<\/p>\n<\/div>\n","protected":false},"featured_media":10084,"comment_status":"open","ping_status":"closed","template":"","meta":{"_joinchat":[]},"product_cat":[148],"product_tag":[240,85,149],"class_list":{"0":"post-10083","1":"product","2":"type-product","3":"status-publish","4":"has-post-thumbnail","6":"product_cat-urologia","7":"product_tag-240","8":"product_tag-elsevier","9":"product_tag-urologia","11":"first","12":"outofstock","13":"featured","14":"taxable","15":"shipping-taxable","16":"purchasable","17":"product-type-simple"},"_links":{"self":[{"href":"https:\/\/edimeinter.com\/libreria\/wp-json\/wp\/v2\/product\/10083","targetHints":{"allow":["GET"]}}],"collection":[{"href":"https:\/\/edimeinter.com\/libreria\/wp-json\/wp\/v2\/product"}],"about":[{"href":"https:\/\/edimeinter.com\/libreria\/wp-json\/wp\/v2\/types\/product"}],"replies":[{"embeddable":true,"href":"https:\/\/edimeinter.com\/libreria\/wp-json\/wp\/v2\/comments?post=10083"}],"version-history":[{"count":1,"href":"https:\/\/edimeinter.com\/libreria\/wp-json\/wp\/v2\/product\/10083\/revisions"}],"predecessor-version":[{"id":14935,"href":"https:\/\/edimeinter.com\/libreria\/wp-json\/wp\/v2\/product\/10083\/revisions\/14935"}],"wp:featuredmedia":[{"embeddable":true,"href":"https:\/\/edimeinter.com\/libreria\/wp-json\/wp\/v2\/media\/10084"}],"wp:attachment":[{"href":"https:\/\/edimeinter.com\/libreria\/wp-json\/wp\/v2\/media?parent=10083"}],"wp:term":[{"taxonomy":"product_cat","embeddable":true,"href":"https:\/\/edimeinter.com\/libreria\/wp-json\/wp\/v2\/product_cat?post=10083"},{"taxonomy":"product_tag","embeddable":true,"href":"https:\/\/edimeinter.com\/libreria\/wp-json\/wp\/v2\/product_tag?post=10083"}],"curies":[{"name":"wp","href":"https:\/\/api.w.org\/{rel}","templated":true}]}}