{"id":10090,"date":"2025-02-04T21:51:53","date_gmt":"2025-02-04T21:51:53","guid":{"rendered":"https:\/\/edimeinter.com\/libreria\/?post_type=product&#038;p=10090"},"modified":"2026-04-10T17:25:08","modified_gmt":"2026-04-10T17:25:08","slug":"manual-harriet-lane-de-pediatria-23a-edicion","status":"publish","type":"product","link":"https:\/\/edimeinter.com\/libreria\/product\/manual-harriet-lane-de-pediatria-23a-edicion\/","title":{"rendered":"Manual Harriet Lane de pediatr\u00eda. 23\u00aa Edici\u00f3n"},"content":{"rendered":"\t\t<div data-elementor-type=\"wp-post\" data-elementor-id=\"10090\" class=\"elementor elementor-10090\">\n\t\t\t\t<div class=\"elementor-element elementor-element-2612b12 e-flex e-con-boxed e-con e-parent\" data-id=\"2612b12\" data-element_type=\"container\" data-e-type=\"container\">\n\t\t\t\t\t<div class=\"e-con-inner\">\n\t\t\n\t\t<div class=\"elementor-element elementor-element-498707ae elementor-widget elementor-widget-text-editor\" data-id=\"498707ae\" data-element_type=\"widget\" data-e-type=\"widget\" data-widget_type=\"text-editor.default\">\n\t\t\t\t<div class=\"elementor-widget-container\">\n\t\t\t\t\t\t\t\t\t<p>Cada tres a\u00f1os, el Manual Harriet Lane de pediatr\u00eda es minuciosamente actualizado por m\u00e9dicos residentes, editado por jefes de residencia y revisado por expertos del Johns Hopkins Hospital. F\u00e1cil de utilizar, conciso y completo, este manual mantiene al lector al d\u00eda de las nuevas recomendaciones y los nuevos par\u00e1metros sobre pr\u00e1ctica cl\u00ednica, farmacolog\u00eda y otras muchas \u00e1reas. Esta 23.\u00aa edici\u00f3n sigue siendo la obra de referencia en pediatr\u00eda m\u00e1s utilizada y reconocida en todo el mundo, un recurso indispensable para residentes de Pediatr\u00eda, estudiantes, enfermeras y todos los profesionales sanitarios dedicados a la atenci\u00f3n de los pacientes pedi\u00e1tricos.<\/p>\t\t\t\t\t\t\t\t<\/div>\n\t\t\t\t<\/div>\n\t\t\t\t\t<\/div>\n\t\t\t\t<\/div>\n\t\t\t\t<\/div>\n\t\t","protected":false},"excerpt":{"rendered":"<p><strong>Autores:<\/strong>\u00a0Camille C. Anderson &amp; Sunaina Kapoor &amp; Tiffany E Mark<br \/>\n<strong>ISBN:<\/strong>\u00a09788413826738<br \/>\n<strong>Editorial:<\/strong>\u00a0Elsevier<br \/>\n<strong>Edici\u00f3n:<\/strong>\u00a023\u00aa<br \/>\n<strong>Especialidad<\/strong>:\u00a0Pediatr\u00eda y Neonatolog\u00eda<br \/>\n<strong>P\u00e1ginas<\/strong>: 1312<br \/>\n\u00a9 2024<\/p>\n","protected":false},"featured_media":10091,"comment_status":"open","ping_status":"closed","template":"","meta":{"_joinchat":[]},"product_cat":[130],"product_tag":[240,85,131],"class_list":{"0":"post-10090","1":"product","2":"type-product","3":"status-publish","4":"has-post-thumbnail","6":"product_cat-pediatria-y-neonatologia","7":"product_tag-240","8":"product_tag-elsevier","9":"product_tag-pediatria-y-neonatologia","11":"first","12":"outofstock","13":"featured","14":"taxable","15":"shipping-taxable","16":"purchasable","17":"product-type-simple"},"_links":{"self":[{"href":"https:\/\/edimeinter.com\/libreria\/wp-json\/wp\/v2\/product\/10090","targetHints":{"allow":["GET"]}}],"collection":[{"href":"https:\/\/edimeinter.com\/libreria\/wp-json\/wp\/v2\/product"}],"about":[{"href":"https:\/\/edimeinter.com\/libreria\/wp-json\/wp\/v2\/types\/product"}],"replies":[{"embeddable":true,"href":"https:\/\/edimeinter.com\/libreria\/wp-json\/wp\/v2\/comments?post=10090"}],"version-history":[{"count":3,"href":"https:\/\/edimeinter.com\/libreria\/wp-json\/wp\/v2\/product\/10090\/revisions"}],"predecessor-version":[{"id":16227,"href":"https:\/\/edimeinter.com\/libreria\/wp-json\/wp\/v2\/product\/10090\/revisions\/16227"}],"wp:featuredmedia":[{"embeddable":true,"href":"https:\/\/edimeinter.com\/libreria\/wp-json\/wp\/v2\/media\/10091"}],"wp:attachment":[{"href":"https:\/\/edimeinter.com\/libreria\/wp-json\/wp\/v2\/media?parent=10090"}],"wp:term":[{"taxonomy":"product_cat","embeddable":true,"href":"https:\/\/edimeinter.com\/libreria\/wp-json\/wp\/v2\/product_cat?post=10090"},{"taxonomy":"product_tag","embeddable":true,"href":"https:\/\/edimeinter.com\/libreria\/wp-json\/wp\/v2\/product_tag?post=10090"}],"curies":[{"name":"wp","href":"https:\/\/api.w.org\/{rel}","templated":true}]}}