{"id":10102,"date":"2025-02-04T22:13:44","date_gmt":"2025-02-04T22:13:44","guid":{"rendered":"https:\/\/edimeinter.com\/libreria\/?post_type=product&#038;p=10102"},"modified":"2025-03-09T20:34:20","modified_gmt":"2025-03-09T20:34:20","slug":"atlas-de-anatomia-palpatoria-tomo-1-cuello-tronco-y-miembro-superior-5a-edicion","status":"publish","type":"product","link":"https:\/\/edimeinter.com\/libreria\/product\/atlas-de-anatomia-palpatoria-tomo-1-cuello-tronco-y-miembro-superior-5a-edicion\/","title":{"rendered":"Atlas de anatom\u00eda palpatoria. Tomo 1. Cuello, tronco y miembro superior. 5\u00aa Edici\u00f3n"},"content":{"rendered":"\t\t<div data-elementor-type=\"wp-post\" data-elementor-id=\"10102\" class=\"elementor elementor-10102\">\n\t\t\t\t<div class=\"elementor-element elementor-element-2612b12 e-flex e-con-boxed e-con e-parent\" data-id=\"2612b12\" data-element_type=\"container\" data-e-type=\"container\">\n\t\t\t\t\t<div class=\"e-con-inner\">\n\t\t\n\t\t<div class=\"elementor-element elementor-element-498707ae elementor-widget elementor-widget-text-editor\" data-id=\"498707ae\" data-element_type=\"widget\" data-e-type=\"widget\" data-widget_type=\"text-editor.default\">\n\t\t\t\t<div class=\"elementor-widget-container\">\n\t\t\t\t\t\t\t\t\t<p>Este Atlas de anatom\u00eda palpatoria se ha consolidado como la herramienta de referencia para comprender la anatom\u00eda pr\u00e1ctica y cl\u00ednica del miembro superior. Permite un mejor abordaje diagn\u00f3stico, ya que la palpaci\u00f3n constituye una de las etapas clave de la exploraci\u00f3n f\u00edsica; y una mejor aplicaci\u00f3n de las t\u00e9cnicas manuales (articulares, miotensivas y de neuromovilizaci\u00f3n).<\/p><p><b><strong>\u00a0<\/strong><\/b><\/p><p>La obra est\u00e1 organizada en cuatro partes: Osteolog\u00eda, Artrolog\u00eda, Miolog\u00eda y Nervios y vasos, y presenta de forma concreta las diferentes regiones anat\u00f3micas (cuello, tronco y sacro, hombro, brazo, codo, antebrazo, mu\u00f1eca y mano), mediante 60 l\u00e1minas anat\u00f3micas en color y cerca de 500 fotograf\u00edas en blanco y negro, captadas todas ellas en personas vivas, que permiten apreciar con m\u00e1s claridad y precisi\u00f3n los vol\u00famenes y las estructuras anat\u00f3micas (huesos, tendones, m\u00fasculos, superficies articulares y ligamentos).<\/p><p>Fiel al esp\u00edritu de la edici\u00f3n previa, esta quinta edici\u00f3n ofrece un contenido desglosado en estructuras y regiones anat\u00f3micas, conforme a los programas docentes, todo ello con un dise\u00f1o en color que facilita la localizaci\u00f3n de los contenidos.<\/p><p>Esta quinta edici\u00f3n incluye im\u00e1genes y l\u00e1minas anat\u00f3micas revisadas y actualizadas (n\u00fameros en las estructuras palpadas, contraste de las im\u00e1genes); fotograf\u00edas optimizadas que permiten una mejor legibilidad de los vol\u00famenes; y nuevas flechas en la punta de los dedos del terapeuta que realiza la palpaci\u00f3n, para mayor precisi\u00f3n.<\/p>\t\t\t\t\t\t\t\t<\/div>\n\t\t\t\t<\/div>\n\t\t\t\t\t<\/div>\n\t\t\t\t<\/div>\n\t\t\t\t<\/div>\n\t\t","protected":false},"excerpt":{"rendered":"<p><strong>Autores:<\/strong>\u00a0Serge Tixa<br \/>\n<strong>ISBN:<\/strong>\u00a09788413826950<br \/>\n<strong>Editorial:<\/strong>\u00a0Elsevier<br \/>\n<strong>Edici\u00f3n:<\/strong>\u00a05\u00aa<br \/>\n<strong>Especialidad<\/strong>:\u00a0Fisioterapia<br \/>\n<strong>P\u00e1ginas<\/strong>: 338<br \/>\n\u00a9 2024<\/p>\n","protected":false},"featured_media":10103,"comment_status":"open","ping_status":"open","template":"","meta":{"_joinchat":[]},"product_cat":[111],"product_tag":[240,85,112],"class_list":{"0":"post-10102","1":"product","2":"type-product","3":"status-publish","4":"has-post-thumbnail","6":"product_cat-fisioterapia","7":"product_tag-240","8":"product_tag-elsevier","9":"product_tag-fisioterapia","11":"first","12":"instock","13":"featured","14":"taxable","15":"shipping-taxable","16":"purchasable","17":"product-type-simple"},"_links":{"self":[{"href":"https:\/\/edimeinter.com\/libreria\/wp-json\/wp\/v2\/product\/10102","targetHints":{"allow":["GET"]}}],"collection":[{"href":"https:\/\/edimeinter.com\/libreria\/wp-json\/wp\/v2\/product"}],"about":[{"href":"https:\/\/edimeinter.com\/libreria\/wp-json\/wp\/v2\/types\/product"}],"replies":[{"embeddable":true,"href":"https:\/\/edimeinter.com\/libreria\/wp-json\/wp\/v2\/comments?post=10102"}],"version-history":[{"count":1,"href":"https:\/\/edimeinter.com\/libreria\/wp-json\/wp\/v2\/product\/10102\/revisions"}],"predecessor-version":[{"id":14939,"href":"https:\/\/edimeinter.com\/libreria\/wp-json\/wp\/v2\/product\/10102\/revisions\/14939"}],"wp:featuredmedia":[{"embeddable":true,"href":"https:\/\/edimeinter.com\/libreria\/wp-json\/wp\/v2\/media\/10103"}],"wp:attachment":[{"href":"https:\/\/edimeinter.com\/libreria\/wp-json\/wp\/v2\/media?parent=10102"}],"wp:term":[{"taxonomy":"product_cat","embeddable":true,"href":"https:\/\/edimeinter.com\/libreria\/wp-json\/wp\/v2\/product_cat?post=10102"},{"taxonomy":"product_tag","embeddable":true,"href":"https:\/\/edimeinter.com\/libreria\/wp-json\/wp\/v2\/product_tag?post=10102"}],"curies":[{"name":"wp","href":"https:\/\/api.w.org\/{rel}","templated":true}]}}