{"id":10108,"date":"2025-02-04T22:16:46","date_gmt":"2025-02-04T22:16:46","guid":{"rendered":"https:\/\/edimeinter.com\/libreria\/?post_type=product&#038;p=10108"},"modified":"2025-06-06T22:27:50","modified_gmt":"2025-06-06T22:27:50","slug":"goldman-cecil-tratado-de-medicina-interna-27a-edicion","status":"publish","type":"product","link":"https:\/\/edimeinter.com\/libreria\/product\/goldman-cecil-tratado-de-medicina-interna-27a-edicion\/","title":{"rendered":"Goldman-Cecil. Tratado de medicina interna. 27\u00aa Edici\u00f3n"},"content":{"rendered":"\t\t<div data-elementor-type=\"wp-post\" data-elementor-id=\"10108\" class=\"elementor elementor-10108\">\n\t\t\t\t<div class=\"elementor-element elementor-element-2612b12 e-flex e-con-boxed e-con e-parent\" data-id=\"2612b12\" data-element_type=\"container\" data-e-type=\"container\">\n\t\t\t\t\t<div class=\"e-con-inner\">\n\t\t\n\t\t<div class=\"elementor-element elementor-element-498707ae elementor-widget elementor-widget-text-editor\" data-id=\"498707ae\" data-element_type=\"widget\" data-e-type=\"widget\" data-widget_type=\"text-editor.default\">\n\t\t\t\t<div class=\"elementor-widget-container\">\n\t\t\t\t\t\t\t\t\t<p>A lo largo de m\u00e1s de noventa y cinco a\u00f1os, Goldman-Cecil. Tratado de medicina interna ha sido la fuente m\u00e1s autorizada en medicina interna y atenci\u00f3n a pacientes adultos. Todos sus cap\u00edtulos son redactados por reconocidos especialistas, con el asesoramiento de los directores de la obra, y proporcionan informaci\u00f3n definitiva y objetiva sobre el diagn\u00f3stico y el tratamiento de miles de enfermedades, tanto frecuentes como raras, siempre fundamentada en un minucioso conocimiento de su epidemiolog\u00eda y su biopatolog\u00eda, as\u00ed como en la m\u00e1s actualizada bibliograf\u00eda m\u00e9dica.<\/p>\t\t\t\t\t\t\t\t<\/div>\n\t\t\t\t<\/div>\n\t\t\t\t\t<\/div>\n\t\t\t\t<\/div>\n\t\t\t\t<\/div>\n\t\t","protected":false},"excerpt":{"rendered":"<p><strong>Autores:<\/strong>\u00a0Lee Goldman &amp; Kathleen A. Cooney<br \/>\n<strong>ISBN:<\/strong>\u00a09788413827230<br \/>\n<strong>Editorial:<\/strong>\u00a0Elsevier<br \/>\n<strong>Edici\u00f3n:<\/strong>\u00a027\u00aa<br \/>\n<strong>Especialidad<\/strong>:\u00a0Medicina Interna<br \/>\n<strong>P\u00e1ginas<\/strong>: 2904<br \/>\n\u00a9 2024<\/p>\n","protected":false},"featured_media":10109,"comment_status":"open","ping_status":"closed","template":"","meta":{"_joinchat":[]},"product_cat":[150],"product_tag":[240,85,151],"class_list":{"0":"post-10108","1":"product","2":"type-product","3":"status-publish","4":"has-post-thumbnail","6":"product_cat-medicina-interna","7":"product_tag-240","8":"product_tag-elsevier","9":"product_tag-medicina-interna","11":"first","12":"instock","13":"featured","14":"taxable","15":"shipping-taxable","16":"purchasable","17":"product-type-simple"},"_links":{"self":[{"href":"https:\/\/edimeinter.com\/libreria\/wp-json\/wp\/v2\/product\/10108","targetHints":{"allow":["GET"]}}],"collection":[{"href":"https:\/\/edimeinter.com\/libreria\/wp-json\/wp\/v2\/product"}],"about":[{"href":"https:\/\/edimeinter.com\/libreria\/wp-json\/wp\/v2\/types\/product"}],"replies":[{"embeddable":true,"href":"https:\/\/edimeinter.com\/libreria\/wp-json\/wp\/v2\/comments?post=10108"}],"version-history":[{"count":2,"href":"https:\/\/edimeinter.com\/libreria\/wp-json\/wp\/v2\/product\/10108\/revisions"}],"predecessor-version":[{"id":16220,"href":"https:\/\/edimeinter.com\/libreria\/wp-json\/wp\/v2\/product\/10108\/revisions\/16220"}],"wp:featuredmedia":[{"embeddable":true,"href":"https:\/\/edimeinter.com\/libreria\/wp-json\/wp\/v2\/media\/10109"}],"wp:attachment":[{"href":"https:\/\/edimeinter.com\/libreria\/wp-json\/wp\/v2\/media?parent=10108"}],"wp:term":[{"taxonomy":"product_cat","embeddable":true,"href":"https:\/\/edimeinter.com\/libreria\/wp-json\/wp\/v2\/product_cat?post=10108"},{"taxonomy":"product_tag","embeddable":true,"href":"https:\/\/edimeinter.com\/libreria\/wp-json\/wp\/v2\/product_tag?post=10108"}],"curies":[{"name":"wp","href":"https:\/\/api.w.org\/{rel}","templated":true}]}}