{"id":10115,"date":"2025-02-04T22:41:44","date_gmt":"2025-02-04T22:41:44","guid":{"rendered":"https:\/\/edimeinter.com\/libreria\/?post_type=product&#038;p=10115"},"modified":"2026-01-27T22:42:52","modified_gmt":"2026-01-27T22:42:52","slug":"farreras-rozman-medicina-interna-20a-edicion","status":"publish","type":"product","link":"https:\/\/edimeinter.com\/libreria\/product\/farreras-rozman-medicina-interna-20a-edicion\/","title":{"rendered":"Farreras Rozman. Medicina Interna. 20\u00aa Edici\u00f3n"},"content":{"rendered":"\t\t<div data-elementor-type=\"wp-post\" data-elementor-id=\"10115\" class=\"elementor elementor-10115\">\n\t\t\t\t<div class=\"elementor-element elementor-element-2612b12 e-flex e-con-boxed e-con e-parent\" data-id=\"2612b12\" data-element_type=\"container\" data-e-type=\"container\">\n\t\t\t\t\t<div class=\"e-con-inner\">\n\t\t\n\t\t<div class=\"elementor-element elementor-element-498707ae elementor-widget elementor-widget-text-editor\" data-id=\"498707ae\" data-element_type=\"widget\" data-e-type=\"widget\" data-widget_type=\"text-editor.default\">\n\t\t\t\t<div class=\"elementor-widget-container\">\n\t\t\t\t\t\t\t\t\t<p>Publicada de manera ininterrumpida desde 1929, Farreras-Rozman. Medicina Interna se ha convertido en la fuente por antonomasia de la especialidad en Espa\u00f1a y Latinoam\u00e9rica. Concebida, dise\u00f1ada y estructurada desde sus inicios tanto para la docencia como para la pr\u00e1ctica cl\u00ednica, aporta una visi\u00f3n integrada del abordaje del paciente, motivo por el cual sigue siendo el texto imprescindible para las nuevas generaciones de estudiantes y profesionales de la Medicina Interna, pero tambi\u00e9n de otras especialidades de las Ciencias de la Salud.<\/p><p>Esta vig\u00e9sima edici\u00f3n mantiene la consolidada presentaci\u00f3n en dos vol\u00famenes y 20 secciones, as\u00ed como su clara y uniforme estructura de las entidades nosol\u00f3gicas -concepto, etiolog\u00eda, patogenia, cuadro cl\u00ednico, diagn\u00f3stico, pron\u00f3stico, tratamiento y prevenci\u00f3n-, que constituyen el cuerpo doctrinal de la Medicina. Proporciona la informaci\u00f3n clave y el conocimiento esencial para el aprendizaje y la ense\u00f1anza gracias a un contenido plenamente actualizado.<\/p><p>Incluye nuevos cap\u00edtulos: \u00abPerspectiva de la interacci\u00f3n sexo-g\u00e9nero en medicina\u00bb, \u00abInhibidores de puntos de control y enfermedades sist\u00e9micas\u00bb, \u00abCronicidad y complejidad cr\u00f3nica\u00bb, \u00abMedicina transg\u00e9nero y atenci\u00f3n psicosanitaria a las personas con diversidad de g\u00e9nero\u00bb, \u00abInfecciones por coronavirus: SARS, MERS y SARS-CoV-2 (COVID-19)\u00bb y \u00abNanotoxicolog\u00eda\u00bb.<\/p><p>Incorpora en cada cap\u00edtulo un nuevo apartado de \u00abPuntos clave\u00bb, que facilita la retenci\u00f3n de los aspectos fundamentales de cada tema. Contiene m\u00e1s de 550 tablas y 950 fotograf\u00edas e ilustraciones en color, que refuerzan y complementan el texto.<\/p><p>Actualiza el \u00fatil ap\u00e9ndice \u00abTablas de referencia y valores normales de las pruebas de laboratorio m\u00e1s habituales\u00bb, y cuenta con un exhaustivo \u00edndice alfab\u00e9tico, elaborado a partir de una minuciosa y razonada elecci\u00f3n, que permite localizar y consultar r\u00e1pidamente el contenido. Incorpora nuevos colaboradores expertos en sus \u00e1mbitos respectivos, tanto de Espa\u00f1a como de Latinoam\u00e9rica, que se integran en un equipo de prestigio ya consolidado.<\/p><p>Farreras-Rozman. Medicina Interna, 20<sup>a<\/sup>. ed., constituye una s\u00edntesis excepcional de los temas fundamentales de la especialidad, con un perfecto equilibrio entre los dos objetivos fundamentales: un enfoque cl\u00ednico necesariamente pr\u00e1ctico, por una parte, y, por otra, un gran rigor acad\u00e9mico y did\u00e1ctico.<\/p>\t\t\t\t\t\t\t\t<\/div>\n\t\t\t\t<\/div>\n\t\t\t\t\t<\/div>\n\t\t\t\t<\/div>\n\t\t\t\t<\/div>\n\t\t","protected":false},"excerpt":{"rendered":"<p><strong>Autores:<\/strong>\u00a0Ciril Rozman Borstnar &amp; Francesc Cardellach<br \/>\n<strong>ISBN:<\/strong>\u00a09788413824864<br \/>\n<strong>Editorial:<\/strong>\u00a0Elsevier<br \/>\n<strong>Edici\u00f3n:<\/strong>\u00a020\u00aa<br \/>\n<strong>Especialidad<\/strong>:\u00a0Medicina Interna<br \/>\n<strong>P\u00e1ginas<\/strong>: 2952<br \/>\n\u00a9 2024<\/p>\n","protected":false},"featured_media":10116,"comment_status":"open","ping_status":"closed","template":"","meta":{"_joinchat":[]},"product_cat":[150],"product_tag":[240,85,151],"class_list":{"0":"post-10115","1":"product","2":"type-product","3":"status-publish","4":"has-post-thumbnail","6":"product_cat-medicina-interna","7":"product_tag-240","8":"product_tag-elsevier","9":"product_tag-medicina-interna","11":"first","12":"instock","13":"featured","14":"taxable","15":"shipping-taxable","16":"purchasable","17":"product-type-simple"},"_links":{"self":[{"href":"https:\/\/edimeinter.com\/libreria\/wp-json\/wp\/v2\/product\/10115","targetHints":{"allow":["GET"]}}],"collection":[{"href":"https:\/\/edimeinter.com\/libreria\/wp-json\/wp\/v2\/product"}],"about":[{"href":"https:\/\/edimeinter.com\/libreria\/wp-json\/wp\/v2\/types\/product"}],"replies":[{"embeddable":true,"href":"https:\/\/edimeinter.com\/libreria\/wp-json\/wp\/v2\/comments?post=10115"}],"version-history":[{"count":1,"href":"https:\/\/edimeinter.com\/libreria\/wp-json\/wp\/v2\/product\/10115\/revisions"}],"predecessor-version":[{"id":14941,"href":"https:\/\/edimeinter.com\/libreria\/wp-json\/wp\/v2\/product\/10115\/revisions\/14941"}],"wp:featuredmedia":[{"embeddable":true,"href":"https:\/\/edimeinter.com\/libreria\/wp-json\/wp\/v2\/media\/10116"}],"wp:attachment":[{"href":"https:\/\/edimeinter.com\/libreria\/wp-json\/wp\/v2\/media?parent=10115"}],"wp:term":[{"taxonomy":"product_cat","embeddable":true,"href":"https:\/\/edimeinter.com\/libreria\/wp-json\/wp\/v2\/product_cat?post=10115"},{"taxonomy":"product_tag","embeddable":true,"href":"https:\/\/edimeinter.com\/libreria\/wp-json\/wp\/v2\/product_tag?post=10115"}],"curies":[{"name":"wp","href":"https:\/\/api.w.org\/{rel}","templated":true}]}}