{"id":10121,"date":"2025-02-04T22:45:52","date_gmt":"2025-02-04T22:45:52","guid":{"rendered":"https:\/\/edimeinter.com\/libreria\/?post_type=product&#038;p=10121"},"modified":"2025-03-09T20:34:06","modified_gmt":"2025-03-09T20:34:06","slug":"rang-y-dale-farmacologia-10a-edicion","status":"publish","type":"product","link":"https:\/\/edimeinter.com\/libreria\/product\/rang-y-dale-farmacologia-10a-edicion\/","title":{"rendered":"Rang y Dale. Farmacolog\u00eda. 10\u00aa Edici\u00f3n"},"content":{"rendered":"\t\t<div data-elementor-type=\"wp-post\" data-elementor-id=\"10121\" class=\"elementor elementor-10121\">\n\t\t\t\t<div class=\"elementor-element elementor-element-2612b12 e-flex e-con-boxed e-con e-parent\" data-id=\"2612b12\" data-element_type=\"container\" data-e-type=\"container\">\n\t\t\t\t\t<div class=\"e-con-inner\">\n\t\t\n\t\t<div class=\"elementor-element elementor-element-498707ae elementor-widget elementor-widget-text-editor\" data-id=\"498707ae\" data-element_type=\"widget\" data-e-type=\"widget\" data-widget_type=\"text-editor.default\">\n\t\t\t\t<div class=\"elementor-widget-container\">\n\t\t\t\t\t\t\t\t\t<p>Nueva edici\u00f3n del texto cl\u00e1sico en Farmacolog\u00eda y de referencia para los estudiantes de Medicina en el que se aborda de forma exhaustiva, pero clara y organizada el mecanismo de acci\u00f3n de los f\u00e1rmacos m\u00e1s com\u00fanmente usados, tanto a nivel molecular o celular, como de los mecanismos fisiol\u00f3gicos sobre los que act\u00faan.Se ha mantenido la organizaci\u00f3n general del libro, dividido en 6 grandes secciones en las que se ofrece una descripci\u00f3n de los efectos y usos de los diferentes f\u00e1rmacos junto con su acci\u00f3n sobre las v\u00edas de se\u00f1alizaci\u00f3n subyacentes a todos los procesos fisiol\u00f3gicos que ocurren en el ser humano.<\/p><p>En cuanto a las novedades, si bien todos los cap\u00edtulos se han actualizado, algunos de ellos han sufrido grandes cambios. As\u00ed cabe destacar: Cap 5 (se han incluido un mayor n\u00famero de f\u00e1rmacos RNA), Cap 24 (recientes avances en la medici\u00f3n de la presi\u00f3n de ox\u00edgeno), Cap 40 (se ha puesto el foco en el Alzheimer y la demencia vascular y la asociada a los cuerpos de Levy), Cap 43 (nueva secci\u00f3n destinada al tratamiento del dolor cr\u00f3nico), Cap 51 (nuevos diagramas que ilustran los lugares de acci\u00f3n de los antibi\u00f3ticos a nivel de los ribosomas), Cap 53 (informaci\u00f3n sobre el modo de replicaci\u00f3n de los retrovirales y una secci\u00f3n espec\u00edfica de Covid19) y Cap 57 ( gran y amplia cobertura de los nuevos f\u00e1rmacos anticancerosos). Se ha introducido dos nuevos cap\u00edtulos. Uno de ellos dedicado a la Farmacolog\u00eda ocular y otro dedicado al tratamiento farmacol\u00f3gico de la migra\u00f1a en el que se incluyen los nuevos antagonistas de CGRP y su uso profil\u00e1ctico para la migra\u00f1a.<\/p><p>La nueva edici\u00f3n incluye acceso a contenido online en ingl\u00e9s a trav\u00e9s de la plataforma e-book+ en la que se encuentra el e-book, un banco de casos cl\u00ednicos, videos y otros recursos did\u00e1cticos.<\/p>\t\t\t\t\t\t\t\t<\/div>\n\t\t\t\t<\/div>\n\t\t\t\t\t<\/div>\n\t\t\t\t<\/div>\n\t\t\t\t<\/div>\n\t\t","protected":false},"excerpt":{"rendered":"<p><strong>Autores:<\/strong>\u00a0James M. Ritter &amp; Rod J. Flower &amp; Graeme Henderson &amp; Yoon Kong Loke &amp; David MacEwan<br \/>\n<strong>ISBN:<\/strong>\u00a09788413826905<br \/>\n<strong>Editorial:<\/strong>\u00a0Elsevier<br \/>\n<strong>Edici\u00f3n:<\/strong>\u00a010\u00aa<br \/>\n<strong>Especialidad<\/strong>:\u00a0Farmacolog\u00eda<br \/>\n<strong>P\u00e1ginas<\/strong>:\u00a0872<br \/>\n\u00a9 2024<\/p>\n","protected":false},"featured_media":10122,"comment_status":"open","ping_status":"open","template":"","meta":{"_joinchat":[]},"product_cat":[152],"product_tag":[240,85,153],"class_list":{"0":"post-10121","1":"product","2":"type-product","3":"status-publish","4":"has-post-thumbnail","6":"product_cat-farmacologia","7":"product_tag-240","8":"product_tag-elsevier","9":"product_tag-farmacologia","11":"first","12":"instock","13":"featured","14":"taxable","15":"shipping-taxable","16":"purchasable","17":"product-type-simple"},"_links":{"self":[{"href":"https:\/\/edimeinter.com\/libreria\/wp-json\/wp\/v2\/product\/10121","targetHints":{"allow":["GET"]}}],"collection":[{"href":"https:\/\/edimeinter.com\/libreria\/wp-json\/wp\/v2\/product"}],"about":[{"href":"https:\/\/edimeinter.com\/libreria\/wp-json\/wp\/v2\/types\/product"}],"replies":[{"embeddable":true,"href":"https:\/\/edimeinter.com\/libreria\/wp-json\/wp\/v2\/comments?post=10121"}],"version-history":[{"count":1,"href":"https:\/\/edimeinter.com\/libreria\/wp-json\/wp\/v2\/product\/10121\/revisions"}],"predecessor-version":[{"id":14942,"href":"https:\/\/edimeinter.com\/libreria\/wp-json\/wp\/v2\/product\/10121\/revisions\/14942"}],"wp:featuredmedia":[{"embeddable":true,"href":"https:\/\/edimeinter.com\/libreria\/wp-json\/wp\/v2\/media\/10122"}],"wp:attachment":[{"href":"https:\/\/edimeinter.com\/libreria\/wp-json\/wp\/v2\/media?parent=10121"}],"wp:term":[{"taxonomy":"product_cat","embeddable":true,"href":"https:\/\/edimeinter.com\/libreria\/wp-json\/wp\/v2\/product_cat?post=10121"},{"taxonomy":"product_tag","embeddable":true,"href":"https:\/\/edimeinter.com\/libreria\/wp-json\/wp\/v2\/product_tag?post=10121"}],"curies":[{"name":"wp","href":"https:\/\/api.w.org\/{rel}","templated":true}]}}