{"id":10128,"date":"2025-02-04T22:49:10","date_gmt":"2025-02-04T22:49:10","guid":{"rendered":"https:\/\/edimeinter.com\/libreria\/?post_type=product&#038;p=10128"},"modified":"2025-10-12T01:30:21","modified_gmt":"2025-10-12T01:30:21","slug":"lipidologia-clinica-3a-edicion","status":"publish","type":"product","link":"https:\/\/edimeinter.com\/libreria\/product\/lipidologia-clinica-3a-edicion\/","title":{"rendered":"Lipidolog\u00eda cl\u00ednica. 3\u00aa Edici\u00f3n"},"content":{"rendered":"\t\t<div data-elementor-type=\"wp-post\" data-elementor-id=\"10128\" class=\"elementor elementor-10128\">\n\t\t\t\t<div class=\"elementor-element elementor-element-2612b12 e-flex e-con-boxed e-con e-parent\" data-id=\"2612b12\" data-element_type=\"container\" data-e-type=\"container\">\n\t\t\t\t\t<div class=\"e-con-inner\">\n\t\t\n\t\t<div class=\"elementor-element elementor-element-498707ae elementor-widget elementor-widget-text-editor\" data-id=\"498707ae\" data-element_type=\"widget\" data-e-type=\"widget\" data-widget_type=\"text-editor.default\">\n\t\t\t\t<div class=\"elementor-widget-container\">\n\t\t\t\t\t\t\t\t\t<p>Lipidolog\u00eda cl\u00ednica proporciona a los cl\u00ednicos una gu\u00eda clara y autorizada para el tratamiento de los pacientes con niveles elevados de colesterol y otros trastornos lip\u00eddicos aterog\u00e9nicos. Un recurso inestimable para cardi\u00f3logos, lipid\u00f3logos, endocrin\u00f3logos e internistas, esta obra \u00fanica cubre desde la ciencia b\u00e1sica y la patogenia de la enfermedad aterotromb\u00f3tica hasta la evaluaci\u00f3n del riesgo y las m\u00e1s recientes opciones terap\u00e9uticas. Totalmente actualizada, esta tercera edici\u00f3n ofrece una cobertura exhaustiva y completa de la lipidolog\u00eda.<\/p>\t\t\t\t\t\t\t\t<\/div>\n\t\t\t\t<\/div>\n\t\t\t\t\t<\/div>\n\t\t\t\t<\/div>\n\t\t\t\t<\/div>\n\t\t","protected":false},"excerpt":{"rendered":"<p><strong>Autores:<\/strong>\u00a0Christie M. Ballantyne<br \/>\n<strong>ISBN:<\/strong>\u00a09788413827384<br \/>\n<strong>Editorial:<\/strong>\u00a0Elsevier<br \/>\n<strong>Edici\u00f3n:<\/strong>\u00a03\u00aa<br \/>\n<strong>Especialidad<\/strong>:\u00a0Medicina Interna<br \/>\n<strong>P\u00e1ginas<\/strong>: 424<br \/>\n\u00a9 2024<\/p>\n","protected":false},"featured_media":10129,"comment_status":"open","ping_status":"closed","template":"","meta":{"_joinchat":[]},"product_cat":[150],"product_tag":[240,85,151],"class_list":{"0":"post-10128","1":"product","2":"type-product","3":"status-publish","4":"has-post-thumbnail","6":"product_cat-medicina-interna","7":"product_tag-240","8":"product_tag-elsevier","9":"product_tag-medicina-interna","11":"first","12":"instock","13":"featured","14":"taxable","15":"shipping-taxable","16":"purchasable","17":"product-type-simple"},"_links":{"self":[{"href":"https:\/\/edimeinter.com\/libreria\/wp-json\/wp\/v2\/product\/10128","targetHints":{"allow":["GET"]}}],"collection":[{"href":"https:\/\/edimeinter.com\/libreria\/wp-json\/wp\/v2\/product"}],"about":[{"href":"https:\/\/edimeinter.com\/libreria\/wp-json\/wp\/v2\/types\/product"}],"replies":[{"embeddable":true,"href":"https:\/\/edimeinter.com\/libreria\/wp-json\/wp\/v2\/comments?post=10128"}],"version-history":[{"count":1,"href":"https:\/\/edimeinter.com\/libreria\/wp-json\/wp\/v2\/product\/10128\/revisions"}],"predecessor-version":[{"id":14943,"href":"https:\/\/edimeinter.com\/libreria\/wp-json\/wp\/v2\/product\/10128\/revisions\/14943"}],"wp:featuredmedia":[{"embeddable":true,"href":"https:\/\/edimeinter.com\/libreria\/wp-json\/wp\/v2\/media\/10129"}],"wp:attachment":[{"href":"https:\/\/edimeinter.com\/libreria\/wp-json\/wp\/v2\/media?parent=10128"}],"wp:term":[{"taxonomy":"product_cat","embeddable":true,"href":"https:\/\/edimeinter.com\/libreria\/wp-json\/wp\/v2\/product_cat?post=10128"},{"taxonomy":"product_tag","embeddable":true,"href":"https:\/\/edimeinter.com\/libreria\/wp-json\/wp\/v2\/product_tag?post=10128"}],"curies":[{"name":"wp","href":"https:\/\/api.w.org\/{rel}","templated":true}]}}