{"id":10141,"date":"2025-02-04T22:58:26","date_gmt":"2025-02-04T22:58:26","guid":{"rendered":"https:\/\/edimeinter.com\/libreria\/?post_type=product&#038;p=10141"},"modified":"2025-03-13T20:40:26","modified_gmt":"2025-03-13T20:40:26","slug":"atencion-integral-de-las-heridas-cronicas-3a-edicion","status":"publish","type":"product","link":"https:\/\/edimeinter.com\/libreria\/product\/atencion-integral-de-las-heridas-cronicas-3a-edicion\/","title":{"rendered":"Atenci\u00f3n integral de las heridas cr\u00f3nicas. 3\u00aa Edici\u00f3n"},"content":{"rendered":"\t\t<div data-elementor-type=\"wp-post\" data-elementor-id=\"10141\" class=\"elementor elementor-10141\">\n\t\t\t\t<div class=\"elementor-element elementor-element-2612b12 e-flex e-con-boxed e-con e-parent\" data-id=\"2612b12\" data-element_type=\"container\" data-e-type=\"container\">\n\t\t\t\t\t<div class=\"e-con-inner\">\n\t\t\n\t\t<div class=\"elementor-element elementor-element-498707ae elementor-widget elementor-widget-text-editor\" data-id=\"498707ae\" data-element_type=\"widget\" data-e-type=\"widget\" data-widget_type=\"text-editor.default\">\n\t\t\t\t<div class=\"elementor-widget-container\">\n\t\t\t\t\t\t\t\t\t<p><i><em>Atenci\u00f3n integral de las heridas cr\u00f3nicas<\/em><\/i>, tercera edici\u00f3n, es un compendio basado en la evidencia cient\u00edfica m\u00e1s reciente y la experiencia cl\u00ednica m\u00e1s relevante sobre la atenci\u00f3n a pacientes con heridas cr\u00f3nicas y complejas. Destacan el respeto escrupuloso a los dictados cient\u00edficos y el enfoque multiprofesional, en un manual pr\u00e1ctico, eminentemente did\u00e1ctico y de f\u00e1cil lectura, que constituir\u00e1 una herramienta de apoyo b\u00e1sico y sostenido para los profesionales involucrados en el cuidado de estos pacientes.<\/p><p>Con el objetivo de impulsar acciones de investigaci\u00f3n dentro de la comunidad enfermera, se incluyen cap\u00edtulos sobre metodolog\u00eda de investigaci\u00f3n en este entorno de actuaci\u00f3n. No en vano, desde hace veinte a\u00f1os, uno de los objetivos primordiales de la obra ha sido poner en valor el impacto de estos lesivos problemas de salud, con la intenci\u00f3n de darles la importancia que merecen en el \u00e1mbito docente y acad\u00e9mico, y mejorar as\u00ed la atenci\u00f3n a los pacientes.<\/p><p>La obra va dirigida a enfermeras y otros profesionales de la salud, as\u00ed como a docentes e investigadores involucrados o interesados en la atenci\u00f3n preventiva o terap\u00e9utica a pacientes con heridas cr\u00f3nicas y complejas.<\/p><p>Los 76 autores que han participado en la obra cuentan con una amplia experiencia cl\u00ednica y destacan por su relevancia investigadora.<\/p>\t\t\t\t\t\t\t\t<\/div>\n\t\t\t\t<\/div>\n\t\t\t\t\t<\/div>\n\t\t\t\t<\/div>\n\t\t\t\t<\/div>\n\t\t","protected":false},"excerpt":{"rendered":"<p><strong>Autores:<\/strong>\u00a0Francisco Pedro Garc\u00eda Fern\u00e1ndez &amp; Jos\u00e9 Javier Soldevilla Agreda &amp; Joan Enric Torra I Bou<br \/>\n<strong>ISBN:<\/strong>\u00a09788413825335<br \/>\n<strong>Editorial:<\/strong>\u00a0Elsevier<br \/>\n<strong>Edici\u00f3n:<\/strong>\u00a07\u00aa<br \/>\n<strong>Especialidad<\/strong>: Enfermer\u00eda<br \/>\n<strong>P\u00e1ginas<\/strong>: 500<br \/>\n\u00a9 2024<\/p>\n","protected":false},"featured_media":10142,"comment_status":"open","ping_status":"open","template":"","meta":{"_joinchat":[]},"product_cat":[115],"product_tag":[240,85,82],"class_list":{"0":"post-10141","1":"product","2":"type-product","3":"status-publish","4":"has-post-thumbnail","6":"product_cat-enfermeria","7":"product_tag-240","8":"product_tag-elsevier","9":"product_tag-enfermeria","11":"first","12":"instock","13":"featured","14":"taxable","15":"shipping-taxable","16":"purchasable","17":"product-type-simple"},"_links":{"self":[{"href":"https:\/\/edimeinter.com\/libreria\/wp-json\/wp\/v2\/product\/10141","targetHints":{"allow":["GET"]}}],"collection":[{"href":"https:\/\/edimeinter.com\/libreria\/wp-json\/wp\/v2\/product"}],"about":[{"href":"https:\/\/edimeinter.com\/libreria\/wp-json\/wp\/v2\/types\/product"}],"replies":[{"embeddable":true,"href":"https:\/\/edimeinter.com\/libreria\/wp-json\/wp\/v2\/comments?post=10141"}],"version-history":[{"count":2,"href":"https:\/\/edimeinter.com\/libreria\/wp-json\/wp\/v2\/product\/10141\/revisions"}],"predecessor-version":[{"id":16129,"href":"https:\/\/edimeinter.com\/libreria\/wp-json\/wp\/v2\/product\/10141\/revisions\/16129"}],"wp:featuredmedia":[{"embeddable":true,"href":"https:\/\/edimeinter.com\/libreria\/wp-json\/wp\/v2\/media\/10142"}],"wp:attachment":[{"href":"https:\/\/edimeinter.com\/libreria\/wp-json\/wp\/v2\/media?parent=10141"}],"wp:term":[{"taxonomy":"product_cat","embeddable":true,"href":"https:\/\/edimeinter.com\/libreria\/wp-json\/wp\/v2\/product_cat?post=10141"},{"taxonomy":"product_tag","embeddable":true,"href":"https:\/\/edimeinter.com\/libreria\/wp-json\/wp\/v2\/product_tag?post=10141"}],"curies":[{"name":"wp","href":"https:\/\/api.w.org\/{rel}","templated":true}]}}