{"id":10150,"date":"2025-02-04T23:06:32","date_gmt":"2025-02-04T23:06:32","guid":{"rendered":"https:\/\/edimeinter.com\/libreria\/?post_type=product&#038;p=10150"},"modified":"2025-11-07T22:01:28","modified_gmt":"2025-11-07T22:01:28","slug":"clasificacion-de-intervenciones-de-enfermeria-nic-8a-edicion","status":"publish","type":"product","link":"https:\/\/edimeinter.com\/libreria\/product\/clasificacion-de-intervenciones-de-enfermeria-nic-8a-edicion\/","title":{"rendered":"Clasificaci\u00f3n de Intervenciones de Enfermer\u00eda (NIC). 8\u00aa Edici\u00f3n"},"content":{"rendered":"\t\t<div data-elementor-type=\"wp-post\" data-elementor-id=\"10150\" class=\"elementor elementor-10150\">\n\t\t\t\t<div class=\"elementor-element elementor-element-2612b12 e-flex e-con-boxed e-con e-parent\" data-id=\"2612b12\" data-element_type=\"container\" data-e-type=\"container\">\n\t\t\t\t\t<div class=\"e-con-inner\">\n\t\t\n\t\t<div class=\"elementor-element elementor-element-498707ae elementor-widget elementor-widget-text-editor\" data-id=\"498707ae\" data-element_type=\"widget\" data-e-type=\"widget\" data-widget_type=\"text-editor.default\">\n\t\t\t\t<div class=\"elementor-widget-container\">\n\t\t\t\t\t\t\t\t\t<p>Seleccione las intervenciones m\u00e1s adecuadas mediante la herramienta que estandariza el lenguaje de enfermer\u00eda.<\/p><p>Este libro constituye un recurso cl\u00ednico basado en la investigaci\u00f3n, cuyo objetivo es facilitar la elecci\u00f3n de las intervenciones de enfermer\u00eda adecuadas. Ello se consigue gracias a la estandarizaci\u00f3n y la definici\u00f3n de los fundamentos de la pr\u00e1ctica enfermera, al tiempo que se comunica eficazmente la naturaleza de la enfermer\u00eda. Se incluyen cientos de intervenciones, desde la pr\u00e1ctica general hasta las diversas especialidades. Esta es la \u00fanica taxonom\u00eda disponible que abarca de forma exhaustiva todas las intervenciones de enfermer\u00eda.<\/p>\t\t\t\t\t\t\t\t<\/div>\n\t\t\t\t<\/div>\n\t\t\t\t\t<\/div>\n\t\t\t\t<\/div>\n\t\t\t\t<\/div>\n\t\t","protected":false},"excerpt":{"rendered":"<p><strong>Autores:<\/strong>\u00a0Cheryl M. Wagner &amp; Howard K. Butcher<br \/>\n<strong>ISBN:<\/strong>\u00a09788413826936<br \/>\n<strong>Editorial:<\/strong>\u00a0Elsevier<br \/>\n<strong>Edici\u00f3n:<\/strong> 8\u00aa<br \/>\n<strong>Especialidad<\/strong>: Enfermer\u00eda<br \/>\n<strong>P\u00e1ginas<\/strong>: 586<br \/>\n\u00a9 2024<\/p>\n","protected":false},"featured_media":10151,"comment_status":"open","ping_status":"closed","template":"","meta":{"_joinchat":[]},"product_cat":[115],"product_tag":[240,85,82],"class_list":{"0":"post-10150","1":"product","2":"type-product","3":"status-publish","4":"has-post-thumbnail","6":"product_cat-enfermeria","7":"product_tag-240","8":"product_tag-elsevier","9":"product_tag-enfermeria","11":"first","12":"outofstock","13":"featured","14":"taxable","15":"shipping-taxable","16":"purchasable","17":"product-type-simple"},"_links":{"self":[{"href":"https:\/\/edimeinter.com\/libreria\/wp-json\/wp\/v2\/product\/10150","targetHints":{"allow":["GET"]}}],"collection":[{"href":"https:\/\/edimeinter.com\/libreria\/wp-json\/wp\/v2\/product"}],"about":[{"href":"https:\/\/edimeinter.com\/libreria\/wp-json\/wp\/v2\/types\/product"}],"replies":[{"embeddable":true,"href":"https:\/\/edimeinter.com\/libreria\/wp-json\/wp\/v2\/comments?post=10150"}],"version-history":[{"count":1,"href":"https:\/\/edimeinter.com\/libreria\/wp-json\/wp\/v2\/product\/10150\/revisions"}],"predecessor-version":[{"id":14944,"href":"https:\/\/edimeinter.com\/libreria\/wp-json\/wp\/v2\/product\/10150\/revisions\/14944"}],"wp:featuredmedia":[{"embeddable":true,"href":"https:\/\/edimeinter.com\/libreria\/wp-json\/wp\/v2\/media\/10151"}],"wp:attachment":[{"href":"https:\/\/edimeinter.com\/libreria\/wp-json\/wp\/v2\/media?parent=10150"}],"wp:term":[{"taxonomy":"product_cat","embeddable":true,"href":"https:\/\/edimeinter.com\/libreria\/wp-json\/wp\/v2\/product_cat?post=10150"},{"taxonomy":"product_tag","embeddable":true,"href":"https:\/\/edimeinter.com\/libreria\/wp-json\/wp\/v2\/product_tag?post=10150"}],"curies":[{"name":"wp","href":"https:\/\/api.w.org\/{rel}","templated":true}]}}