{"id":10156,"date":"2025-02-04T23:10:43","date_gmt":"2025-02-04T23:10:43","guid":{"rendered":"https:\/\/edimeinter.com\/libreria\/?post_type=product&#038;p=10156"},"modified":"2025-03-09T20:33:22","modified_gmt":"2025-03-09T20:33:22","slug":"bioquimica-clinica-7a-edicion","status":"publish","type":"product","link":"https:\/\/edimeinter.com\/libreria\/product\/bioquimica-clinica-7a-edicion\/","title":{"rendered":"Bioquimica clinica. 7\u00aa Edici\u00f3n"},"content":{"rendered":"\t\t<div data-elementor-type=\"wp-post\" data-elementor-id=\"10156\" class=\"elementor elementor-10156\">\n\t\t\t\t<div class=\"elementor-element elementor-element-2612b12 e-flex e-con-boxed e-con e-parent\" data-id=\"2612b12\" data-element_type=\"container\" data-e-type=\"container\">\n\t\t\t\t\t<div class=\"e-con-inner\">\n\t\t\n\t\t<div class=\"elementor-element elementor-element-498707ae elementor-widget elementor-widget-text-editor\" data-id=\"498707ae\" data-element_type=\"widget\" data-e-type=\"widget\" data-widget_type=\"text-editor.default\">\n\t\t\t\t<div class=\"elementor-widget-container\">\n\t\t\t\t\t\t\t\t\t<p>Nueva ed. de esta obra de bioqu\u00edmica que constituye un texto \u00fanico y singular en la materia dentro de nuestro portfolio y que siempre ha mantenido el mismo abordaje: una obra visual, concisa, pr\u00e1ctica y con un enfoque cl\u00ednico.<\/p><p>Es de destacar tambi\u00e9n el especial \u00e9nfasis que se hace en la importancia de los test de laboratorio, su correcto dise\u00f1o e interpretaci\u00f3n de resultados para un correcto diagn\u00f3stico.\u00a0Se mantiene su organizaci\u00f3n en 4 grandes secciones:\u00a0<b><strong>Cap\u00edtulos introductorios<\/strong><\/b>: Repaso de m\u00e9todos y t\u00e9cnicas de laboratorio,<b><strong>Bioqu\u00edmica<\/strong><\/b>: Conceptos \u201ccore\u0094, cubre todo el \u201cbulk\u0094 de las pruebas bioqu\u00edmicas m\u00e1s rutinarias y su relevancia cl\u00ednica,\u00a0<b><strong>Endocrinolog\u00eda:\u00a0<\/strong><\/b>Proporciona una cobertura exhaustiva de los test bioqu\u00edmicos realizados en el caso de patolog\u00edas relativas a tiroides, hip\u00f3fisis, gl\u00e1ndulas adrenales, as\u00ed como a las que afectan a las g\u00f3nadas, siempre enfatizando su relevancia en la cl\u00ednica e\u00a0<b><strong>Investigaciones espec\u00edficas:\u00a0<\/strong><\/b>aqu\u00ed se incluyen otros aspectos de pruebas y aspectos metab\u00f3licos.<\/p><p>Cada uno de los cap\u00edtulos tiene un dise\u00f1o a doble p\u00e1gina,<b><strong>\u00a0<\/strong><\/b>con gran cantidad de elementos visuales, cuadros cl\u00ednicos, casos, esquemas a todo color que lo convierten en \u201cunidades did\u00e1cticas\u0094 que incluso pueden estudiarse de forma individual.\u00a0\u00a0Las principales novedades de esta edici\u00f3n son la incorporaci\u00f3n de 3 nuevos cap\u00edtulos: Trastornos del p\u00e1ncreas, M\u00e9todos de inmunoensayo (anticuerpos.) y M\u00e9todos para la separaci\u00f3n e identificaci\u00f3n de mol\u00e9culas. As\u00ed mismo, se han actualizado y renovado gran parte de las ilustraciones y esquemas y el n\u00famero de casos cl\u00ednicos que acompa\u00f1an a algunos cap\u00edtulos se han visto reforzados<\/p><p>La nueva edici\u00f3n incluye acceso a contenido online en ingl\u00e9s a trav\u00e9s de e-book+.<\/p>\t\t\t\t\t\t\t\t<\/div>\n\t\t\t\t<\/div>\n\t\t\t\t\t<\/div>\n\t\t\t\t<\/div>\n\t\t\t\t<\/div>\n\t\t","protected":false},"excerpt":{"rendered":"<p><strong>Autores:<\/strong>\u00a0Michael Murphy &amp; Rajeev Srivastava &amp; Kevin Deans<br \/>\n<strong>ISBN:<\/strong>\u00a09788413826943<br \/>\n<strong>Editorial:<\/strong>\u00a0Elsevier<br \/>\n<strong>Edici\u00f3n:<\/strong>\u00a07\u00aa<br \/>\n<strong>Especialidad<\/strong>: Bioqu\u00edmica<br \/>\n<strong>P\u00e1ginas<\/strong>:\u00a0200<br \/>\n\u00a9 2024<\/p>\n","protected":false},"featured_media":10157,"comment_status":"open","ping_status":"open","template":"","meta":{"_joinchat":[]},"product_cat":[90],"product_tag":[240,91,85],"class_list":{"0":"post-10156","1":"product","2":"type-product","3":"status-publish","4":"has-post-thumbnail","6":"product_cat-bioquimica","7":"product_tag-240","8":"product_tag-bioquimica","9":"product_tag-elsevier","11":"first","12":"instock","13":"featured","14":"taxable","15":"shipping-taxable","16":"purchasable","17":"product-type-simple"},"_links":{"self":[{"href":"https:\/\/edimeinter.com\/libreria\/wp-json\/wp\/v2\/product\/10156","targetHints":{"allow":["GET"]}}],"collection":[{"href":"https:\/\/edimeinter.com\/libreria\/wp-json\/wp\/v2\/product"}],"about":[{"href":"https:\/\/edimeinter.com\/libreria\/wp-json\/wp\/v2\/types\/product"}],"replies":[{"embeddable":true,"href":"https:\/\/edimeinter.com\/libreria\/wp-json\/wp\/v2\/comments?post=10156"}],"version-history":[{"count":1,"href":"https:\/\/edimeinter.com\/libreria\/wp-json\/wp\/v2\/product\/10156\/revisions"}],"predecessor-version":[{"id":14945,"href":"https:\/\/edimeinter.com\/libreria\/wp-json\/wp\/v2\/product\/10156\/revisions\/14945"}],"wp:featuredmedia":[{"embeddable":true,"href":"https:\/\/edimeinter.com\/libreria\/wp-json\/wp\/v2\/media\/10157"}],"wp:attachment":[{"href":"https:\/\/edimeinter.com\/libreria\/wp-json\/wp\/v2\/media?parent=10156"}],"wp:term":[{"taxonomy":"product_cat","embeddable":true,"href":"https:\/\/edimeinter.com\/libreria\/wp-json\/wp\/v2\/product_cat?post=10156"},{"taxonomy":"product_tag","embeddable":true,"href":"https:\/\/edimeinter.com\/libreria\/wp-json\/wp\/v2\/product_tag?post=10156"}],"curies":[{"name":"wp","href":"https:\/\/api.w.org\/{rel}","templated":true}]}}