{"id":10169,"date":"2025-02-04T23:26:58","date_gmt":"2025-02-04T23:26:58","guid":{"rendered":"https:\/\/edimeinter.com\/libreria\/?post_type=product&#038;p=10169"},"modified":"2025-03-09T20:33:11","modified_gmt":"2025-03-09T20:33:11","slug":"casos-de-razonamiento-clinico-en-enfermeria-8a-edicion","status":"publish","type":"product","link":"https:\/\/edimeinter.com\/libreria\/product\/casos-de-razonamiento-clinico-en-enfermeria-8a-edicion\/","title":{"rendered":"Casos de razonamiento cl\u00ednico en Enfermer\u00eda. 8\u00aa Edici\u00f3n"},"content":{"rendered":"\t\t<div data-elementor-type=\"wp-post\" data-elementor-id=\"10169\" class=\"elementor elementor-10169\">\n\t\t\t\t<div class=\"elementor-element elementor-element-2612b12 e-flex e-con-boxed e-con e-parent\" data-id=\"2612b12\" data-element_type=\"container\" data-e-type=\"container\">\n\t\t\t\t\t<div class=\"e-con-inner\">\n\t\t\n\t\t<div class=\"elementor-element elementor-element-498707ae elementor-widget elementor-widget-text-editor\" data-id=\"498707ae\" data-element_type=\"widget\" data-e-type=\"widget\" data-widget_type=\"text-editor.default\">\n\t\t\t\t<div class=\"elementor-widget-container\">\n\t\t\t\t\t\t\t\t\t<p>Aprenda a hacer juicios cl\u00ednicos de enfermer\u00eda con\u00a0<i><em>Casos de razonamiento cl\u00ednico en enfermer\u00eda. Selecci\u00f3n de casos pedi\u00e1tricos y obst\u00e9trico-ginecol\u00f3gicos<\/em><\/i>, 8\u00aa edici\u00f3n.<\/p><p>Galardonado con el segundo puesto en los Premios AJN 2019 al Libro del A\u00f1o en la categor\u00eda M\u00e9dico-Quir\u00fargica, este recurso de estudio de casos es muy apreciado por sus casos cl\u00ednicamente relevantes y que invitan a la reflexi\u00f3n.<\/p><p>Actualizado para reflejar los est\u00e1ndares m\u00e1s actuales de la pr\u00e1ctica cl\u00ednica, este volumen recopila 27 casos reales de estudio en las especialidades de Pediatr\u00eda y Obstetricia\/Ginecolog\u00eda. Cada caso cubre un problema com\u00fan del paciente extra\u00eddo de experiencias cl\u00ednicas reales y escrito por enfermeras expertas en la pr\u00e1ctica cl\u00ednica, e incluye un fuerte enfoque en las competencias de colaboraci\u00f3n interprofesional.<\/p>\t\t\t\t\t\t\t\t<\/div>\n\t\t\t\t<\/div>\n\t\t\t\t\t<\/div>\n\t\t\t\t<\/div>\n\t\t\t\t<\/div>\n\t\t","protected":false},"excerpt":{"rendered":"<p><strong>Autores:<\/strong>\u00a0Mariann M. Harding &amp; Julie S. Snyder<br \/>\n<strong>ISBN:<\/strong>\u00a09788413826721<br \/>\n<strong>Editorial:<\/strong>\u00a0Elsevier<br \/>\n<strong>Edici\u00f3n:<\/strong>\u00a08\u00aa<br \/>\n<strong>Especialidad<\/strong>: Enfermer\u00eda<br \/>\n<strong>P\u00e1ginas<\/strong>: 212<br \/>\n\u00a9 2024<\/p>\n","protected":false},"featured_media":10170,"comment_status":"open","ping_status":"open","template":"","meta":{"_joinchat":[]},"product_cat":[115],"product_tag":[240,85,82],"class_list":{"0":"post-10169","1":"product","2":"type-product","3":"status-publish","4":"has-post-thumbnail","6":"product_cat-enfermeria","7":"product_tag-240","8":"product_tag-elsevier","9":"product_tag-enfermeria","11":"first","12":"instock","13":"featured","14":"taxable","15":"shipping-taxable","16":"purchasable","17":"product-type-simple"},"_links":{"self":[{"href":"https:\/\/edimeinter.com\/libreria\/wp-json\/wp\/v2\/product\/10169","targetHints":{"allow":["GET"]}}],"collection":[{"href":"https:\/\/edimeinter.com\/libreria\/wp-json\/wp\/v2\/product"}],"about":[{"href":"https:\/\/edimeinter.com\/libreria\/wp-json\/wp\/v2\/types\/product"}],"replies":[{"embeddable":true,"href":"https:\/\/edimeinter.com\/libreria\/wp-json\/wp\/v2\/comments?post=10169"}],"version-history":[{"count":1,"href":"https:\/\/edimeinter.com\/libreria\/wp-json\/wp\/v2\/product\/10169\/revisions"}],"predecessor-version":[{"id":14947,"href":"https:\/\/edimeinter.com\/libreria\/wp-json\/wp\/v2\/product\/10169\/revisions\/14947"}],"wp:featuredmedia":[{"embeddable":true,"href":"https:\/\/edimeinter.com\/libreria\/wp-json\/wp\/v2\/media\/10170"}],"wp:attachment":[{"href":"https:\/\/edimeinter.com\/libreria\/wp-json\/wp\/v2\/media?parent=10169"}],"wp:term":[{"taxonomy":"product_cat","embeddable":true,"href":"https:\/\/edimeinter.com\/libreria\/wp-json\/wp\/v2\/product_cat?post=10169"},{"taxonomy":"product_tag","embeddable":true,"href":"https:\/\/edimeinter.com\/libreria\/wp-json\/wp\/v2\/product_tag?post=10169"}],"curies":[{"name":"wp","href":"https:\/\/api.w.org\/{rel}","templated":true}]}}