{"id":10175,"date":"2025-02-04T23:31:24","date_gmt":"2025-02-04T23:31:24","guid":{"rendered":"https:\/\/edimeinter.com\/libreria\/?post_type=product&#038;p=10175"},"modified":"2025-03-09T20:33:07","modified_gmt":"2025-03-09T20:33:07","slug":"gonzalez-merlo-obstetricia-8a-edicion","status":"publish","type":"product","link":"https:\/\/edimeinter.com\/libreria\/product\/gonzalez-merlo-obstetricia-8a-edicion\/","title":{"rendered":"Gonz\u00e1lez Merlo. Obstetricia. 8\u00aa Edici\u00f3n"},"content":{"rendered":"\t\t<div data-elementor-type=\"wp-post\" data-elementor-id=\"10175\" class=\"elementor elementor-10175\">\n\t\t\t\t<div class=\"elementor-element elementor-element-2612b12 e-flex e-con-boxed e-con e-parent\" data-id=\"2612b12\" data-element_type=\"container\" data-e-type=\"container\">\n\t\t\t\t\t<div class=\"e-con-inner\">\n\t\t\n\t\t<div class=\"elementor-element elementor-element-498707ae elementor-widget elementor-widget-text-editor\" data-id=\"498707ae\" data-element_type=\"widget\" data-e-type=\"widget\" data-widget_type=\"text-editor.default\">\n\t\t\t\t<div class=\"elementor-widget-container\">\n\t\t\t\t\t\t\t\t\t<p>La octava edici\u00f3n del tratado Gonz\u00e1lez-Merlo. Obstetricia revisa de forma exhaustiva todos los aspectos del embarazo, tanto los cambios fisiol\u00f3gicos que suceden durante la gestaci\u00f3n y el parto, como las patolog\u00edas que pueden manifestarse durante el embarazo, el parto y el puerperio, y que pueden afectar a los \u00f3rganos maternos. La obra, cuya primera publicaci\u00f3n data de 1982, se ha ido actualizando en las sucesivas ediciones, redefiniendo algunos cap\u00edtulos y a\u00f1adiendo otros, y dot\u00e1ndose de una estructura bien definida que ayuda a una mejor comprensi\u00f3n del contenido.<\/p><p>El tratado, \u00fanico en lengua espa\u00f1ola con un tratamiento tan detallado de la subespecialidad de medicina perinatal y con un nivel cient\u00edfico tan alto, cuenta con la participaci\u00f3n de 85 autores de Espa\u00f1a y de Latinoam\u00e9rica, especialistas en las distintas facetas de la obstetricia, con reconocida experiencia docente. Se aborda la subespecialidad por completo, desde la vertiente m\u00e1s cient\u00edfica y t\u00e9cnica hasta la m\u00e1s humana, incluyendo temas como el respeto por los deseos de la gestante, la \u00e9tica profesional y los aspectos legales que plantea la pr\u00e1ctica cl\u00ednica.<\/p><p>Con una clara vocaci\u00f3n docente de grado y posgrado, esta obra va dirigida a los especialistas en formaci\u00f3n en Obstetricia y Ginecolog\u00eda, pero tambi\u00e9n a estudiantes que deseen obtener una visi\u00f3n m\u00e1s amplia, as\u00ed como a especialistas ya formados que quieran actualizar sus conocimientos y a quienes puede servir como herramienta de consulta para el ejercicio profesional diario.<\/p>\t\t\t\t\t\t\t\t<\/div>\n\t\t\t\t<\/div>\n\t\t\t\t\t<\/div>\n\t\t\t\t<\/div>\n\t\t\t\t<\/div>\n\t\t","protected":false},"excerpt":{"rendered":"<p><strong>Autores:<\/strong>\u00a0Eduardo Gonz\u00e1lez Bosquet &amp; Jos\u00e9 Mar\u00eda La\u00edlla Vicens &amp; Ernesto Fabre Gonz\u00e1lez<br \/>\n<strong>ISBN:<\/strong>\u00a09788413824130<br \/>\n<strong>Editorial:<\/strong>\u00a0Elsevier<br \/>\n<strong>Edici\u00f3n:<\/strong>\u00a08\u00aa<br \/>\n<strong>Especialidad<\/strong>: Ginecolog\u00eda y Obstetricia<br \/>\n<strong>P\u00e1ginas<\/strong>: 792<br \/>\n\u00a9 2024<\/p>\n","protected":false},"featured_media":10176,"comment_status":"open","ping_status":"open","template":"","meta":{"_joinchat":[]},"product_cat":[104],"product_tag":[240,85,105],"class_list":{"0":"post-10175","1":"product","2":"type-product","3":"status-publish","4":"has-post-thumbnail","6":"product_cat-ginecologia-y-obstetricia","7":"product_tag-240","8":"product_tag-elsevier","9":"product_tag-ginecologia-y-obstetricia","11":"first","12":"instock","13":"featured","14":"taxable","15":"shipping-taxable","16":"purchasable","17":"product-type-simple"},"_links":{"self":[{"href":"https:\/\/edimeinter.com\/libreria\/wp-json\/wp\/v2\/product\/10175","targetHints":{"allow":["GET"]}}],"collection":[{"href":"https:\/\/edimeinter.com\/libreria\/wp-json\/wp\/v2\/product"}],"about":[{"href":"https:\/\/edimeinter.com\/libreria\/wp-json\/wp\/v2\/types\/product"}],"replies":[{"embeddable":true,"href":"https:\/\/edimeinter.com\/libreria\/wp-json\/wp\/v2\/comments?post=10175"}],"version-history":[{"count":1,"href":"https:\/\/edimeinter.com\/libreria\/wp-json\/wp\/v2\/product\/10175\/revisions"}],"predecessor-version":[{"id":14948,"href":"https:\/\/edimeinter.com\/libreria\/wp-json\/wp\/v2\/product\/10175\/revisions\/14948"}],"wp:featuredmedia":[{"embeddable":true,"href":"https:\/\/edimeinter.com\/libreria\/wp-json\/wp\/v2\/media\/10176"}],"wp:attachment":[{"href":"https:\/\/edimeinter.com\/libreria\/wp-json\/wp\/v2\/media?parent=10175"}],"wp:term":[{"taxonomy":"product_cat","embeddable":true,"href":"https:\/\/edimeinter.com\/libreria\/wp-json\/wp\/v2\/product_cat?post=10175"},{"taxonomy":"product_tag","embeddable":true,"href":"https:\/\/edimeinter.com\/libreria\/wp-json\/wp\/v2\/product_tag?post=10175"}],"curies":[{"name":"wp","href":"https:\/\/api.w.org\/{rel}","templated":true}]}}