{"id":10181,"date":"2025-02-04T23:34:02","date_gmt":"2025-02-04T23:34:02","guid":{"rendered":"https:\/\/edimeinter.com\/libreria\/?post_type=product&#038;p=10181"},"modified":"2025-03-09T20:33:02","modified_gmt":"2025-03-09T20:33:02","slug":"wheater-histologia-funcional-7a-edicion","status":"publish","type":"product","link":"https:\/\/edimeinter.com\/libreria\/product\/wheater-histologia-funcional-7a-edicion\/","title":{"rendered":"Wheater. Histolog\u00eda funcional. 7\u00aa Edici\u00f3n"},"content":{"rendered":"\t\t<div data-elementor-type=\"wp-post\" data-elementor-id=\"10181\" class=\"elementor elementor-10181\">\n\t\t\t\t<div class=\"elementor-element elementor-element-2612b12 e-flex e-con-boxed e-con e-parent\" data-id=\"2612b12\" data-element_type=\"container\" data-e-type=\"container\">\n\t\t\t\t\t<div class=\"e-con-inner\">\n\t\t\n\t\t<div class=\"elementor-element elementor-element-498707ae elementor-widget elementor-widget-text-editor\" data-id=\"498707ae\" data-element_type=\"widget\" data-e-type=\"widget\" data-widget_type=\"text-editor.default\">\n\t\t\t\t<div class=\"elementor-widget-container\">\n\t\t\t\t\t\t\t\t\t<p>Nueva edici\u00f3n de este magn\u00edfico atlas en el que se presenta la histolog\u00eda de una forma visual y con el texto justo y adecuado a las necesidades de los estudiantes, incluyendo las estructuras histol\u00f3gicas b\u00e1sicas, los tipos de tejidos y sistemas de \u00f3rganos. Se organiza en tres grandes secciones con un total de 21 cap\u00edtulos y tres ap\u00e9ndices. El objetivo de la obra es que el estudiante aprenda a reconocer la estructura microsc\u00f3pica de los tejidos humanos normales y a comprender la relaci\u00f3n con su correspondiente funci\u00f3n. As\u00ed mismo, se muestra c\u00f3mo aplicar la histolog\u00eda al contexto cl\u00ednico a trav\u00e9s del abordaje de las patolog\u00edas m\u00e1s comunes en cada uno de los cap\u00edtulos. Destaca la magn\u00edfica iconograf\u00eda que incluye m\u00e1s de 900 im\u00e1genes de alta calidad (microscop\u00eda \u00f3ptica, microscop\u00eda electr\u00f3nica y dibujos esquem\u00e1ticos), convenientemente etiquetadas y con su correspondiente explicaci\u00f3n. En cada uno de los cap\u00edtulos se incorporan tablas de revisi\u00f3n al final para en las que se resumen los puntos m\u00e1s importantes y preguntas de autoevaluaci\u00f3n para ayudar a fijar los conocimientos y prepararse para los ex\u00e1menes. La nueva edici\u00f3n refuerza la correlaci\u00f3n cl\u00ednica (incremento de cuadros de correlaci\u00f3n), as\u00ed como el n\u00famero de im\u00e1genes cl\u00ednicas.<\/p>\t\t\t\t\t\t\t\t<\/div>\n\t\t\t\t<\/div>\n\t\t\t\t\t<\/div>\n\t\t\t\t<\/div>\n\t\t\t\t<\/div>\n\t\t","protected":false},"excerpt":{"rendered":"<p><strong>Autores:<\/strong>\u00a0Geraldine O\u2019Dowd &amp; Sarah Bell &amp; Sylvia Wrigh<br \/>\n<strong>ISBN:<\/strong>\u00a09788413826424<br \/>\n<strong>Editorial:<\/strong>\u00a0Elsevier<br \/>\n<strong>Edici\u00f3n:<\/strong>\u00a07\u00aa<br \/>\n<strong>Especialidad<\/strong>: Histolog\u00eda<br \/>\n<strong>P\u00e1ginas<\/strong>: 470<br \/>\n\u00a9 2024<\/p>\n","protected":false},"featured_media":10182,"comment_status":"open","ping_status":"open","template":"","meta":{"_joinchat":[]},"product_cat":[154],"product_tag":[240,85,155],"class_list":{"0":"post-10181","1":"product","2":"type-product","3":"status-publish","4":"has-post-thumbnail","6":"product_cat-histologia","7":"product_tag-240","8":"product_tag-elsevier","9":"product_tag-histologia","11":"first","12":"instock","13":"featured","14":"taxable","15":"shipping-taxable","16":"purchasable","17":"product-type-simple"},"_links":{"self":[{"href":"https:\/\/edimeinter.com\/libreria\/wp-json\/wp\/v2\/product\/10181","targetHints":{"allow":["GET"]}}],"collection":[{"href":"https:\/\/edimeinter.com\/libreria\/wp-json\/wp\/v2\/product"}],"about":[{"href":"https:\/\/edimeinter.com\/libreria\/wp-json\/wp\/v2\/types\/product"}],"replies":[{"embeddable":true,"href":"https:\/\/edimeinter.com\/libreria\/wp-json\/wp\/v2\/comments?post=10181"}],"version-history":[{"count":1,"href":"https:\/\/edimeinter.com\/libreria\/wp-json\/wp\/v2\/product\/10181\/revisions"}],"predecessor-version":[{"id":14949,"href":"https:\/\/edimeinter.com\/libreria\/wp-json\/wp\/v2\/product\/10181\/revisions\/14949"}],"wp:featuredmedia":[{"embeddable":true,"href":"https:\/\/edimeinter.com\/libreria\/wp-json\/wp\/v2\/media\/10182"}],"wp:attachment":[{"href":"https:\/\/edimeinter.com\/libreria\/wp-json\/wp\/v2\/media?parent=10181"}],"wp:term":[{"taxonomy":"product_cat","embeddable":true,"href":"https:\/\/edimeinter.com\/libreria\/wp-json\/wp\/v2\/product_cat?post=10181"},{"taxonomy":"product_tag","embeddable":true,"href":"https:\/\/edimeinter.com\/libreria\/wp-json\/wp\/v2\/product_tag?post=10181"}],"curies":[{"name":"wp","href":"https:\/\/api.w.org\/{rel}","templated":true}]}}