{"id":10187,"date":"2025-02-04T23:38:19","date_gmt":"2025-02-04T23:38:19","guid":{"rendered":"https:\/\/edimeinter.com\/libreria\/?post_type=product&#038;p=10187"},"modified":"2025-03-09T20:32:57","modified_gmt":"2025-03-09T20:32:57","slug":"abordaje-de-la-disfagia-en-el-paciente-traqueostomizado","status":"publish","type":"product","link":"https:\/\/edimeinter.com\/libreria\/product\/abordaje-de-la-disfagia-en-el-paciente-traqueostomizado\/","title":{"rendered":"Abordaje de la disfagia en el paciente traqueostomizado"},"content":{"rendered":"\t\t<div data-elementor-type=\"wp-post\" data-elementor-id=\"10187\" class=\"elementor elementor-10187\">\n\t\t\t\t<div class=\"elementor-element elementor-element-2612b12 e-flex e-con-boxed e-con e-parent\" data-id=\"2612b12\" data-element_type=\"container\" data-e-type=\"container\">\n\t\t\t\t\t<div class=\"e-con-inner\">\n\t\t\n\t\t<div class=\"elementor-element elementor-element-498707ae elementor-widget elementor-widget-text-editor\" data-id=\"498707ae\" data-element_type=\"widget\" data-e-type=\"widget\" data-widget_type=\"text-editor.default\">\n\t\t\t\t<div class=\"elementor-widget-container\">\n\t\t\t\t\t\t\t\t\t<p>Abordaje de la disfagia en el paciente traqueostomizado surge del deseo de aportar informaci\u00f3n basada en la evidencia acerca de la evaluaci\u00f3n y el tratamiento disponibles para la poblaci\u00f3n portadora de c\u00e1nulas de traqueostom\u00eda y con disfagia, dos condiciones con frecuencia concomitantes y que habitualmente generan limitaciones en las opciones terap\u00e9uticas ofrecidas. Los conocimientos y el abordaje transdisciplinar que plantea la obra facilitar\u00e1n la toma de decisiones a los profesionales implicados en esta intervenci\u00f3n, junto con los pacientes y su entorno, con el objetivo de proporcionar soluciones terap\u00e9uticas que mejoren su calidad de vida.<\/p>\t\t\t\t\t\t\t\t<\/div>\n\t\t\t\t<\/div>\n\t\t\t\t\t<\/div>\n\t\t\t\t<\/div>\n\t\t\t\t<\/div>\n\t\t","protected":false},"excerpt":{"rendered":"<p><strong>Autores:<\/strong>\u00a0Paula Gim\u00e9nez Barriga &amp; Patricia Murciego Rubio &amp; Jaime Paniagua Monreal &amp; Mariana de Almeida Simao<br \/>\n<strong>ISBN:<\/strong>\u00a09788413824949<br \/>\n<strong>Editorial:<\/strong>\u00a0Elsevier<br \/>\n<strong>Edici\u00f3n:<\/strong>\u00a01\u00aa<br \/>\n<strong>Especialidad<\/strong>: Otorrinolaringolog\u00eda<br \/>\n<strong>P\u00e1ginas<\/strong>: 150<br \/>\n\u00a9 2024<\/p>\n","protected":false},"featured_media":10193,"comment_status":"open","ping_status":"open","template":"","meta":{"_joinchat":[]},"product_cat":[156],"product_tag":[240,85,157],"class_list":{"0":"post-10187","1":"product","2":"type-product","3":"status-publish","4":"has-post-thumbnail","6":"product_cat-otorrinolaringologia","7":"product_tag-240","8":"product_tag-elsevier","9":"product_tag-otorrinolaringologia","11":"first","12":"instock","13":"featured","14":"taxable","15":"shipping-taxable","16":"purchasable","17":"product-type-simple"},"_links":{"self":[{"href":"https:\/\/edimeinter.com\/libreria\/wp-json\/wp\/v2\/product\/10187","targetHints":{"allow":["GET"]}}],"collection":[{"href":"https:\/\/edimeinter.com\/libreria\/wp-json\/wp\/v2\/product"}],"about":[{"href":"https:\/\/edimeinter.com\/libreria\/wp-json\/wp\/v2\/types\/product"}],"replies":[{"embeddable":true,"href":"https:\/\/edimeinter.com\/libreria\/wp-json\/wp\/v2\/comments?post=10187"}],"version-history":[{"count":2,"href":"https:\/\/edimeinter.com\/libreria\/wp-json\/wp\/v2\/product\/10187\/revisions"}],"predecessor-version":[{"id":14951,"href":"https:\/\/edimeinter.com\/libreria\/wp-json\/wp\/v2\/product\/10187\/revisions\/14951"}],"wp:featuredmedia":[{"embeddable":true,"href":"https:\/\/edimeinter.com\/libreria\/wp-json\/wp\/v2\/media\/10193"}],"wp:attachment":[{"href":"https:\/\/edimeinter.com\/libreria\/wp-json\/wp\/v2\/media?parent=10187"}],"wp:term":[{"taxonomy":"product_cat","embeddable":true,"href":"https:\/\/edimeinter.com\/libreria\/wp-json\/wp\/v2\/product_cat?post=10187"},{"taxonomy":"product_tag","embeddable":true,"href":"https:\/\/edimeinter.com\/libreria\/wp-json\/wp\/v2\/product_tag?post=10187"}],"curies":[{"name":"wp","href":"https:\/\/api.w.org\/{rel}","templated":true}]}}