{"id":10198,"date":"2025-02-04T23:42:16","date_gmt":"2025-02-04T23:42:16","guid":{"rendered":"https:\/\/edimeinter.com\/libreria\/?post_type=product&#038;p=10198"},"modified":"2026-01-19T16:55:48","modified_gmt":"2026-01-19T16:55:48","slug":"gray-anatomia-para-estudiantes-5a-edicion","status":"publish","type":"product","link":"https:\/\/edimeinter.com\/libreria\/product\/gray-anatomia-para-estudiantes-5a-edicion\/","title":{"rendered":"Gray. Anatom\u00eda para estudiantes. 5\u00aa Edici\u00f3n"},"content":{"rendered":"\t\t<div data-elementor-type=\"wp-post\" data-elementor-id=\"10198\" class=\"elementor elementor-10198\">\n\t\t\t\t<div class=\"elementor-element elementor-element-2612b12 e-flex e-con-boxed e-con e-parent\" data-id=\"2612b12\" data-element_type=\"container\" data-e-type=\"container\">\n\t\t\t\t\t<div class=\"e-con-inner\">\n\t\t\n\t\t<div class=\"elementor-element elementor-element-498707ae elementor-widget elementor-widget-text-editor\" data-id=\"498707ae\" data-element_type=\"widget\" data-e-type=\"widget\" data-widget_type=\"text-editor.default\">\n\t\t\t\t<div class=\"elementor-widget-container\">\n\t\t\t\t\t\t\t\t\t<p>Nueva edici\u00f3n del texto de referencia y bestseller en anatom\u00eda que presenta la informaci\u00f3n \u201ccore\u0094 en la disciplina de una forma clara y visual, enfatizando la correlaci\u00f3n cl\u00ednica y con un abordaje integrado. Su estructura y organizaci\u00f3n, as\u00ed como su gran valor did\u00e1ctico lo convierten en un texto \u00fanico en anatom\u00eda humana. Sigue la misma estructura y organizaci\u00f3n que en la ed. anterior (se incluye tambi\u00e9n el Cap de neuroanatom\u00eda en formato print).<\/p><p>La nueva edici\u00f3n cuenta con un pr\u00f3logo a cargo del Dr. Fco Ra\u00fal Barroso Villafuerte MD, MSc, SCN, PhD, Presidente de la Sociedad Mexicana de Anatom\u00eda y de un Comit\u00e9 de Revisi\u00f3n Cient\u00edfica coordinado por el Dr. Diego Pineda (Facultad de Medicina, UNAM, M\u00e9xico).<\/p><p>Inclusi\u00f3n de nuevo material relativo a inclusi\u00f3n, diversidad y transg\u00e9nero. Contiene una mayor representaci\u00f3n de diversos grupos de poblaci\u00f3n, incorporando una gama m\u00e1s amplia de tonos de piel e importantes consideraciones cl\u00ednicas relacionadas con las personas transexuales e intersexuales. Aumento del n\u00famero de cuadros \u201cin the Clinic\u0094 (12) e inclusi\u00f3n de nuevos casos cl\u00ednicos (33) para reforzar la correlaci\u00f3n cl\u00ednica. Renovaci\u00f3n de parte de la iconograf\u00eda, llegando a incluir aprox. 1000 im\u00e1genes (dibujos, im\u00e1genes de diagn\u00f3stico).<\/p><p>La nueva edici\u00f3n incluye versi\u00f3n digital con contenido adicional en ingl\u00e9s a trav\u00e9s de la plataforma e-book+.<\/p>\t\t\t\t\t\t\t\t<\/div>\n\t\t\t\t<\/div>\n\t\t\t\t\t<\/div>\n\t\t\t\t<\/div>\n\t\t\t\t<\/div>\n\t\t","protected":false},"excerpt":{"rendered":"<p><strong>Autores:<\/strong>\u00a0Richard L. Drake &amp; A. Wayne Vogl &amp; Adam M.W. Mitchell<br \/>\n<strong>ISBN:<\/strong>\u00a09788413826226<br \/>\n<strong>Editorial:<\/strong>\u00a0Elsevier<br \/>\n<strong>Edici\u00f3n:<\/strong>\u00a05\u00aa<br \/>\n<strong>Especialidad<\/strong>: Anatom\u00eda<br \/>\n<strong>P\u00e1ginas<\/strong>: 1392<br \/>\n\u00a9 2024<\/p>\n","protected":false},"featured_media":10199,"comment_status":"open","ping_status":"closed","template":"","meta":{"_joinchat":[]},"product_cat":[100],"product_tag":[240,101,85],"class_list":{"0":"post-10198","1":"product","2":"type-product","3":"status-publish","4":"has-post-thumbnail","6":"product_cat-anatomia","7":"product_tag-240","8":"product_tag-anatomia","9":"product_tag-elsevier","11":"first","12":"instock","13":"featured","14":"taxable","15":"shipping-taxable","16":"purchasable","17":"product-type-simple"},"_links":{"self":[{"href":"https:\/\/edimeinter.com\/libreria\/wp-json\/wp\/v2\/product\/10198","targetHints":{"allow":["GET"]}}],"collection":[{"href":"https:\/\/edimeinter.com\/libreria\/wp-json\/wp\/v2\/product"}],"about":[{"href":"https:\/\/edimeinter.com\/libreria\/wp-json\/wp\/v2\/types\/product"}],"replies":[{"embeddable":true,"href":"https:\/\/edimeinter.com\/libreria\/wp-json\/wp\/v2\/comments?post=10198"}],"version-history":[{"count":2,"href":"https:\/\/edimeinter.com\/libreria\/wp-json\/wp\/v2\/product\/10198\/revisions"}],"predecessor-version":[{"id":14953,"href":"https:\/\/edimeinter.com\/libreria\/wp-json\/wp\/v2\/product\/10198\/revisions\/14953"}],"wp:featuredmedia":[{"embeddable":true,"href":"https:\/\/edimeinter.com\/libreria\/wp-json\/wp\/v2\/media\/10199"}],"wp:attachment":[{"href":"https:\/\/edimeinter.com\/libreria\/wp-json\/wp\/v2\/media?parent=10198"}],"wp:term":[{"taxonomy":"product_cat","embeddable":true,"href":"https:\/\/edimeinter.com\/libreria\/wp-json\/wp\/v2\/product_cat?post=10198"},{"taxonomy":"product_tag","embeddable":true,"href":"https:\/\/edimeinter.com\/libreria\/wp-json\/wp\/v2\/product_tag?post=10198"}],"curies":[{"name":"wp","href":"https:\/\/api.w.org\/{rel}","templated":true}]}}