{"id":10206,"date":"2025-02-04T23:47:43","date_gmt":"2025-02-04T23:47:43","guid":{"rendered":"https:\/\/edimeinter.com\/libreria\/?post_type=product&#038;p=10206"},"modified":"2026-03-26T20:58:39","modified_gmt":"2026-03-26T20:58:39","slug":"macleod-exploracion-clinica-15a-edicion","status":"publish","type":"product","link":"https:\/\/edimeinter.com\/libreria\/product\/macleod-exploracion-clinica-15a-edicion\/","title":{"rendered":"Macleod. Exploraci\u00f3n cl\u00ednica. 15\u00aa Edici\u00f3n"},"content":{"rendered":"\t\t<div data-elementor-type=\"wp-post\" data-elementor-id=\"10206\" class=\"elementor elementor-10206\">\n\t\t\t\t<div class=\"elementor-element elementor-element-2612b12 e-flex e-con-boxed e-con e-parent\" data-id=\"2612b12\" data-element_type=\"container\" data-e-type=\"container\">\n\t\t\t\t\t<div class=\"e-con-inner\">\n\t\t\n\t\t<div class=\"elementor-element elementor-element-498707ae elementor-widget elementor-widget-text-editor\" data-id=\"498707ae\" data-element_type=\"widget\" data-e-type=\"widget\" data-widget_type=\"text-editor.default\">\n\t\t\t\t<div class=\"elementor-widget-container\">\n\t\t\t\t\t\t\t\t\t<p class=\"Fieldname\">Texto de referencia para estudiantes de Medicina, y profesionales m\u00e9dicos, enfermeros y de otros campos de la salud noveles que entienden que la excelencia en la exploraci\u00f3n cl\u00ednica es una cualidad inherente a una buena pr\u00e1ctica.<\/p><p class=\"Fieldname\">\u00a0Esta 15\u00aa edici\u00f3n muestra la forma m\u00e1s id\u00f3nea de realizar una anamnesis y una exploraci\u00f3n cl\u00ednica cualificadas para detectar los s\u00edntomas y los signos cl\u00ednicos de las enfermedades. Aborda los principios generales, la anamnesis m\u00e1s relevante, la exploraci\u00f3n y la evaluaci\u00f3n de los distintos sistemas corporales, y el modo de aplicar eficazmente todo ello a situaciones cl\u00ednicas espec\u00edficas.<\/p><p class=\"Fieldname\">\u00a0Est\u00e1 reforzado con 32 v\u00eddeos (en ingl\u00e9s) que muestran las rutinas clave de exploraci\u00f3n cl\u00ednica descritas en el libro.<\/p><p class=\"Fieldname\">\u00a0Las principales novedades son el contenido renovado sobre la adaptaci\u00f3n de las capacidades a situaciones espec\u00edficas, como los retos de la consulta no presencial y el control de las infecciones, textos e im\u00e1genes actualizados, modelos de toma de decisiones cl\u00ednicas actualizados que ayudan en el razonamiento diagn\u00f3stico, y 8 nuevos v\u00eddeos sobre las exploraciones obst\u00e9trica, ginecol\u00f3gica, de la mano y la mu\u00f1eca, del tobillo y el pie, del cuello, y del sistema vascular perif\u00e9rico y el pie diab\u00e9tico, la valoraci\u00f3n del balance h\u00eddrico y el test Timed Up and Go.<\/p>\t\t\t\t\t\t\t\t<\/div>\n\t\t\t\t<\/div>\n\t\t\t\t\t<\/div>\n\t\t\t\t<\/div>\n\t\t\t\t<\/div>\n\t\t","protected":false},"excerpt":{"rendered":"<p><strong>Autores:<\/strong>\u00a0Anna R Dover &amp; J. Alastair Innes &amp; Karen Fairhurst<br \/>\n<strong>ISBN:<\/strong>\u00a09788413826295<br \/>\n<strong>Editorial:<\/strong>\u00a0Elsevier<br \/>\n<strong>Edici\u00f3n:<\/strong>\u00a015\u00aa<br \/>\n<strong>Especialidad<\/strong>: Semiolog\u00eda<br \/>\n<strong>P\u00e1ginas<\/strong>: 464<br \/>\n\u00a9 2024<\/p>\n","protected":false},"featured_media":10207,"comment_status":"open","ping_status":"closed","template":"","meta":{"_joinchat":[]},"product_cat":[158],"product_tag":[240,85,159],"class_list":{"0":"post-10206","1":"product","2":"type-product","3":"status-publish","4":"has-post-thumbnail","6":"product_cat-semiologia","7":"product_tag-240","8":"product_tag-elsevier","9":"product_tag-semiologia","11":"first","12":"outofstock","13":"featured","14":"taxable","15":"shipping-taxable","16":"purchasable","17":"product-type-simple"},"_links":{"self":[{"href":"https:\/\/edimeinter.com\/libreria\/wp-json\/wp\/v2\/product\/10206","targetHints":{"allow":["GET"]}}],"collection":[{"href":"https:\/\/edimeinter.com\/libreria\/wp-json\/wp\/v2\/product"}],"about":[{"href":"https:\/\/edimeinter.com\/libreria\/wp-json\/wp\/v2\/types\/product"}],"replies":[{"embeddable":true,"href":"https:\/\/edimeinter.com\/libreria\/wp-json\/wp\/v2\/comments?post=10206"}],"version-history":[{"count":1,"href":"https:\/\/edimeinter.com\/libreria\/wp-json\/wp\/v2\/product\/10206\/revisions"}],"predecessor-version":[{"id":14954,"href":"https:\/\/edimeinter.com\/libreria\/wp-json\/wp\/v2\/product\/10206\/revisions\/14954"}],"wp:featuredmedia":[{"embeddable":true,"href":"https:\/\/edimeinter.com\/libreria\/wp-json\/wp\/v2\/media\/10207"}],"wp:attachment":[{"href":"https:\/\/edimeinter.com\/libreria\/wp-json\/wp\/v2\/media?parent=10206"}],"wp:term":[{"taxonomy":"product_cat","embeddable":true,"href":"https:\/\/edimeinter.com\/libreria\/wp-json\/wp\/v2\/product_cat?post=10206"},{"taxonomy":"product_tag","embeddable":true,"href":"https:\/\/edimeinter.com\/libreria\/wp-json\/wp\/v2\/product_tag?post=10206"}],"curies":[{"name":"wp","href":"https:\/\/api.w.org\/{rel}","templated":true}]}}