{"id":10212,"date":"2025-02-04T23:50:21","date_gmt":"2025-02-04T23:50:21","guid":{"rendered":"https:\/\/edimeinter.com\/libreria\/?post_type=product&#038;p=10212"},"modified":"2025-06-25T21:55:32","modified_gmt":"2025-06-25T21:55:32","slug":"guia-practica-para-profesores-de-medicina-6a-edicion","status":"publish","type":"product","link":"https:\/\/edimeinter.com\/libreria\/product\/guia-practica-para-profesores-de-medicina-6a-edicion\/","title":{"rendered":"Gu\u00eda pr\u00e1ctica para profesores de Medicina. 6\u00aa Edici\u00f3n"},"content":{"rendered":"\t\t<div data-elementor-type=\"wp-post\" data-elementor-id=\"10212\" class=\"elementor elementor-10212\">\n\t\t\t\t<div class=\"elementor-element elementor-element-2612b12 e-flex e-con-boxed e-con e-parent\" data-id=\"2612b12\" data-element_type=\"container\" data-e-type=\"container\">\n\t\t\t\t\t<div class=\"e-con-inner\">\n\t\t\n\t\t<div class=\"elementor-element elementor-element-498707ae elementor-widget elementor-widget-text-editor\" data-id=\"498707ae\" data-element_type=\"widget\" data-e-type=\"widget\" data-widget_type=\"text-editor.default\">\n\t\t\t\t<div class=\"elementor-widget-container\">\n\t\t\t\t\t\t\t\t\t<p>SALVE LA DISTANCIA ENTRE LA TEOR\u00cdA DE LA EDUCACI\u00d3N M\u00c9DICA Y LA EXCELENCIA EN LA ENSE\u00d1ANZA.<\/p><p>Ampliamente reconocida en el campo de la educaci\u00f3n m\u00e9dica, Gu\u00eda pr\u00e1ctica para profesores de Medicina brinda una\u00a0<b><strong>informaci\u00f3n accesible, pr\u00e1ctica y de f\u00e1cil lectura\u00a0<\/strong><\/b>a todos aquellos que est\u00e1n implicados en la ense\u00f1anza de las ciencias m\u00e9dicas b\u00e1sicas y la medicina cl\u00ednica. Esta\u00a0<b><strong>6.\u00aa edici\u00f3n, minuciosamente actualizada<\/strong><\/b>, proporciona inestimables recursos para la educaci\u00f3n m\u00e9dica actual. Las aportaciones de colaboradores de distintos pa\u00edses ofrecen una perspectiva internacional y un enfoque multiprofesional de cuestiones de inter\u00e9s para todos los docentes de las diversas ramas de la atenci\u00f3n de la salud. Haciendo particular \u00e9nfasis en la importancia del desarrollo de las capacidades para promover una educaci\u00f3n m\u00e9dica entusiasta y plenamente eficaz, la obra constituye una\u00a0<b><strong>gu\u00eda esencial para lograr la optimizaci\u00f3n del aprendizaje.<\/strong><\/b><\/p>\t\t\t\t\t\t\t\t<\/div>\n\t\t\t\t<\/div>\n\t\t\t\t\t<\/div>\n\t\t\t\t<\/div>\n\t\t\t\t<\/div>\n\t\t","protected":false},"excerpt":{"rendered":"<p><strong>Autores:<\/strong>\u00a0John Dent &amp; Ronald M. Harden &amp; Dan Hunt<br \/>\n<strong>ISBN:<\/strong>\u00a09788413825663<br \/>\n<strong>Editorial:<\/strong>\u00a0Elsevier<br \/>\n<strong>Edici\u00f3n:<\/strong>\u00a06\u00aa<br \/>\n<strong>Especialidad<\/strong>: Educaci\u00f3n M\u00e9dica<br \/>\n<strong>P\u00e1ginas<\/strong>: 496<br \/>\n\u00a9 2024<\/p>\n","protected":false},"featured_media":10213,"comment_status":"open","ping_status":"closed","template":"","meta":{"_joinchat":[]},"product_cat":[160],"product_tag":[240,161,85],"class_list":{"0":"post-10212","1":"product","2":"type-product","3":"status-publish","4":"has-post-thumbnail","6":"product_cat-educacion-medica","7":"product_tag-240","8":"product_tag-educacion-medica","9":"product_tag-elsevier","11":"first","12":"instock","13":"featured","14":"taxable","15":"shipping-taxable","16":"purchasable","17":"product-type-simple"},"_links":{"self":[{"href":"https:\/\/edimeinter.com\/libreria\/wp-json\/wp\/v2\/product\/10212","targetHints":{"allow":["GET"]}}],"collection":[{"href":"https:\/\/edimeinter.com\/libreria\/wp-json\/wp\/v2\/product"}],"about":[{"href":"https:\/\/edimeinter.com\/libreria\/wp-json\/wp\/v2\/types\/product"}],"replies":[{"embeddable":true,"href":"https:\/\/edimeinter.com\/libreria\/wp-json\/wp\/v2\/comments?post=10212"}],"version-history":[{"count":1,"href":"https:\/\/edimeinter.com\/libreria\/wp-json\/wp\/v2\/product\/10212\/revisions"}],"predecessor-version":[{"id":14955,"href":"https:\/\/edimeinter.com\/libreria\/wp-json\/wp\/v2\/product\/10212\/revisions\/14955"}],"wp:featuredmedia":[{"embeddable":true,"href":"https:\/\/edimeinter.com\/libreria\/wp-json\/wp\/v2\/media\/10213"}],"wp:attachment":[{"href":"https:\/\/edimeinter.com\/libreria\/wp-json\/wp\/v2\/media?parent=10212"}],"wp:term":[{"taxonomy":"product_cat","embeddable":true,"href":"https:\/\/edimeinter.com\/libreria\/wp-json\/wp\/v2\/product_cat?post=10212"},{"taxonomy":"product_tag","embeddable":true,"href":"https:\/\/edimeinter.com\/libreria\/wp-json\/wp\/v2\/product_tag?post=10212"}],"curies":[{"name":"wp","href":"https:\/\/api.w.org\/{rel}","templated":true}]}}