{"id":10218,"date":"2025-02-04T23:53:35","date_gmt":"2025-02-04T23:53:35","guid":{"rendered":"https:\/\/edimeinter.com\/libreria\/?post_type=product&#038;p=10218"},"modified":"2025-07-03T20:34:30","modified_gmt":"2025-07-03T20:34:30","slug":"rosen-medicina-de-urgencias-conceptos-y-practica-clinica-2-vols-10a-edicion","status":"publish","type":"product","link":"https:\/\/edimeinter.com\/libreria\/product\/rosen-medicina-de-urgencias-conceptos-y-practica-clinica-2-vols-10a-edicion\/","title":{"rendered":"Rosen. Medicina de urgencias: conceptos y pr\u00e1ctica cl\u00ednica, 2 Vols. 10\u00aa Edici\u00f3n"},"content":{"rendered":"\t\t<div data-elementor-type=\"wp-post\" data-elementor-id=\"10218\" class=\"elementor elementor-10218\">\n\t\t\t\t<div class=\"elementor-element elementor-element-2612b12 e-flex e-con-boxed e-con e-parent\" data-id=\"2612b12\" data-element_type=\"container\" data-e-type=\"container\">\n\t\t\t\t\t<div class=\"e-con-inner\">\n\t\t\n\t\t<div class=\"elementor-element elementor-element-498707ae elementor-widget elementor-widget-text-editor\" data-id=\"498707ae\" data-element_type=\"widget\" data-e-type=\"widget\" data-widget_type=\"text-editor.default\">\n\t\t\t\t<div class=\"elementor-widget-container\">\n\t\t\t\t\t\t\t\t\t<p>Durante casi 40 a\u00f1os, Rosen. Medicina de urgencias: conceptos y pr\u00e1ctica cl\u00ednica ha proporcionado a los m\u00e9dicos, residentes, auxiliares y otros profesionales de la medicina de urgencias una informaci\u00f3n rigurosa, accesible y exhaustiva sobre este campo en r\u00e1pida y permanente evoluci\u00f3n. Esta 10.\u00aa edici\u00f3n, ampliamente revisada, proporciona un conocimiento cl\u00ednico pr\u00e1ctico basado en la evidencia y en las recomendaciones de los especialistas, con un formato claro y sistem\u00e1tico, referencias actualizadas y un gran n\u00famero de ilustraciones, que la convierten en la gu\u00eda definitiva para el abordaje de urgencias. Con una extensa cobertura, que va desde el manejo de las v\u00edas respiratorias y los cuidados intensivos hasta el tratamiento de pr\u00e1cticamente cualquier urgencia, ya sean casos complejos o m\u00e1s sencillos y frecuentes, esta reconocida obra de referencia contin\u00faa siendo la primera opci\u00f3n para el acceso a una informaci\u00f3n fiable y plenamente vigente acerca de la medicina de urgencias.<\/p>\t\t\t\t\t\t\t\t<\/div>\n\t\t\t\t<\/div>\n\t\t\t\t\t<\/div>\n\t\t\t\t<\/div>\n\t\t\t\t<\/div>\n\t\t","protected":false},"excerpt":{"rendered":"<p><strong>Autores:<\/strong>\u00a0Ron Walls &amp; Robert Hockberger<br \/>\n<strong>ISBN:<\/strong>\u00a09788413825052<br \/>\n<strong>Editorial:<\/strong>\u00a0Elsevier<br \/>\n<strong>Edici\u00f3n:<\/strong>\u00a010\u00aa<br \/>\n<strong>Especialidad<\/strong>: Medicina de Urgencias y Emergencias<br \/>\n<strong>P\u00e1ginas<\/strong>: 2698<br \/>\n\u00a9 2024<\/p>\n","protected":false},"featured_media":10219,"comment_status":"open","ping_status":"closed","template":"","meta":{"_joinchat":[]},"product_cat":[83],"product_tag":[240,85,84],"class_list":{"0":"post-10218","1":"product","2":"type-product","3":"status-publish","4":"has-post-thumbnail","6":"product_cat-medicina-de-urgencias-y-emergencias","7":"product_tag-240","8":"product_tag-elsevier","9":"product_tag-medicina-de-urgencias-y-emergencias","11":"first","12":"instock","13":"featured","14":"taxable","15":"shipping-taxable","16":"purchasable","17":"product-type-simple"},"_links":{"self":[{"href":"https:\/\/edimeinter.com\/libreria\/wp-json\/wp\/v2\/product\/10218","targetHints":{"allow":["GET"]}}],"collection":[{"href":"https:\/\/edimeinter.com\/libreria\/wp-json\/wp\/v2\/product"}],"about":[{"href":"https:\/\/edimeinter.com\/libreria\/wp-json\/wp\/v2\/types\/product"}],"replies":[{"embeddable":true,"href":"https:\/\/edimeinter.com\/libreria\/wp-json\/wp\/v2\/comments?post=10218"}],"version-history":[{"count":1,"href":"https:\/\/edimeinter.com\/libreria\/wp-json\/wp\/v2\/product\/10218\/revisions"}],"predecessor-version":[{"id":14956,"href":"https:\/\/edimeinter.com\/libreria\/wp-json\/wp\/v2\/product\/10218\/revisions\/14956"}],"wp:featuredmedia":[{"embeddable":true,"href":"https:\/\/edimeinter.com\/libreria\/wp-json\/wp\/v2\/media\/10219"}],"wp:attachment":[{"href":"https:\/\/edimeinter.com\/libreria\/wp-json\/wp\/v2\/media?parent=10218"}],"wp:term":[{"taxonomy":"product_cat","embeddable":true,"href":"https:\/\/edimeinter.com\/libreria\/wp-json\/wp\/v2\/product_cat?post=10218"},{"taxonomy":"product_tag","embeddable":true,"href":"https:\/\/edimeinter.com\/libreria\/wp-json\/wp\/v2\/product_tag?post=10218"}],"curies":[{"name":"wp","href":"https:\/\/api.w.org\/{rel}","templated":true}]}}