{"id":10224,"date":"2025-02-04T23:57:30","date_gmt":"2025-02-04T23:57:30","guid":{"rendered":"https:\/\/edimeinter.com\/libreria\/?post_type=product&#038;p=10224"},"modified":"2025-03-09T20:32:15","modified_gmt":"2025-03-09T20:32:15","slug":"sindrome-de-ovario-poliquistico","status":"publish","type":"product","link":"https:\/\/edimeinter.com\/libreria\/product\/sindrome-de-ovario-poliquistico\/","title":{"rendered":"S\u00edndrome de ovario poliqu\u00edstico. 1\u00aa Edici\u00f3n"},"content":{"rendered":"\t\t<div data-elementor-type=\"wp-post\" data-elementor-id=\"10224\" class=\"elementor elementor-10224\">\n\t\t\t\t<div class=\"elementor-element elementor-element-2612b12 e-flex e-con-boxed e-con e-parent\" data-id=\"2612b12\" data-element_type=\"container\" data-e-type=\"container\">\n\t\t\t\t\t<div class=\"e-con-inner\">\n\t\t\n\t\t<div class=\"elementor-element elementor-element-498707ae elementor-widget elementor-widget-text-editor\" data-id=\"498707ae\" data-element_type=\"widget\" data-e-type=\"widget\" data-widget_type=\"text-editor.default\">\n\t\t\t\t<div class=\"elementor-widget-container\">\n\t\t\t\t\t\t\t\t\t<p>La presente obra adopta un acercamiento hol\u00edstico y global a todos los aspectos del s\u00edndrome de ovario poliqu\u00edstico (SOP) y ofrece una gu\u00eda de referencia acerca de su diagn\u00f3stico, tratamiento y control. Presenta un enfoque coherente y basado en la evidencia, as\u00ed como recomendaciones para la pr\u00e1ctica cl\u00ednica fundamentadas en los m\u00e1s recientes avances cient\u00edficos. \u00danico en su g\u00e9nero, este \u00fatil manual proporciona herramientas para la toma de decisiones a endocrin\u00f3logos, especialistas en t\u00e9cnicas de reproducci\u00f3n asistida, ginec\u00f3logos y residentes que diagnostican y ofrecen tratamiento a mujeres que padecen esta compleja enfermedad cr\u00f3nica.<\/p>\t\t\t\t\t\t\t\t<\/div>\n\t\t\t\t<\/div>\n\t\t\t\t\t<\/div>\n\t\t\t\t<\/div>\n\t\t\t\t<\/div>\n\t\t","protected":false},"excerpt":{"rendered":"<p><strong>Autores:<\/strong>\u00a0Rehana Rehman &amp; Aisha Sheikh<br \/>\n<strong>ISBN:<\/strong>\u00a09788413826202<br \/>\n<strong>Editorial:<\/strong>\u00a0Elsevier<br \/>\n<strong>Edici\u00f3n:<\/strong>\u00a01\u00aa<br \/>\n<strong>Especialidad<\/strong>: Ginecolog\u00eda y Obstetricia<br \/>\n<strong>P\u00e1ginas<\/strong>: 248<br \/>\n\u00a9 2024<\/p>\n","protected":false},"featured_media":10225,"comment_status":"open","ping_status":"open","template":"","meta":{"_joinchat":[]},"product_cat":[104],"product_tag":[240,85,105],"class_list":{"0":"post-10224","1":"product","2":"type-product","3":"status-publish","4":"has-post-thumbnail","6":"product_cat-ginecologia-y-obstetricia","7":"product_tag-240","8":"product_tag-elsevier","9":"product_tag-ginecologia-y-obstetricia","11":"first","12":"instock","13":"featured","14":"taxable","15":"shipping-taxable","16":"purchasable","17":"product-type-simple"},"_links":{"self":[{"href":"https:\/\/edimeinter.com\/libreria\/wp-json\/wp\/v2\/product\/10224","targetHints":{"allow":["GET"]}}],"collection":[{"href":"https:\/\/edimeinter.com\/libreria\/wp-json\/wp\/v2\/product"}],"about":[{"href":"https:\/\/edimeinter.com\/libreria\/wp-json\/wp\/v2\/types\/product"}],"replies":[{"embeddable":true,"href":"https:\/\/edimeinter.com\/libreria\/wp-json\/wp\/v2\/comments?post=10224"}],"version-history":[{"count":1,"href":"https:\/\/edimeinter.com\/libreria\/wp-json\/wp\/v2\/product\/10224\/revisions"}],"predecessor-version":[{"id":14957,"href":"https:\/\/edimeinter.com\/libreria\/wp-json\/wp\/v2\/product\/10224\/revisions\/14957"}],"wp:featuredmedia":[{"embeddable":true,"href":"https:\/\/edimeinter.com\/libreria\/wp-json\/wp\/v2\/media\/10225"}],"wp:attachment":[{"href":"https:\/\/edimeinter.com\/libreria\/wp-json\/wp\/v2\/media?parent=10224"}],"wp:term":[{"taxonomy":"product_cat","embeddable":true,"href":"https:\/\/edimeinter.com\/libreria\/wp-json\/wp\/v2\/product_cat?post=10224"},{"taxonomy":"product_tag","embeddable":true,"href":"https:\/\/edimeinter.com\/libreria\/wp-json\/wp\/v2\/product_tag?post=10224"}],"curies":[{"name":"wp","href":"https:\/\/api.w.org\/{rel}","templated":true}]}}