{"id":10231,"date":"2025-02-05T00:01:06","date_gmt":"2025-02-05T00:01:06","guid":{"rendered":"https:\/\/edimeinter.com\/libreria\/?post_type=product&#038;p=10231"},"modified":"2025-03-09T20:32:10","modified_gmt":"2025-03-09T20:32:10","slug":"murray-microbiologia-medica-basica-2a-edicion","status":"publish","type":"product","link":"https:\/\/edimeinter.com\/libreria\/product\/murray-microbiologia-medica-basica-2a-edicion\/","title":{"rendered":"Murray. Microbiolog\u00eda m\u00e9dica b\u00e1sica. 2\u00aa Edici\u00f3n"},"content":{"rendered":"\t\t<div data-elementor-type=\"wp-post\" data-elementor-id=\"10231\" class=\"elementor elementor-10231\">\n\t\t\t\t<div class=\"elementor-element elementor-element-2612b12 e-flex e-con-boxed e-con e-parent\" data-id=\"2612b12\" data-element_type=\"container\" data-e-type=\"container\">\n\t\t\t\t\t<div class=\"e-con-inner\">\n\t\t\n\t\t<div class=\"elementor-element elementor-element-498707ae elementor-widget elementor-widget-text-editor\" data-id=\"498707ae\" data-element_type=\"widget\" data-e-type=\"widget\" data-widget_type=\"text-editor.default\">\n\t\t\t\t<div class=\"elementor-widget-container\">\n\t\t\t\t\t\t\t\t\t<p>Nueva ed. del texto derivado de la obra de referencia<i><em>, Murray Microbiolog\u00eda m\u00e9dica\u00a0<\/em><\/i>que responde a la necesidad de disponer de un \u00abcore\u00bb de conocimientos con la misma calidad y rigor cient\u00edfico que el\u00a0<i><em>best seller.<\/em><\/i><\/p><p>La nueva edici\u00f3n incorpora una nueva Secci\u00f3n (Secci\u00f3n VI) en la que se incluyen 50 casos cl\u00ednicos desarrollados. Dicha secci\u00f3n se organiza por sistemas y puede considerarse una introducci\u00f3n a las enfermedades infecciosas.<\/p><p>\u00a0Se han actualizado por entero todos los cap\u00edtulos haciendo especial hincapi\u00e9 en toda la nueva informaci\u00f3n acerca del Covid-19. Se ha incluido un cap\u00edtulo nuevo abordando el virus del Papiloma humano.<\/p><p>La nueva edici\u00f3n incluye contenido online en ingl\u00e9s a trav\u00e9s de la plataforma de e-book+ en la que se puede encontrar el e-book en ingl\u00e9s, as\u00ed como todas las tablas, figuras y referencias bibliogr\u00e1ficas.<\/p>\t\t\t\t\t\t\t\t<\/div>\n\t\t\t\t<\/div>\n\t\t\t\t\t<\/div>\n\t\t\t\t<\/div>\n\t\t\t\t<\/div>\n\t\t","protected":false},"excerpt":{"rendered":"<p><strong>Autores:<\/strong>\u00a0Patrick R. Murray<br \/>\n<strong>ISBN:<\/strong>\u00a09788413826417<br \/>\n<strong>Editorial:<\/strong>\u00a0Elsevier<br \/>\n<strong>Edici\u00f3n:<\/strong>\u00a02\u00aa<br \/>\n<strong>Especialidad<\/strong>: Microbiolog\u00eda<br \/>\n<strong>P\u00e1ginas<\/strong>: 294<br \/>\n\u00a9 2024<\/p>\n","protected":false},"featured_media":10232,"comment_status":"open","ping_status":"open","template":"","meta":{"_joinchat":[]},"product_cat":[116],"product_tag":[240,85,117],"class_list":{"0":"post-10231","1":"product","2":"type-product","3":"status-publish","4":"has-post-thumbnail","6":"product_cat-microbiologia","7":"product_tag-240","8":"product_tag-elsevier","9":"product_tag-microbiologia","11":"first","12":"instock","13":"featured","14":"taxable","15":"shipping-taxable","16":"purchasable","17":"product-type-simple"},"_links":{"self":[{"href":"https:\/\/edimeinter.com\/libreria\/wp-json\/wp\/v2\/product\/10231","targetHints":{"allow":["GET"]}}],"collection":[{"href":"https:\/\/edimeinter.com\/libreria\/wp-json\/wp\/v2\/product"}],"about":[{"href":"https:\/\/edimeinter.com\/libreria\/wp-json\/wp\/v2\/types\/product"}],"replies":[{"embeddable":true,"href":"https:\/\/edimeinter.com\/libreria\/wp-json\/wp\/v2\/comments?post=10231"}],"version-history":[{"count":1,"href":"https:\/\/edimeinter.com\/libreria\/wp-json\/wp\/v2\/product\/10231\/revisions"}],"predecessor-version":[{"id":14958,"href":"https:\/\/edimeinter.com\/libreria\/wp-json\/wp\/v2\/product\/10231\/revisions\/14958"}],"wp:featuredmedia":[{"embeddable":true,"href":"https:\/\/edimeinter.com\/libreria\/wp-json\/wp\/v2\/media\/10232"}],"wp:attachment":[{"href":"https:\/\/edimeinter.com\/libreria\/wp-json\/wp\/v2\/media?parent=10231"}],"wp:term":[{"taxonomy":"product_cat","embeddable":true,"href":"https:\/\/edimeinter.com\/libreria\/wp-json\/wp\/v2\/product_cat?post=10231"},{"taxonomy":"product_tag","embeddable":true,"href":"https:\/\/edimeinter.com\/libreria\/wp-json\/wp\/v2\/product_tag?post=10231"}],"curies":[{"name":"wp","href":"https:\/\/api.w.org\/{rel}","templated":true}]}}