{"id":10237,"date":"2025-02-05T00:03:55","date_gmt":"2025-02-05T00:03:55","guid":{"rendered":"https:\/\/edimeinter.com\/libreria\/?post_type=product&#038;p=10237"},"modified":"2025-03-09T20:32:04","modified_gmt":"2025-03-09T20:32:04","slug":"diabetes-secretos-1a-edicion","status":"publish","type":"product","link":"https:\/\/edimeinter.com\/libreria\/product\/diabetes-secretos-1a-edicion\/","title":{"rendered":"Diabetes. Secretos. 1\u00aa Edici\u00f3n"},"content":{"rendered":"\t\t<div data-elementor-type=\"wp-post\" data-elementor-id=\"10237\" class=\"elementor elementor-10237\">\n\t\t\t\t<div class=\"elementor-element elementor-element-2612b12 e-flex e-con-boxed e-con e-parent\" data-id=\"2612b12\" data-element_type=\"container\" data-e-type=\"container\">\n\t\t\t\t\t<div class=\"e-con-inner\">\n\t\t\n\t\t<div class=\"elementor-element elementor-element-498707ae elementor-widget elementor-widget-text-editor\" data-id=\"498707ae\" data-element_type=\"widget\" data-e-type=\"widget\" data-widget_type=\"text-editor.default\">\n\t\t\t\t<div class=\"elementor-widget-container\">\n\t\t\t\t\t\t\t\t\t<p>Nuevo t\u00edtulo enmarcado dentro de la serie \u201cSecretos\u0094 que, al igual que otros t\u00edtulos de la misma serie, presenta el popular formato de preguntas y respuestas, incluyendo tambi\u00e9n listas, tablas, perlas, ayudas para la memoria y un estilo f\u00e1cil de leer, lo que hace que la consulta, la referencia y la revisi\u00f3n sean r\u00e1pidas, f\u00e1ciles y agradables.<\/p><p>Este nuevo t\u00edtulo contiene todas las preguntas que el lector podr\u00eda llegar a plantearse sobre cualquiera de los temas relacionados con la Diabetes. Adem\u00e1s, el manejable tama\u00f1o y la lista de los 100 Secretos Top en Diabetes ayudan al lector a conocer de primera mano los retos a los que deber\u00eda afrontarse d\u00eda a d\u00eda.<\/p><p>Cobertura actualizada de la gama completa de temas relacionados con la diabetes, incluida la diabetes durante el embarazo; control de la diabetes en pacientes con c\u00e1ncer; control de la diabetes durante el ejercicio, los deportes y la competici\u00f3n; control de la diabetes en pacientes hospitalizados, y m\u00e1s.<\/p><p>La obra ofrece acceso al contenido del e-book en ingl\u00e9s a trav\u00e9s de la plataforma de e-book+.<\/p>\t\t\t\t\t\t\t\t<\/div>\n\t\t\t\t<\/div>\n\t\t\t\t\t<\/div>\n\t\t\t\t<\/div>\n\t\t\t\t<\/div>\n\t\t","protected":false},"excerpt":{"rendered":"<p><strong>Autores:<\/strong>\u00a0Michael T. McDermott &amp; Jennifer M. Trujillo<br \/>\n<strong>ISBN:<\/strong>\u00a09788413825359<br \/>\n<strong>Editorial:<\/strong>\u00a0Elsevier<br \/>\n<strong>Edici\u00f3n:<\/strong>\u00a01\u00aa<br \/>\n<strong>Especialidad<\/strong>: Endocrinolog\u00eda<br \/>\n<strong>P\u00e1ginas<\/strong>: 200<br \/>\n\u00a9 2024<\/p>\n","protected":false},"featured_media":10238,"comment_status":"open","ping_status":"open","template":"","meta":{"_joinchat":[]},"product_cat":[93],"product_tag":[240,85,94],"class_list":{"0":"post-10237","1":"product","2":"type-product","3":"status-publish","4":"has-post-thumbnail","6":"product_cat-endocrinologia","7":"product_tag-240","8":"product_tag-elsevier","9":"product_tag-endocrinologia","11":"first","12":"instock","13":"featured","14":"taxable","15":"shipping-taxable","16":"purchasable","17":"product-type-simple"},"_links":{"self":[{"href":"https:\/\/edimeinter.com\/libreria\/wp-json\/wp\/v2\/product\/10237","targetHints":{"allow":["GET"]}}],"collection":[{"href":"https:\/\/edimeinter.com\/libreria\/wp-json\/wp\/v2\/product"}],"about":[{"href":"https:\/\/edimeinter.com\/libreria\/wp-json\/wp\/v2\/types\/product"}],"replies":[{"embeddable":true,"href":"https:\/\/edimeinter.com\/libreria\/wp-json\/wp\/v2\/comments?post=10237"}],"version-history":[{"count":1,"href":"https:\/\/edimeinter.com\/libreria\/wp-json\/wp\/v2\/product\/10237\/revisions"}],"predecessor-version":[{"id":14959,"href":"https:\/\/edimeinter.com\/libreria\/wp-json\/wp\/v2\/product\/10237\/revisions\/14959"}],"wp:featuredmedia":[{"embeddable":true,"href":"https:\/\/edimeinter.com\/libreria\/wp-json\/wp\/v2\/media\/10238"}],"wp:attachment":[{"href":"https:\/\/edimeinter.com\/libreria\/wp-json\/wp\/v2\/media?parent=10237"}],"wp:term":[{"taxonomy":"product_cat","embeddable":true,"href":"https:\/\/edimeinter.com\/libreria\/wp-json\/wp\/v2\/product_cat?post=10237"},{"taxonomy":"product_tag","embeddable":true,"href":"https:\/\/edimeinter.com\/libreria\/wp-json\/wp\/v2\/product_tag?post=10237"}],"curies":[{"name":"wp","href":"https:\/\/api.w.org\/{rel}","templated":true}]}}