{"id":10243,"date":"2025-02-05T00:08:28","date_gmt":"2025-02-05T00:08:28","guid":{"rendered":"https:\/\/edimeinter.com\/libreria\/?post_type=product&#038;p=10243"},"modified":"2025-03-09T20:31:59","modified_gmt":"2025-03-09T20:31:59","slug":"dermatologia-de-la-diversidad-1a-edicion","status":"publish","type":"product","link":"https:\/\/edimeinter.com\/libreria\/product\/dermatologia-de-la-diversidad-1a-edicion\/","title":{"rendered":"Dermatolog\u00eda de la diversidad. 1\u00aa Edici\u00f3n"},"content":{"rendered":"\t\t<div data-elementor-type=\"wp-post\" data-elementor-id=\"10243\" class=\"elementor elementor-10243\">\n\t\t\t\t<div class=\"elementor-element elementor-element-2612b12 e-flex e-con-boxed e-con e-parent\" data-id=\"2612b12\" data-element_type=\"container\" data-e-type=\"container\">\n\t\t\t\t\t<div class=\"e-con-inner\">\n\t\t\n\t\t<div class=\"elementor-element elementor-element-498707ae elementor-widget elementor-widget-text-editor\" data-id=\"498707ae\" data-element_type=\"widget\" data-e-type=\"widget\" data-widget_type=\"text-editor.default\">\n\t\t\t\t<div class=\"elementor-widget-container\">\n\t\t\t\t\t\t\t\t\t<p>Las particularidades dermatol\u00f3gicas que pueden vincularse a la diversidad de la poblaci\u00f3n son numerosas, y afectan tanto a la piel como al cuero cabelludo. Pueden tener un gran impacto est\u00e9tico y psicol\u00f3gico. El primer libro sobre el tema, Dermatolog\u00eda de la diversidad, pretende hacer balance de estas cuestiones y ofrecer al dermat\u00f3logo un manual de diagn\u00f3stico y tratamiento.<\/p><p>Las especificidades directamente relacionadas con una pigmentaci\u00f3n mel\u00e1nica intensa de la piel o un cabello muy rizado se detallan a nivel diagn\u00f3stico, pero tambi\u00e9n a nivel terap\u00e9utico, especificando en particular las adaptaciones de determinadas t\u00e9cnicas o indicaciones terap\u00e9uticas que pueden derivarse de ello. Tambi\u00e9n se enumeran las consecuencias de la exposici\u00f3n a un entorno espec\u00edfico, sobre todo tropical, o a pr\u00e1cticas marcadas culturalmente. Por \u00faltimo, este libro aborda el tema desde una perspectiva m\u00e1s global: geopol\u00edtica, por un lado, para ilustrar el peso cada vez m\u00e1s importante de la globalizaci\u00f3n en la salud; pero tambi\u00e9n, en un plano m\u00e1s te\u00f3rico, el car\u00e1cter innovador de algunos conceptos que justifica su clarificaci\u00f3n, con una notable aportaci\u00f3n de las ciencias sociales. Tambi\u00e9n se presentan los fundamentos de un enfoque transcultural de la asistencia.<\/p><p>Esta exhaustiva obra, ilustrada con numerosas tablas y cerca de 350 fotograf\u00edas, es indispensable para cualquier dermat\u00f3logo, constituyendo una referencia obligada para obtener una calidad asistencial universal que tenga en cuenta la diversidad de las poblaciones.<\/p>\t\t\t\t\t\t\t\t<\/div>\n\t\t\t\t<\/div>\n\t\t\t\t\t<\/div>\n\t\t\t\t<\/div>\n\t\t\t\t<\/div>\n\t\t","protected":false},"excerpt":{"rendered":"<p><strong>Autores:<\/strong>\u00a0Antoine Mah\u00e9 &amp; Ousmane FAYE<br \/>\n<strong>ISBN:<\/strong>\u00a09788413826103<br \/>\n<strong>Editorial:<\/strong>\u00a0Elsevier<br \/>\n<strong>Edici\u00f3n:<\/strong>\u00a01\u00aa<br \/>\n<strong>Especialidad<\/strong>: Dermatolog\u00eda<br \/>\n<strong>P\u00e1ginas<\/strong>: 304<br \/>\n\u00a9 2024<\/p>\n","protected":false},"featured_media":10244,"comment_status":"open","ping_status":"open","template":"","meta":{"_joinchat":[]},"product_cat":[108],"product_tag":[240,109,85],"class_list":{"0":"post-10243","1":"product","2":"type-product","3":"status-publish","4":"has-post-thumbnail","6":"product_cat-dermatologia","7":"product_tag-240","8":"product_tag-dermatologia","9":"product_tag-elsevier","11":"first","12":"instock","13":"featured","14":"taxable","15":"shipping-taxable","16":"purchasable","17":"product-type-simple"},"_links":{"self":[{"href":"https:\/\/edimeinter.com\/libreria\/wp-json\/wp\/v2\/product\/10243","targetHints":{"allow":["GET"]}}],"collection":[{"href":"https:\/\/edimeinter.com\/libreria\/wp-json\/wp\/v2\/product"}],"about":[{"href":"https:\/\/edimeinter.com\/libreria\/wp-json\/wp\/v2\/types\/product"}],"replies":[{"embeddable":true,"href":"https:\/\/edimeinter.com\/libreria\/wp-json\/wp\/v2\/comments?post=10243"}],"version-history":[{"count":1,"href":"https:\/\/edimeinter.com\/libreria\/wp-json\/wp\/v2\/product\/10243\/revisions"}],"predecessor-version":[{"id":14960,"href":"https:\/\/edimeinter.com\/libreria\/wp-json\/wp\/v2\/product\/10243\/revisions\/14960"}],"wp:featuredmedia":[{"embeddable":true,"href":"https:\/\/edimeinter.com\/libreria\/wp-json\/wp\/v2\/media\/10244"}],"wp:attachment":[{"href":"https:\/\/edimeinter.com\/libreria\/wp-json\/wp\/v2\/media?parent=10243"}],"wp:term":[{"taxonomy":"product_cat","embeddable":true,"href":"https:\/\/edimeinter.com\/libreria\/wp-json\/wp\/v2\/product_cat?post=10243"},{"taxonomy":"product_tag","embeddable":true,"href":"https:\/\/edimeinter.com\/libreria\/wp-json\/wp\/v2\/product_tag?post=10243"}],"curies":[{"name":"wp","href":"https:\/\/api.w.org\/{rel}","templated":true}]}}