{"id":10255,"date":"2025-02-05T00:14:11","date_gmt":"2025-02-05T00:14:11","guid":{"rendered":"https:\/\/edimeinter.com\/libreria\/?post_type=product&#038;p=10255"},"modified":"2025-03-09T20:31:49","modified_gmt":"2025-03-09T20:31:49","slug":"robbins-y-kumar-patologia-humana-11a-edicion","status":"publish","type":"product","link":"https:\/\/edimeinter.com\/libreria\/product\/robbins-y-kumar-patologia-humana-11a-edicion\/","title":{"rendered":"Robbins y Kumar. Patolog\u00eda humana. 11\u00aa Edici\u00f3n"},"content":{"rendered":"\t\t<div data-elementor-type=\"wp-post\" data-elementor-id=\"10255\" class=\"elementor elementor-10255\">\n\t\t\t\t<div class=\"elementor-element elementor-element-2612b12 e-flex e-con-boxed e-con e-parent\" data-id=\"2612b12\" data-element_type=\"container\" data-e-type=\"container\">\n\t\t\t\t\t<div class=\"e-con-inner\">\n\t\t\n\t\t<div class=\"elementor-element elementor-element-498707ae elementor-widget elementor-widget-text-editor\" data-id=\"498707ae\" data-element_type=\"widget\" data-e-type=\"widget\" data-widget_type=\"text-editor.default\">\n\t\t\t\t<div class=\"elementor-widget-container\">\n\t\t\t\t\t\t\t\t\t<p>Nueva edici\u00f3n del texto de referencia en anatom\u00eda patol\u00f3gica, perteneciente a la familia Robbins Kumar en la que se abordan en profundidad los procesos patol\u00f3gicos clave, las t\u00e9cnicas de an\u00e1lisis macrosc\u00f3pico y microsc\u00f3pico y, sobre todo enfatiza las correlaciones cl\u00ednico-patol\u00f3gicas y la influencia de la patolog\u00eda molecular.<\/p><p>\u00a0Entre las novedades m\u00e1s destacadas, cabe se\u00f1alar: inclusi\u00f3n de tablas de pruebas anal\u00edticas, 150 nuevos diagramas y apartados de \u201cRevisi\u00f3n r\u00e1pida\u0094 al final de cap\u00edtulo.<\/p><p>\u00a0Se hace especial hincapi\u00e9 en las disparidades en la atenci\u00f3n de salud y replantear su relaci\u00f3n con los factores socioecon\u00f3micos y los condicionantes raciales definidos socialmente.<\/p><p>\u00a0La obra incluye contenido online en ingl\u00e9s a trav\u00e9s de la plataforma e-book+ (acceso al e-book en ingl\u00e9s, banco de preguntas y casos cl\u00ednicos).<\/p>\t\t\t\t\t\t\t\t<\/div>\n\t\t\t\t<\/div>\n\t\t\t\t\t<\/div>\n\t\t\t\t<\/div>\n\t\t\t\t<\/div>\n\t\t","protected":false},"excerpt":{"rendered":"<p><strong>Autores:<\/strong>\u00a0Vinay Kumar &amp; Abul K. Abbas &amp; Jon C. Aster<br \/>\n<strong>ISBN:<\/strong>\u00a09788413825724<br \/>\n<strong>Editorial:<\/strong>\u00a0Elsevier<br \/>\n<strong>Edici\u00f3n:<\/strong>\u00a011\u00aa<br \/>\n<strong>Especialidad<\/strong>: Patolog\u00eda<br \/>\n<strong>P\u00e1ginas<\/strong>: 840<br \/>\n\u00a9 2024<\/p>\n","protected":false},"featured_media":10256,"comment_status":"open","ping_status":"open","template":"","meta":{"_joinchat":[]},"product_cat":[134],"product_tag":[240,85,135],"class_list":{"0":"post-10255","1":"product","2":"type-product","3":"status-publish","4":"has-post-thumbnail","6":"product_cat-patologia","7":"product_tag-240","8":"product_tag-elsevier","9":"product_tag-patologia","11":"first","12":"instock","13":"featured","14":"taxable","15":"shipping-taxable","16":"purchasable","17":"product-type-simple"},"_links":{"self":[{"href":"https:\/\/edimeinter.com\/libreria\/wp-json\/wp\/v2\/product\/10255","targetHints":{"allow":["GET"]}}],"collection":[{"href":"https:\/\/edimeinter.com\/libreria\/wp-json\/wp\/v2\/product"}],"about":[{"href":"https:\/\/edimeinter.com\/libreria\/wp-json\/wp\/v2\/types\/product"}],"replies":[{"embeddable":true,"href":"https:\/\/edimeinter.com\/libreria\/wp-json\/wp\/v2\/comments?post=10255"}],"version-history":[{"count":1,"href":"https:\/\/edimeinter.com\/libreria\/wp-json\/wp\/v2\/product\/10255\/revisions"}],"predecessor-version":[{"id":14962,"href":"https:\/\/edimeinter.com\/libreria\/wp-json\/wp\/v2\/product\/10255\/revisions\/14962"}],"wp:featuredmedia":[{"embeddable":true,"href":"https:\/\/edimeinter.com\/libreria\/wp-json\/wp\/v2\/media\/10256"}],"wp:attachment":[{"href":"https:\/\/edimeinter.com\/libreria\/wp-json\/wp\/v2\/media?parent=10255"}],"wp:term":[{"taxonomy":"product_cat","embeddable":true,"href":"https:\/\/edimeinter.com\/libreria\/wp-json\/wp\/v2\/product_cat?post=10255"},{"taxonomy":"product_tag","embeddable":true,"href":"https:\/\/edimeinter.com\/libreria\/wp-json\/wp\/v2\/product_tag?post=10255"}],"curies":[{"name":"wp","href":"https:\/\/api.w.org\/{rel}","templated":true}]}}