{"id":10261,"date":"2025-02-05T00:17:04","date_gmt":"2025-02-05T00:17:04","guid":{"rendered":"https:\/\/edimeinter.com\/libreria\/?post_type=product&#038;p=10261"},"modified":"2026-04-17T22:40:08","modified_gmt":"2026-04-17T22:40:08","slug":"medicina-interna-en-pequenos-animales-2a-edicion","status":"publish","type":"product","link":"https:\/\/edimeinter.com\/libreria\/product\/medicina-interna-en-pequenos-animales-2a-edicion\/","title":{"rendered":"Medicina interna en peque\u00f1os animales. 2\u00aa Edici\u00f3n"},"content":{"rendered":"\t\t<div data-elementor-type=\"wp-post\" data-elementor-id=\"10261\" class=\"elementor elementor-10261\">\n\t\t\t\t<div class=\"elementor-element elementor-element-2612b12 e-flex e-con-boxed e-con e-parent\" data-id=\"2612b12\" data-element_type=\"container\" data-e-type=\"container\">\n\t\t\t\t\t<div class=\"e-con-inner\">\n\t\t\n\t\t<div class=\"elementor-element elementor-element-498707ae elementor-widget elementor-widget-text-editor\" data-id=\"498707ae\" data-element_type=\"widget\" data-e-type=\"widget\" data-widget_type=\"text-editor.default\">\n\t\t\t\t<div class=\"elementor-widget-container\">\n\t\t\t\t\t\t\t\t\t<p>Manuales cl\u00ednicos de Veterinaria es una colecci\u00f3n de gu\u00edas pr\u00e1cticas que ofrecen informaci\u00f3n clara, precisa y actualizada sobre las diferentes especialidades veterinarias.\u00a0El objetivo principal de estos manuales es facilitar la toma de decisiones en el d\u00eda a d\u00eda de la pr\u00e1ctica cl\u00ednica.<\/p><p>Esta nueva edici\u00f3n, revisada y actualizada con nuevas tablas, diagramas e im\u00e1genes, mantiene la organizaci\u00f3n tem\u00e1tica a partir de signos cl\u00ednicos que tan buena acogida tuvo en la primera edici\u00f3n. Ello le permite seguir siendo una gu\u00eda cl\u00ednica ideal en la consulta de medicina interna, tanto para formular los posibles diagn\u00f3sticos diferenciales como para optar por el tratamiento m\u00e1s adecuado.<\/p><p>Organizada en 55 cap\u00edtulos ordenados alfab\u00e9ticamente, cada uno de ellos dedicado a un signo cl\u00ednico de inter\u00e9s, que cubren el espectro de presentaci\u00f3n habitual en la pr\u00e1ctica cl\u00ednica.\u00a0La informaci\u00f3n ha sido\u00a0organizada de forma concisa y clara, de f\u00e1cil y r\u00e1pida consulta, con un abordaje sencillo y sistem\u00e1tico de signos cl\u00ednicos y diagn\u00f3sticos diferenciales, que permite comprender los procesos cl\u00ednicos m\u00e1s habituales que afectan a los animales de compa\u00f1\u00eda.<\/p><p>Esta obra est\u00e1 destinada a profesionales y a estudiantes de Veterinaria que quieran profundizar en las materias cl\u00ednicas durante sus estudios de grado.<\/p>\t\t\t\t\t\t\t\t<\/div>\n\t\t\t\t<\/div>\n\t\t\t\t\t<\/div>\n\t\t\t\t<\/div>\n\t\t\t\t<\/div>\n\t\t","protected":false},"excerpt":{"rendered":"<p><strong>Autores:<\/strong>\u00a0Juan Morgaz Rodr\u00edguez &amp; Alba Gal\u00e1n Rodr\u00edguez &amp; Pilar Mu\u00f1oz Rasc\u00f3n &amp; Carmen Pineda Martos &amp; Alba Gal\u00e1n Rodr\u00edguez &amp; Ignacio Mesa S\u00e1nchez<br \/>\n<strong>ISBN:<\/strong>\u00a09788413824826<br \/>\n<strong>Editorial:<\/strong>\u00a0Elsevier<br \/>\n<strong>Edici\u00f3n:<\/strong>\u00a02\u00aa<br \/>\n<strong>Especialidad<\/strong>: Veterinaria<br \/>\n<strong>P\u00e1ginas<\/strong>: 414<br \/>\n\u00a9 2024<\/p>\n","protected":false},"featured_media":10262,"comment_status":"open","ping_status":"closed","template":"","meta":{"_joinchat":[]},"product_cat":[162],"product_tag":[240,85,163],"class_list":{"0":"post-10261","1":"product","2":"type-product","3":"status-publish","4":"has-post-thumbnail","6":"product_cat-veterinaria","7":"product_tag-240","8":"product_tag-elsevier","9":"product_tag-veterinaria","11":"first","12":"outofstock","13":"featured","14":"taxable","15":"shipping-taxable","16":"purchasable","17":"product-type-simple"},"_links":{"self":[{"href":"https:\/\/edimeinter.com\/libreria\/wp-json\/wp\/v2\/product\/10261","targetHints":{"allow":["GET"]}}],"collection":[{"href":"https:\/\/edimeinter.com\/libreria\/wp-json\/wp\/v2\/product"}],"about":[{"href":"https:\/\/edimeinter.com\/libreria\/wp-json\/wp\/v2\/types\/product"}],"replies":[{"embeddable":true,"href":"https:\/\/edimeinter.com\/libreria\/wp-json\/wp\/v2\/comments?post=10261"}],"version-history":[{"count":1,"href":"https:\/\/edimeinter.com\/libreria\/wp-json\/wp\/v2\/product\/10261\/revisions"}],"predecessor-version":[{"id":14963,"href":"https:\/\/edimeinter.com\/libreria\/wp-json\/wp\/v2\/product\/10261\/revisions\/14963"}],"wp:featuredmedia":[{"embeddable":true,"href":"https:\/\/edimeinter.com\/libreria\/wp-json\/wp\/v2\/media\/10262"}],"wp:attachment":[{"href":"https:\/\/edimeinter.com\/libreria\/wp-json\/wp\/v2\/media?parent=10261"}],"wp:term":[{"taxonomy":"product_cat","embeddable":true,"href":"https:\/\/edimeinter.com\/libreria\/wp-json\/wp\/v2\/product_cat?post=10261"},{"taxonomy":"product_tag","embeddable":true,"href":"https:\/\/edimeinter.com\/libreria\/wp-json\/wp\/v2\/product_tag?post=10261"}],"curies":[{"name":"wp","href":"https:\/\/api.w.org\/{rel}","templated":true}]}}