{"id":10273,"date":"2025-02-05T00:22:06","date_gmt":"2025-02-05T00:22:06","guid":{"rendered":"https:\/\/edimeinter.com\/libreria\/?post_type=product&#038;p=10273"},"modified":"2025-03-09T20:31:33","modified_gmt":"2025-03-09T20:31:33","slug":"neurologia-7a-edicion","status":"publish","type":"product","link":"https:\/\/edimeinter.com\/libreria\/product\/neurologia-7a-edicion\/","title":{"rendered":"Neurolog\u00eda. 7\u00aa Edici\u00f3n"},"content":{"rendered":"\t\t<div data-elementor-type=\"wp-post\" data-elementor-id=\"10273\" class=\"elementor elementor-10273\">\n\t\t\t\t<div class=\"elementor-element elementor-element-2612b12 e-flex e-con-boxed e-con e-parent\" data-id=\"2612b12\" data-element_type=\"container\" data-e-type=\"container\">\n\t\t\t\t\t<div class=\"e-con-inner\">\n\t\t\n\t\t<div class=\"elementor-element elementor-element-498707ae elementor-widget elementor-widget-text-editor\" data-id=\"498707ae\" data-element_type=\"widget\" data-e-type=\"widget\" data-widget_type=\"text-editor.default\">\n\t\t\t\t<div class=\"elementor-widget-container\">\n\t\t\t\t\t\t\t\t\t<p>Texto eminentemente docente para el per\u00edodo de formaci\u00f3n de grado y, sobre todo, para los residentes que van a especializarse en Neurolog\u00eda. Especialistas en otras disciplinas, como medicina interna, psiquiatr\u00eda y neurocirug\u00eda, entre otras, pueden encontrar en este libro un libro de referencia y de consulta.<\/p><p>\u00a0Mantiene su estructura b\u00e1sica, con los primeros 14 cap\u00edtulos destinados las bases del diagn\u00f3stico cl\u00ednico, los fundamentos de las exploraciones complementarias, y los grandes s\u00edndromes o trastornos neurol\u00f3gicos. Las cefaleas, el dolor y los trastornos de la consciencia forman tambi\u00e9n parte de estos primeros cap\u00edtulos. Los siguientes 15 cap\u00edtulos se ocupan de las entidades nosol\u00f3gicas (enfermedades infecciosas o vasculares, epilepsias, las que cursan con movimientos anormales, los tumores, las enfermedades desmielinizantes o las neurodegenerativas que afectan a las motoneuronas, a los sistemas espinocerebelosos o las que culminan con deterioro cognitivo y demencia). Se cierra con tres cap\u00edtulos dedicados a la neurogen\u00e9tica, los mecanismos de la neurodegeneraci\u00f3n (en un cap\u00edtulo nuevo) y la bio\u00e9tica en neurolog\u00eda.<\/p><p>\u00a0El texto ha sido revisado y actualizado con la adici\u00f3n de nuevas figuras, tablas y algoritmos de diagn\u00f3stico, y se ha puesto al d\u00eda la bibliograf\u00eda. El material online, adem\u00e1s de contar tambi\u00e9n con nuevas figuras, tablas y algoritmos de diagn\u00f3stico, se ha ampliado con nuevos casos cl\u00ednicos para el razonamiento del problema, m\u00e1s v\u00eddeos de semiolog\u00eda y preguntas de autoevaluaci\u00f3n.<\/p>\t\t\t\t\t\t\t\t<\/div>\n\t\t\t\t<\/div>\n\t\t\t\t\t<\/div>\n\t\t\t\t<\/div>\n\t\t\t\t<\/div>\n\t\t","protected":false},"excerpt":{"rendered":"<p><strong>Autores:<\/strong>\u00a0Juan Jos\u00e9 Zarranz Imirizaldu<br \/>\n<strong>ISBN:<\/strong>\u00a09788413822792<br \/>\n<strong>Editorial:<\/strong>\u00a0Elsevier<br \/>\n<strong>Edici\u00f3n:<\/strong>\u00a07\u00aa<br \/>\n<strong>Especialidad<\/strong>: Neurolog\u00eda y Neurocirug\u00eda<br \/>\n<strong>P\u00e1ginas<\/strong>: 830<br \/>\n\u00a9 2024<\/p>\n","protected":false},"featured_media":10274,"comment_status":"open","ping_status":"open","template":"","meta":{"_joinchat":[]},"product_cat":[166],"product_tag":[240,85,167],"class_list":{"0":"post-10273","1":"product","2":"type-product","3":"status-publish","4":"has-post-thumbnail","6":"product_cat-neurologia-y-neurocirugia","7":"product_tag-240","8":"product_tag-elsevier","9":"product_tag-neurologia-y-neurocirugia","11":"first","12":"instock","13":"featured","14":"taxable","15":"shipping-taxable","16":"purchasable","17":"product-type-simple"},"_links":{"self":[{"href":"https:\/\/edimeinter.com\/libreria\/wp-json\/wp\/v2\/product\/10273","targetHints":{"allow":["GET"]}}],"collection":[{"href":"https:\/\/edimeinter.com\/libreria\/wp-json\/wp\/v2\/product"}],"about":[{"href":"https:\/\/edimeinter.com\/libreria\/wp-json\/wp\/v2\/types\/product"}],"replies":[{"embeddable":true,"href":"https:\/\/edimeinter.com\/libreria\/wp-json\/wp\/v2\/comments?post=10273"}],"version-history":[{"count":1,"href":"https:\/\/edimeinter.com\/libreria\/wp-json\/wp\/v2\/product\/10273\/revisions"}],"predecessor-version":[{"id":14965,"href":"https:\/\/edimeinter.com\/libreria\/wp-json\/wp\/v2\/product\/10273\/revisions\/14965"}],"wp:featuredmedia":[{"embeddable":true,"href":"https:\/\/edimeinter.com\/libreria\/wp-json\/wp\/v2\/media\/10274"}],"wp:attachment":[{"href":"https:\/\/edimeinter.com\/libreria\/wp-json\/wp\/v2\/media?parent=10273"}],"wp:term":[{"taxonomy":"product_cat","embeddable":true,"href":"https:\/\/edimeinter.com\/libreria\/wp-json\/wp\/v2\/product_cat?post=10273"},{"taxonomy":"product_tag","embeddable":true,"href":"https:\/\/edimeinter.com\/libreria\/wp-json\/wp\/v2\/product_tag?post=10273"}],"curies":[{"name":"wp","href":"https:\/\/api.w.org\/{rel}","templated":true}]}}