{"id":10285,"date":"2025-02-05T00:27:22","date_gmt":"2025-02-05T00:27:22","guid":{"rendered":"https:\/\/edimeinter.com\/libreria\/?post_type=product&#038;p=10285"},"modified":"2025-03-09T20:29:59","modified_gmt":"2025-03-09T20:29:59","slug":"ecoendoscopia-5a-edicion","status":"publish","type":"product","link":"https:\/\/edimeinter.com\/libreria\/product\/ecoendoscopia-5a-edicion\/","title":{"rendered":"Ecoendoscopia. 5\u00aa Edici\u00f3n"},"content":{"rendered":"\t\t<div data-elementor-type=\"wp-post\" data-elementor-id=\"10285\" class=\"elementor elementor-10285\">\n\t\t\t\t<div class=\"elementor-element elementor-element-2612b12 e-flex e-con-boxed e-con e-parent\" data-id=\"2612b12\" data-element_type=\"container\" data-e-type=\"container\">\n\t\t\t\t\t<div class=\"e-con-inner\">\n\t\t\n\t\t<div class=\"elementor-element elementor-element-498707ae elementor-widget elementor-widget-text-editor\" data-id=\"498707ae\" data-element_type=\"widget\" data-e-type=\"widget\" data-widget_type=\"text-editor.default\">\n\t\t\t\t<div class=\"elementor-widget-container\">\n\t\t\t\t\t\t\t\t\t<p>Referencia imprescindible para ecoendoscopistas noveles o experimentados, esta quinta edici\u00f3n de Ecoendoscopia cubre el espectro completo de la ecoendoscopia (EE) en un formato de c\u00f3modo manejo. Los cap\u00edtulos que lo integran, concisos y de f\u00e1cil consulta, aportan un conocimiento actualizado de los cambios registrados en este campo, y se complementan con cerca de 150 v\u00eddeos ilustrativos que optimizan la competencia en la ejecuci\u00f3n de las t\u00e9cnicas m\u00e1s frecuentes y relevantes. Con cobertura de los procedimientos estandarizados y de los de m\u00e1s reciente implantaci\u00f3n, esta obra de referencia proporciona todos los conocimientos necesarios para la pr\u00e1ctica de intervenciones b\u00e1sicas y de nivel avanzado.<\/p>\t\t\t\t\t\t\t\t<\/div>\n\t\t\t\t<\/div>\n\t\t\t\t\t<\/div>\n\t\t\t\t<\/div>\n\t\t\t\t<\/div>\n\t\t","protected":false},"excerpt":{"rendered":"<p><strong>Autores:<\/strong>\u00a0Shyam S. Varadarajulu &amp; Paul Fockens &amp; Robert H. Hawes<br \/>\n<strong>ISBN:<\/strong>\u00a09788413826110<br \/>\n<strong>Editorial:<\/strong>\u00a0Elsevier<br \/>\n<strong>Edici\u00f3n:<\/strong>\u00a05\u00aa<br \/>\n<strong>Especialidad<\/strong>: Gastroenterolog\u00eda<br \/>\n<strong>P\u00e1ginas<\/strong>: 416<br \/>\n\u00a9 2024<\/p>\n","protected":false},"featured_media":10286,"comment_status":"open","ping_status":"open","template":"","meta":{"_joinchat":[]},"product_cat":[168],"product_tag":[240,85,169],"class_list":{"0":"post-10285","1":"product","2":"type-product","3":"status-publish","4":"has-post-thumbnail","6":"product_cat-gastroenterologia","7":"product_tag-240","8":"product_tag-elsevier","9":"product_tag-gastroenterologia","11":"first","12":"instock","13":"featured","14":"taxable","15":"shipping-taxable","16":"purchasable","17":"product-type-simple"},"_links":{"self":[{"href":"https:\/\/edimeinter.com\/libreria\/wp-json\/wp\/v2\/product\/10285","targetHints":{"allow":["GET"]}}],"collection":[{"href":"https:\/\/edimeinter.com\/libreria\/wp-json\/wp\/v2\/product"}],"about":[{"href":"https:\/\/edimeinter.com\/libreria\/wp-json\/wp\/v2\/types\/product"}],"replies":[{"embeddable":true,"href":"https:\/\/edimeinter.com\/libreria\/wp-json\/wp\/v2\/comments?post=10285"}],"version-history":[{"count":1,"href":"https:\/\/edimeinter.com\/libreria\/wp-json\/wp\/v2\/product\/10285\/revisions"}],"predecessor-version":[{"id":14968,"href":"https:\/\/edimeinter.com\/libreria\/wp-json\/wp\/v2\/product\/10285\/revisions\/14968"}],"wp:featuredmedia":[{"embeddable":true,"href":"https:\/\/edimeinter.com\/libreria\/wp-json\/wp\/v2\/media\/10286"}],"wp:attachment":[{"href":"https:\/\/edimeinter.com\/libreria\/wp-json\/wp\/v2\/media?parent=10285"}],"wp:term":[{"taxonomy":"product_cat","embeddable":true,"href":"https:\/\/edimeinter.com\/libreria\/wp-json\/wp\/v2\/product_cat?post=10285"},{"taxonomy":"product_tag","embeddable":true,"href":"https:\/\/edimeinter.com\/libreria\/wp-json\/wp\/v2\/product_tag?post=10285"}],"curies":[{"name":"wp","href":"https:\/\/api.w.org\/{rel}","templated":true}]}}