{"id":10291,"date":"2025-02-05T00:29:39","date_gmt":"2025-02-05T00:29:39","guid":{"rendered":"https:\/\/edimeinter.com\/libreria\/?post_type=product&#038;p=10291"},"modified":"2025-03-09T20:29:54","modified_gmt":"2025-03-09T20:29:54","slug":"abordaje-terapeutico-multidisciplinar-de-patologias-prevalentes-1a-edicion","status":"publish","type":"product","link":"https:\/\/edimeinter.com\/libreria\/product\/abordaje-terapeutico-multidisciplinar-de-patologias-prevalentes-1a-edicion\/","title":{"rendered":"Abordaje terap\u00e9utico multidisciplinar de patolog\u00edas prevalentes. 1\u00aa Edici\u00f3n"},"content":{"rendered":"\t\t<div data-elementor-type=\"wp-post\" data-elementor-id=\"10291\" class=\"elementor elementor-10291\">\n\t\t\t\t<div class=\"elementor-element elementor-element-2612b12 e-flex e-con-boxed e-con e-parent\" data-id=\"2612b12\" data-element_type=\"container\" data-e-type=\"container\">\n\t\t\t\t\t<div class=\"e-con-inner\">\n\t\t\n\t\t<div class=\"elementor-element elementor-element-498707ae elementor-widget elementor-widget-text-editor\" data-id=\"498707ae\" data-element_type=\"widget\" data-e-type=\"widget\" data-widget_type=\"text-editor.default\">\n\t\t\t\t<div class=\"elementor-widget-container\">\n\t\t\t\t\t\t\t\t\t<p>Los nuevos perfiles de pacientes est\u00e1n generando un cambio en la demanda asistencial. En este contexto, el abordaje terap\u00e9utico de las patolog\u00edas m\u00e1s prevalentes constituye un objetivo prioritario tanto en el propio \u00e1mbito asistencial como en el cient\u00edfico. Estas patolog\u00edas deben ser atendidas por equipos multidisciplinares que realicen un trabajo protocolizado y en continua actualizaci\u00f3n, contando adem\u00e1s con el apoyo de nuevas herramientas tecnol\u00f3gicas. Abordaje terap\u00e9utico multidisciplinar de patolog\u00edas prevalentes proporciona a los profesionales sanitarios y a los docentes y los estudiantes de Ciencias de la Salud herramientas para afrontar los distintos aspectos relacionados con la atenci\u00f3n multidisciplinar y para conseguir la implicaci\u00f3n del propio paciente, aspecto este \u00faltimo fundamental para el \u00e9xito del tratamiento.<\/p>\t\t\t\t\t\t\t\t<\/div>\n\t\t\t\t<\/div>\n\t\t\t\t\t<\/div>\n\t\t\t\t<\/div>\n\t\t\t\t<\/div>\n\t\t","protected":false},"excerpt":{"rendered":"<p><strong>Autores:<\/strong>\u00a0Rosario Pastor Mart\u00edn &amp; Josep Antoni Tur Mar\u00ed<br \/>\n<strong>ISBN:<\/strong>\u00a09788413824284<br \/>\n<strong>Editorial:<\/strong>\u00a0Elsevier<br \/>\n<strong>Edici\u00f3n:<\/strong>\u00a01\u00aa<br \/>\n<strong>Especialidad<\/strong>: Enfermer\u00eda<br \/>\n<strong>P\u00e1ginas<\/strong>: 364<br \/>\n\u00a9 2024<\/p>\n","protected":false},"featured_media":10292,"comment_status":"open","ping_status":"open","template":"","meta":{"_joinchat":[]},"product_cat":[115],"product_tag":[240,85,82],"class_list":{"0":"post-10291","1":"product","2":"type-product","3":"status-publish","4":"has-post-thumbnail","6":"product_cat-enfermeria","7":"product_tag-240","8":"product_tag-elsevier","9":"product_tag-enfermeria","11":"first","12":"instock","13":"featured","14":"taxable","15":"shipping-taxable","16":"purchasable","17":"product-type-simple"},"_links":{"self":[{"href":"https:\/\/edimeinter.com\/libreria\/wp-json\/wp\/v2\/product\/10291","targetHints":{"allow":["GET"]}}],"collection":[{"href":"https:\/\/edimeinter.com\/libreria\/wp-json\/wp\/v2\/product"}],"about":[{"href":"https:\/\/edimeinter.com\/libreria\/wp-json\/wp\/v2\/types\/product"}],"replies":[{"embeddable":true,"href":"https:\/\/edimeinter.com\/libreria\/wp-json\/wp\/v2\/comments?post=10291"}],"version-history":[{"count":1,"href":"https:\/\/edimeinter.com\/libreria\/wp-json\/wp\/v2\/product\/10291\/revisions"}],"predecessor-version":[{"id":14969,"href":"https:\/\/edimeinter.com\/libreria\/wp-json\/wp\/v2\/product\/10291\/revisions\/14969"}],"wp:featuredmedia":[{"embeddable":true,"href":"https:\/\/edimeinter.com\/libreria\/wp-json\/wp\/v2\/media\/10292"}],"wp:attachment":[{"href":"https:\/\/edimeinter.com\/libreria\/wp-json\/wp\/v2\/media?parent=10291"}],"wp:term":[{"taxonomy":"product_cat","embeddable":true,"href":"https:\/\/edimeinter.com\/libreria\/wp-json\/wp\/v2\/product_cat?post=10291"},{"taxonomy":"product_tag","embeddable":true,"href":"https:\/\/edimeinter.com\/libreria\/wp-json\/wp\/v2\/product_tag?post=10291"}],"curies":[{"name":"wp","href":"https:\/\/api.w.org\/{rel}","templated":true}]}}