{"id":10305,"date":"2025-02-05T00:40:25","date_gmt":"2025-02-05T00:40:25","guid":{"rendered":"https:\/\/edimeinter.com\/libreria\/?post_type=product&#038;p=10305"},"modified":"2025-03-09T20:29:42","modified_gmt":"2025-03-09T20:29:42","slug":"cinesiterapia-3a-edicion","status":"publish","type":"product","link":"https:\/\/edimeinter.com\/libreria\/product\/cinesiterapia-3a-edicion\/","title":{"rendered":"Cinesiterapia. 3\u00aa Edici\u00f3n"},"content":{"rendered":"\t\t<div data-elementor-type=\"wp-post\" data-elementor-id=\"10305\" class=\"elementor elementor-10305\">\n\t\t\t\t<div class=\"elementor-element elementor-element-2612b12 e-flex e-con-boxed e-con e-parent\" data-id=\"2612b12\" data-element_type=\"container\" data-e-type=\"container\">\n\t\t\t\t\t<div class=\"e-con-inner\">\n\t\t\n\t\t<div class=\"elementor-element elementor-element-498707ae elementor-widget elementor-widget-text-editor\" data-id=\"498707ae\" data-element_type=\"widget\" data-e-type=\"widget\" data-widget_type=\"text-editor.default\">\n\t\t\t\t<div class=\"elementor-widget-container\">\n\t\t\t\t\t\t\t\t\t<p>Esta tercera edici\u00f3n, aborda todos los temas relativos al uso del movimiento como agente terap\u00e9utico, una disciplina de especial relevancia para el fisioterapeuta.<\/p><p>Dirigido a la pr\u00e1ctica cl\u00ednica, se trata de un libro conciso e indispensable para el alumno de Fisioterapia y para todo profesional que desee profundizar en el campo de la cinesiterapia como parte del tratamiento fisioterap\u00e9utico.<\/p><p>El texto aborda desde las bases te\u00f3ricas de la cinesiterapia hasta los diferentes aspectos del razonamiento cl\u00ednico, incluyendo el tratamiento a trav\u00e9s de sus diversas formas de actuaci\u00f3n: movilizaciones, poleas, suspensiones, estiramientos, ejercicios, vendajes e hidrocinesiterapia, con dos nuevos cap\u00edtulos sobre el razonamiento cl\u00ednico en fisioterapia y el ejercicio terap\u00e9utico.<\/p><p>La obra combina la experiencia cl\u00ednica y cient\u00edfica de los autores, todos fisioterapeutas de habla hispana con gran experiencia, los cuales han plasmado su buen hacer y su saber cl\u00ednico y docente. Cada tema se trata de forma precisa y concisa, e incluye el acceso online a autoevaluaciones y casos cl\u00ednicos en aquellas materias de especial inter\u00e9s para la pr\u00e1ctica.<\/p>\t\t\t\t\t\t\t\t<\/div>\n\t\t\t\t<\/div>\n\t\t\t\t\t<\/div>\n\t\t\t\t<\/div>\n\t\t\t\t<\/div>\n\t\t","protected":false},"excerpt":{"rendered":"<div>\n<p><strong>Autores:<\/strong>\u00a0Cesar Fernandez de las Penas &amp; Alberto Meli\u00e1n Ortiz<br \/>\n<strong>ISBN:<\/strong>\u00a09788413824383<br \/>\n<strong>Editorial:<\/strong>\u00a0Elsevier<br \/>\n<strong>Edici\u00f3n:<\/strong>\u00a03\u00aa<br \/>\n<strong>Especialidad<\/strong>: Fisioterapia<br \/>\n<strong>P\u00e1ginas<\/strong>: 220<br \/>\n\u00a9 2024<\/p>\n<\/div>\n","protected":false},"featured_media":10306,"comment_status":"open","ping_status":"open","template":"","meta":{"_joinchat":[]},"product_cat":[111],"product_tag":[240,85,112],"class_list":{"0":"post-10305","1":"product","2":"type-product","3":"status-publish","4":"has-post-thumbnail","6":"product_cat-fisioterapia","7":"product_tag-240","8":"product_tag-elsevier","9":"product_tag-fisioterapia","11":"first","12":"instock","13":"featured","14":"taxable","15":"shipping-taxable","16":"purchasable","17":"product-type-simple"},"_links":{"self":[{"href":"https:\/\/edimeinter.com\/libreria\/wp-json\/wp\/v2\/product\/10305","targetHints":{"allow":["GET"]}}],"collection":[{"href":"https:\/\/edimeinter.com\/libreria\/wp-json\/wp\/v2\/product"}],"about":[{"href":"https:\/\/edimeinter.com\/libreria\/wp-json\/wp\/v2\/types\/product"}],"replies":[{"embeddable":true,"href":"https:\/\/edimeinter.com\/libreria\/wp-json\/wp\/v2\/comments?post=10305"}],"version-history":[{"count":1,"href":"https:\/\/edimeinter.com\/libreria\/wp-json\/wp\/v2\/product\/10305\/revisions"}],"predecessor-version":[{"id":14971,"href":"https:\/\/edimeinter.com\/libreria\/wp-json\/wp\/v2\/product\/10305\/revisions\/14971"}],"wp:featuredmedia":[{"embeddable":true,"href":"https:\/\/edimeinter.com\/libreria\/wp-json\/wp\/v2\/media\/10306"}],"wp:attachment":[{"href":"https:\/\/edimeinter.com\/libreria\/wp-json\/wp\/v2\/media?parent=10305"}],"wp:term":[{"taxonomy":"product_cat","embeddable":true,"href":"https:\/\/edimeinter.com\/libreria\/wp-json\/wp\/v2\/product_cat?post=10305"},{"taxonomy":"product_tag","embeddable":true,"href":"https:\/\/edimeinter.com\/libreria\/wp-json\/wp\/v2\/product_tag?post=10305"}],"curies":[{"name":"wp","href":"https:\/\/api.w.org\/{rel}","templated":true}]}}