{"id":10312,"date":"2025-02-05T00:43:53","date_gmt":"2025-02-05T00:43:53","guid":{"rendered":"https:\/\/edimeinter.com\/libreria\/?post_type=product&#038;p=10312"},"modified":"2025-07-23T17:24:28","modified_gmt":"2025-07-23T17:24:28","slug":"bioquimica-medica-6a-edicion","status":"publish","type":"product","link":"https:\/\/edimeinter.com\/libreria\/product\/bioquimica-medica-6a-edicion\/","title":{"rendered":"Bioqu\u00edmica m\u00e9dica. 6\u00aa Edici\u00f3n"},"content":{"rendered":"\t\t<div data-elementor-type=\"wp-post\" data-elementor-id=\"10312\" class=\"elementor elementor-10312\">\n\t\t\t\t<div class=\"elementor-element elementor-element-2612b12 e-flex e-con-boxed e-con e-parent\" data-id=\"2612b12\" data-element_type=\"container\" data-e-type=\"container\">\n\t\t\t\t\t<div class=\"e-con-inner\">\n\t\t\n\t\t<div class=\"elementor-element elementor-element-498707ae elementor-widget elementor-widget-text-editor\" data-id=\"498707ae\" data-element_type=\"widget\" data-e-type=\"widget\" data-widget_type=\"text-editor.default\">\n\t\t\t\t<div class=\"elementor-widget-container\">\n\t\t\t\t\t\t\t\t\t<p>Nueva edici\u00f3n del texto de referencia en Bioqu\u00edmica m\u00e9dica que, tras m\u00e1s de 20 a\u00f1os en el mercado, sigue siendo el texto de primera elecci\u00f3n para el estudiante de Medicina a la hora de enfrentarse con la asignatura de bioqu\u00edmica\/bioqu\u00edmica cl\u00ednica, en el que edici\u00f3n tras edici\u00f3n se enfatiza en la relevancia de los aspectos relativos a las ciencias b\u00e1sicas a la hora de aplicarlos a la posterior pr\u00e1ctica cl\u00ednica.<\/p><p>Sigue la misma estructura que la ed. anterior, ya que se organiza en 8 secciones y un ap\u00e9ndice en el que se incluyen valores de referencia de laboratorio. A trav\u00e9s de los 43 cap\u00edtulos se enfatiza el creciente papel de la bioqu\u00edmica en la comprensi\u00f3n de los mecanismos de la enfermedad y como se est\u00e1 integrando esta \u00e1rea de conocimiento con otras tales como la biolog\u00eda molecular y otras ciencias b\u00e1sicas.<\/p><p>Cada uno de los cap\u00edtulos incluye recuadros de conceptos avanzados, cuadros de aplicaci\u00f3n pr\u00e1ctica a trav\u00e9s de casos cl\u00ednicos y para reforzar su valor did\u00e1ctico, objetivos de aprendizaje y cuestiones al final de cap\u00edtulo.<\/p><p>La nueva edici\u00f3n de Bioqu\u00edmica M\u00e9dica destaca los \u00faltimos avances en biolog\u00eda reguladora y molecular, transducci\u00f3n de se\u00f1ales, bioqu\u00edmica y biomarcadores de enfermedades cr\u00f3nicas, y bioinform\u00e1tica y las \u00ab-\u00f3micas\u00bb. Destaca los problemas m\u00e9dicos mundiales m\u00e1s importantes: diabetes mellitus, obesidad y malnutrici\u00f3n, c\u00e1ncer y enfermedad cardiovascular ateroscler\u00f3tica, y aborda el papel de la nutrici\u00f3n y el ejercicio en medicina.<\/p><p>La nueva edici\u00f3n incluye acceso a contenido online a trav\u00e9s de e-book+ en el que se puede encontrar un glosario, un ap\u00e9ndice con casos cl\u00ednicos extra y un banco de preguntas.<\/p>\t\t\t\t\t\t\t\t<\/div>\n\t\t\t\t<\/div>\n\t\t\t\t\t<\/div>\n\t\t\t\t<\/div>\n\t\t\t\t<\/div>\n\t\t","protected":false},"excerpt":{"rendered":"<p><strong>Autores:<\/strong>\u00a0John W Baynes &amp; Marek H. Dominiczak<br \/>\n<strong>ISBN:<\/strong>\u00a09788413825823<br \/>\n<strong>Editorial:<\/strong>\u00a0Elsevier<br \/>\n<strong>Edici\u00f3n:<\/strong>\u00a06\u00aa<br \/>\n<strong>Especialidad<\/strong>: Bioqu\u00edmica<br \/>\n<strong>P\u00e1ginas<\/strong>: 720<br \/>\n\u00a9 2024<\/p>\n","protected":false},"featured_media":10313,"comment_status":"open","ping_status":"closed","template":"","meta":{"_joinchat":[]},"product_cat":[90],"product_tag":[240,91,85],"class_list":{"0":"post-10312","1":"product","2":"type-product","3":"status-publish","4":"has-post-thumbnail","6":"product_cat-bioquimica","7":"product_tag-240","8":"product_tag-bioquimica","9":"product_tag-elsevier","11":"first","12":"outofstock","13":"featured","14":"taxable","15":"shipping-taxable","16":"purchasable","17":"product-type-simple"},"_links":{"self":[{"href":"https:\/\/edimeinter.com\/libreria\/wp-json\/wp\/v2\/product\/10312","targetHints":{"allow":["GET"]}}],"collection":[{"href":"https:\/\/edimeinter.com\/libreria\/wp-json\/wp\/v2\/product"}],"about":[{"href":"https:\/\/edimeinter.com\/libreria\/wp-json\/wp\/v2\/types\/product"}],"replies":[{"embeddable":true,"href":"https:\/\/edimeinter.com\/libreria\/wp-json\/wp\/v2\/comments?post=10312"}],"version-history":[{"count":1,"href":"https:\/\/edimeinter.com\/libreria\/wp-json\/wp\/v2\/product\/10312\/revisions"}],"predecessor-version":[{"id":14972,"href":"https:\/\/edimeinter.com\/libreria\/wp-json\/wp\/v2\/product\/10312\/revisions\/14972"}],"wp:featuredmedia":[{"embeddable":true,"href":"https:\/\/edimeinter.com\/libreria\/wp-json\/wp\/v2\/media\/10313"}],"wp:attachment":[{"href":"https:\/\/edimeinter.com\/libreria\/wp-json\/wp\/v2\/media?parent=10312"}],"wp:term":[{"taxonomy":"product_cat","embeddable":true,"href":"https:\/\/edimeinter.com\/libreria\/wp-json\/wp\/v2\/product_cat?post=10312"},{"taxonomy":"product_tag","embeddable":true,"href":"https:\/\/edimeinter.com\/libreria\/wp-json\/wp\/v2\/product_tag?post=10312"}],"curies":[{"name":"wp","href":"https:\/\/api.w.org\/{rel}","templated":true}]}}