{"id":10318,"date":"2025-02-05T00:46:43","date_gmt":"2025-02-05T00:46:43","guid":{"rendered":"https:\/\/edimeinter.com\/libreria\/?post_type=product&#038;p=10318"},"modified":"2025-03-09T20:29:31","modified_gmt":"2025-03-09T20:29:31","slug":"neuropatias-opticas-de-la-a-a-la-z","status":"publish","type":"product","link":"https:\/\/edimeinter.com\/libreria\/product\/neuropatias-opticas-de-la-a-a-la-z\/","title":{"rendered":"Neuropat\u00edas \u00f3pticas de la A a la Z. 1\u00aa Edici\u00f3n"},"content":{"rendered":"\t\t<div data-elementor-type=\"wp-post\" data-elementor-id=\"10318\" class=\"elementor elementor-10318\">\n\t\t\t\t<div class=\"elementor-element elementor-element-2612b12 e-flex e-con-boxed e-con e-parent\" data-id=\"2612b12\" data-element_type=\"container\" data-e-type=\"container\">\n\t\t\t\t\t<div class=\"e-con-inner\">\n\t\t\n\t\t<div class=\"elementor-element elementor-element-498707ae elementor-widget elementor-widget-text-editor\" data-id=\"498707ae\" data-element_type=\"widget\" data-e-type=\"widget\" data-widget_type=\"text-editor.default\">\n\t\t\t\t<div class=\"elementor-widget-container\">\n\t\t\t\t\t\t\t\t\t<p>Neuropat\u00edas \u00f3pticas de la A a la Z ofrece un estudio amplio y actualizado de los trastornos que afectan el nervio \u00f3ptico, proporcionando toda la informaci\u00f3n sobre las patolog\u00edas oculares, neurol\u00f3gicas o sist\u00e9micas con las que pueden estar relacionados, as\u00ed como sobre su diagn\u00f3stico y tratamiento.<\/p>\t\t\t\t\t\t\t\t<\/div>\n\t\t\t\t<\/div>\n\t\t\t\t\t<\/div>\n\t\t\t\t<\/div>\n\t\t\t\t<\/div>\n\t\t","protected":false},"excerpt":{"rendered":"<p><strong>Autores:<\/strong>\u00a0\u00c1lvaro Iv\u00e1n Ortiz Zapata<br \/>\n<strong>ISBN:<\/strong>\u00a09788413822952<br \/>\n<strong>Editorial:<\/strong>\u00a0Elsevier<br \/>\n<strong>Edici\u00f3n:<\/strong>\u00a01\u00aa<br \/>\n<strong>Especialidad<\/strong>: Oftalmolog\u00eda y Optometr\u00eda<br \/>\n<strong>P\u00e1ginas<\/strong>: 592<br \/>\n\u00a9 2024<\/p>\n","protected":false},"featured_media":10319,"comment_status":"open","ping_status":"open","template":"","meta":{"_joinchat":[]},"product_cat":[95],"product_tag":[240,85,96],"class_list":{"0":"post-10318","1":"product","2":"type-product","3":"status-publish","4":"has-post-thumbnail","6":"product_cat-oftalmologia-y-optometria","7":"product_tag-240","8":"product_tag-elsevier","9":"product_tag-oftalmologia-y-optometria","11":"first","12":"instock","13":"featured","14":"taxable","15":"shipping-taxable","16":"purchasable","17":"product-type-simple"},"_links":{"self":[{"href":"https:\/\/edimeinter.com\/libreria\/wp-json\/wp\/v2\/product\/10318","targetHints":{"allow":["GET"]}}],"collection":[{"href":"https:\/\/edimeinter.com\/libreria\/wp-json\/wp\/v2\/product"}],"about":[{"href":"https:\/\/edimeinter.com\/libreria\/wp-json\/wp\/v2\/types\/product"}],"replies":[{"embeddable":true,"href":"https:\/\/edimeinter.com\/libreria\/wp-json\/wp\/v2\/comments?post=10318"}],"version-history":[{"count":1,"href":"https:\/\/edimeinter.com\/libreria\/wp-json\/wp\/v2\/product\/10318\/revisions"}],"predecessor-version":[{"id":14973,"href":"https:\/\/edimeinter.com\/libreria\/wp-json\/wp\/v2\/product\/10318\/revisions\/14973"}],"wp:featuredmedia":[{"embeddable":true,"href":"https:\/\/edimeinter.com\/libreria\/wp-json\/wp\/v2\/media\/10319"}],"wp:attachment":[{"href":"https:\/\/edimeinter.com\/libreria\/wp-json\/wp\/v2\/media?parent=10318"}],"wp:term":[{"taxonomy":"product_cat","embeddable":true,"href":"https:\/\/edimeinter.com\/libreria\/wp-json\/wp\/v2\/product_cat?post=10318"},{"taxonomy":"product_tag","embeddable":true,"href":"https:\/\/edimeinter.com\/libreria\/wp-json\/wp\/v2\/product_tag?post=10318"}],"curies":[{"name":"wp","href":"https:\/\/api.w.org\/{rel}","templated":true}]}}