{"id":10325,"date":"2025-02-05T00:51:47","date_gmt":"2025-02-05T00:51:47","guid":{"rendered":"https:\/\/edimeinter.com\/libreria\/?post_type=product&#038;p=10325"},"modified":"2025-03-09T20:29:21","modified_gmt":"2025-03-09T20:29:21","slug":"queratocono-1a-edicion","status":"publish","type":"product","link":"https:\/\/edimeinter.com\/libreria\/product\/queratocono-1a-edicion\/","title":{"rendered":"Queratocono. 1\u00aa Edici\u00f3n"},"content":{"rendered":"\t\t<div data-elementor-type=\"wp-post\" data-elementor-id=\"10325\" class=\"elementor elementor-10325\">\n\t\t\t\t<div class=\"elementor-element elementor-element-2612b12 e-flex e-con-boxed e-con e-parent\" data-id=\"2612b12\" data-element_type=\"container\" data-e-type=\"container\">\n\t\t\t\t\t<div class=\"e-con-inner\">\n\t\t\n\t\t<div class=\"elementor-element elementor-element-498707ae elementor-widget elementor-widget-text-editor\" data-id=\"498707ae\" data-element_type=\"widget\" data-e-type=\"widget\" data-widget_type=\"text-editor.default\">\n\t\t\t\t<div class=\"elementor-widget-container\">\n\t\t\t\t\t\t\t\t\t<p>Queratocono. Diagn\u00f3stico y tratamiento es una obra concisa y de f\u00e1cil lectura que ofrece pr\u00e1cticas orientaciones cl\u00ednicas para el diagn\u00f3stico precoz y el tratamiento eficaz de esta alteraci\u00f3n ocular, con el objetivo de contribuir a mitigar la p\u00e9rdida visual sin interferir en la calidad de vida de los pacientes. Desde el diagn\u00f3stico y la intervenci\u00f3n precoces hasta los tratamientos y los abordajes quir\u00fargicos m\u00e1s actuales, este manual re\u00fane la informaci\u00f3n esencial necesaria para especialistas en c\u00f3rnea, oftalm\u00f3logos generales, residentes y optometristas.<\/p>\t\t\t\t\t\t\t\t<\/div>\n\t\t\t\t<\/div>\n\t\t\t\t\t<\/div>\n\t\t\t\t<\/div>\n\t\t\t\t<\/div>\n\t\t","protected":false},"excerpt":{"rendered":"<p><strong>Autores:<\/strong>\u00a0Luis Izquierdo &amp; Maria A. Henriquez &amp; Mark J Mannis<br \/>\n<strong>ISBN:<\/strong>\u00a09788413825502<br \/>\n<strong>Editorial:<\/strong>\u00a0Elsevier<br \/>\n<strong>Edici\u00f3n:<\/strong>\u00a01\u00aa<br \/>\n<strong>Especialidad<\/strong>: Oftalmolog\u00eda y Optometr\u00eda<br \/>\n<strong>P\u00e1ginas<\/strong>: 610<br \/>\n\u00a9 2024<\/p>\n","protected":false},"featured_media":10326,"comment_status":"open","ping_status":"open","template":"","meta":{"_joinchat":[]},"product_cat":[95],"product_tag":[240,85,96],"class_list":{"0":"post-10325","1":"product","2":"type-product","3":"status-publish","4":"has-post-thumbnail","6":"product_cat-oftalmologia-y-optometria","7":"product_tag-240","8":"product_tag-elsevier","9":"product_tag-oftalmologia-y-optometria","11":"first","12":"instock","13":"featured","14":"taxable","15":"shipping-taxable","16":"purchasable","17":"product-type-simple"},"_links":{"self":[{"href":"https:\/\/edimeinter.com\/libreria\/wp-json\/wp\/v2\/product\/10325","targetHints":{"allow":["GET"]}}],"collection":[{"href":"https:\/\/edimeinter.com\/libreria\/wp-json\/wp\/v2\/product"}],"about":[{"href":"https:\/\/edimeinter.com\/libreria\/wp-json\/wp\/v2\/types\/product"}],"replies":[{"embeddable":true,"href":"https:\/\/edimeinter.com\/libreria\/wp-json\/wp\/v2\/comments?post=10325"}],"version-history":[{"count":1,"href":"https:\/\/edimeinter.com\/libreria\/wp-json\/wp\/v2\/product\/10325\/revisions"}],"predecessor-version":[{"id":14974,"href":"https:\/\/edimeinter.com\/libreria\/wp-json\/wp\/v2\/product\/10325\/revisions\/14974"}],"wp:featuredmedia":[{"embeddable":true,"href":"https:\/\/edimeinter.com\/libreria\/wp-json\/wp\/v2\/media\/10326"}],"wp:attachment":[{"href":"https:\/\/edimeinter.com\/libreria\/wp-json\/wp\/v2\/media?parent=10325"}],"wp:term":[{"taxonomy":"product_cat","embeddable":true,"href":"https:\/\/edimeinter.com\/libreria\/wp-json\/wp\/v2\/product_cat?post=10325"},{"taxonomy":"product_tag","embeddable":true,"href":"https:\/\/edimeinter.com\/libreria\/wp-json\/wp\/v2\/product_tag?post=10325"}],"curies":[{"name":"wp","href":"https:\/\/api.w.org\/{rel}","templated":true}]}}