{"id":10341,"date":"2025-02-05T15:40:01","date_gmt":"2025-02-05T15:40:01","guid":{"rendered":"https:\/\/edimeinter.com\/libreria\/?post_type=product&#038;p=10341"},"modified":"2026-02-23T21:53:07","modified_gmt":"2026-02-23T21:53:07","slug":"histologia-texto-y-atlas-9a-edicion","status":"publish","type":"product","link":"https:\/\/edimeinter.com\/libreria\/product\/histologia-texto-y-atlas-9a-edicion\/","title":{"rendered":"Histolog\u00eda. Texto y atlas. 9\u00aa Edici\u00f3n"},"content":{"rendered":"\t\t<div data-elementor-type=\"wp-post\" data-elementor-id=\"10341\" class=\"elementor elementor-10341\">\n\t\t\t\t<div class=\"elementor-element elementor-element-2612b12 e-flex e-con-boxed e-con e-parent\" data-id=\"2612b12\" data-element_type=\"container\" data-e-type=\"container\">\n\t\t\t\t\t<div class=\"e-con-inner\">\n\t\t\n\t\t<div class=\"elementor-element elementor-element-498707ae elementor-widget elementor-widget-text-editor\" data-id=\"498707ae\" data-element_type=\"widget\" data-e-type=\"widget\" data-widget_type=\"text-editor.default\">\n\t\t\t\t<div class=\"elementor-widget-container\">\n\t\t\t\t\t\t\t\t\t<p><b>Histolog\u00eda: Texto y Atlas\u00a0<\/b>es el texto por excelencia para el estudio de la histolog\u00eda y su correlaci\u00f3n con la biolog\u00eda molecular y celular para estudiantes y personal acad\u00e9mico de ciencias de la salud. Es el recurso m\u00e1s confiable para comprender la histolog\u00eda desde la ciencia b\u00e1sica hasta la perspectiva cl\u00ednica. Esta 9.\u00aa edici\u00f3n recoge los \u00faltimos avances en la disciplina y conserva el formato, ahora cl\u00e1sico, de atlas y libro de texto que ha distinguido a esta obra desde sus primeras ediciones.<br \/>Cada cap\u00edtulo concluye con secciones independientes tipo atlas que proporcionan l\u00e1minas etiquetadas y de gran formato con leyendas detalladas que resaltan y resumen los elementos y caracter\u00edsticas tisulares m\u00e1s destacados. Histolog\u00eda: texto y atlas es, por lo tanto, \u00abdos libros en uno\u00bb. Repleto de herramientas pedag\u00f3gicas que facilitan la lectura, el texto est\u00e1 pensado no con el objetivo de memorizar datos detallados, sino de facilitar la absorci\u00f3n r\u00e1pida y progresiva de informaci\u00f3n por la claridad y concisi\u00f3n en la redacci\u00f3n, los diferentes niveles de presentaci\u00f3n del texto y los recursos de revisi\u00f3n e inmersi\u00f3n r\u00e1pida en la disciplina.<\/p>\t\t\t\t\t\t\t\t<\/div>\n\t\t\t\t<\/div>\n\t\t\t\t\t<\/div>\n\t\t\t\t<\/div>\n\t\t\t\t<\/div>\n\t\t","protected":false},"excerpt":{"rendered":"<p><strong>Autores:<\/strong>\u00a0Wojciech Pawlina MD, FAAA<br \/>\n<strong>ISBN:<\/strong>\u00a09788419663924<br \/>\n<strong>Editorial:<\/strong>\u00a0WOLTERS KLUWER<br \/>\n<strong>Edici\u00f3n:<\/strong>\u00a09\u00aa<br \/>\n<strong>Especialidad<\/strong>: Histolog\u00eda<br \/>\n<strong>P\u00e1ginas<\/strong>: 1104<br \/>\n\u00a9 2024<\/p>\n","protected":false},"featured_media":10342,"comment_status":"open","ping_status":"closed","template":"","meta":{"_joinchat":[]},"product_cat":[154],"product_tag":[240,155,92],"class_list":{"0":"post-10341","1":"product","2":"type-product","3":"status-publish","4":"has-post-thumbnail","6":"product_cat-histologia","7":"product_tag-240","8":"product_tag-histologia","9":"product_tag-wolters-kluwer","11":"first","12":"instock","13":"featured","14":"taxable","15":"shipping-taxable","16":"purchasable","17":"product-type-simple"},"_links":{"self":[{"href":"https:\/\/edimeinter.com\/libreria\/wp-json\/wp\/v2\/product\/10341","targetHints":{"allow":["GET"]}}],"collection":[{"href":"https:\/\/edimeinter.com\/libreria\/wp-json\/wp\/v2\/product"}],"about":[{"href":"https:\/\/edimeinter.com\/libreria\/wp-json\/wp\/v2\/types\/product"}],"replies":[{"embeddable":true,"href":"https:\/\/edimeinter.com\/libreria\/wp-json\/wp\/v2\/comments?post=10341"}],"version-history":[{"count":2,"href":"https:\/\/edimeinter.com\/libreria\/wp-json\/wp\/v2\/product\/10341\/revisions"}],"predecessor-version":[{"id":14976,"href":"https:\/\/edimeinter.com\/libreria\/wp-json\/wp\/v2\/product\/10341\/revisions\/14976"}],"wp:featuredmedia":[{"embeddable":true,"href":"https:\/\/edimeinter.com\/libreria\/wp-json\/wp\/v2\/media\/10342"}],"wp:attachment":[{"href":"https:\/\/edimeinter.com\/libreria\/wp-json\/wp\/v2\/media?parent=10341"}],"wp:term":[{"taxonomy":"product_cat","embeddable":true,"href":"https:\/\/edimeinter.com\/libreria\/wp-json\/wp\/v2\/product_cat?post=10341"},{"taxonomy":"product_tag","embeddable":true,"href":"https:\/\/edimeinter.com\/libreria\/wp-json\/wp\/v2\/product_tag?post=10341"}],"curies":[{"name":"wp","href":"https:\/\/api.w.org\/{rel}","templated":true}]}}