{"id":10348,"date":"2025-02-05T15:43:45","date_gmt":"2025-02-05T15:43:45","guid":{"rendered":"https:\/\/edimeinter.com\/libreria\/?post_type=product&#038;p=10348"},"modified":"2026-01-26T01:09:58","modified_gmt":"2026-01-26T01:09:58","slug":"porth-fisiopatologia-alteraciones-de-la-salud-conceptos-basicos-11a-edicion","status":"publish","type":"product","link":"https:\/\/edimeinter.com\/libreria\/product\/porth-fisiopatologia-alteraciones-de-la-salud-conceptos-basicos-11a-edicion\/","title":{"rendered":"Porth. Fisiopatolog\u00eda Alteraciones de la salud, conceptos b\u00e1sicos. 11\u00aa Edici\u00f3n"},"content":{"rendered":"\t\t<div data-elementor-type=\"wp-post\" data-elementor-id=\"10348\" class=\"elementor elementor-10348\">\n\t\t\t\t<div class=\"elementor-element elementor-element-2612b12 e-flex e-con-boxed e-con e-parent\" data-id=\"2612b12\" data-element_type=\"container\" data-e-type=\"container\">\n\t\t\t\t\t<div class=\"e-con-inner\">\n\t\t\n\t\t<div class=\"elementor-element elementor-element-498707ae elementor-widget elementor-widget-text-editor\" data-id=\"498707ae\" data-element_type=\"widget\" data-e-type=\"widget\" data-widget_type=\"text-editor.default\">\n\t\t\t\t<div class=\"elementor-widget-container\">\n\t\t\t\t\t\t\t\t\t<p><b>Porth. Fisiopatolog\u00eda\u00a0<\/b>sigue proporcionando, desde su primera edici\u00f3n en 1982, una cobertura integral y completamente actualizada de todos los conocimientos necesarios sobre las alteraciones y los procesos que dan lugar a la enfermedad, caracter\u00edstica que lo ha convertido en la obra de referencia de la disciplina. Su enfoque \u00fanico en los conceptos b\u00e1sicos de los estados de salud alterados, y no en la mera descripci\u00f3n de enfermedades y trastornos, ayuda a los estudiantes a comprender los aspectos tanto f\u00edsicos como psicol\u00f3gicos de las alteraciones.<\/p><p>La 11.\u00aa edici\u00f3n mantiene el mismo nivel de profundidad de las anteriores ediciones y sigue estructurada a trav\u00e9s de una narrativa \u00abf\u00e1cil de seguir\u00bb mediante la presentaci\u00f3n de conceptos de forma secuencial, la definici\u00f3n de los t\u00e9rminos conforme se van presentando, y la revisi\u00f3n de conceptos que provienen de la fisiolog\u00eda, la bioqu\u00edmica, la f\u00edsica y otras ciencias afines. Tambi\u00e9n considera los avances tecnol\u00f3gicos que permiten a los proveedores de atenci\u00f3n m\u00e9dica diagnosticar con mayor precisi\u00f3n y de forma oportuna. A medida que el mundo ha ido enfrentando nuevas enfermedades como COVID-19, el texto ha ido incorporando informaci\u00f3n actualizada con el entendimiento de que, sin duda, habr\u00e1 avances futuros. Colaboradores de todo el mundo y de diversas disciplinas han proporcionado la experiencia para hacer que la informaci\u00f3n sea aplicable a un amplio p\u00fablico.<\/p>\t\t\t\t\t\t\t\t<\/div>\n\t\t\t\t<\/div>\n\t\t\t\t\t<\/div>\n\t\t\t\t<\/div>\n\t\t\t\t<\/div>\n\t\t","protected":false},"excerpt":{"rendered":"<p><strong>Autores:<\/strong>\u00a0Tommie Norris<br \/>\n<strong>ISBN:<\/strong>\u00a09788410022300<br \/>\n<strong>Editorial:<\/strong>\u00a0WOLTERS KLUWER<br \/>\n<strong>Edici\u00f3n:<\/strong>\u00a011\u00aa<br \/>\n<strong>Especialidad<\/strong>: Fisiopatolog\u00eda<br \/>\n<strong>P\u00e1ginas<\/strong>: 1662<br \/>\n\u00a9 2024<\/p>\n","protected":false},"featured_media":10349,"comment_status":"open","ping_status":"closed","template":"","meta":{"_joinchat":[]},"product_cat":[170],"product_tag":[240,171,92],"class_list":{"0":"post-10348","1":"product","2":"type-product","3":"status-publish","4":"has-post-thumbnail","6":"product_cat-fisiopatologia","7":"product_tag-240","8":"product_tag-fisiopatologia","9":"product_tag-wolters-kluwer","11":"first","12":"instock","13":"featured","14":"taxable","15":"shipping-taxable","16":"purchasable","17":"product-type-simple"},"_links":{"self":[{"href":"https:\/\/edimeinter.com\/libreria\/wp-json\/wp\/v2\/product\/10348","targetHints":{"allow":["GET"]}}],"collection":[{"href":"https:\/\/edimeinter.com\/libreria\/wp-json\/wp\/v2\/product"}],"about":[{"href":"https:\/\/edimeinter.com\/libreria\/wp-json\/wp\/v2\/types\/product"}],"replies":[{"embeddable":true,"href":"https:\/\/edimeinter.com\/libreria\/wp-json\/wp\/v2\/comments?post=10348"}],"version-history":[{"count":1,"href":"https:\/\/edimeinter.com\/libreria\/wp-json\/wp\/v2\/product\/10348\/revisions"}],"predecessor-version":[{"id":14977,"href":"https:\/\/edimeinter.com\/libreria\/wp-json\/wp\/v2\/product\/10348\/revisions\/14977"}],"wp:featuredmedia":[{"embeddable":true,"href":"https:\/\/edimeinter.com\/libreria\/wp-json\/wp\/v2\/media\/10349"}],"wp:attachment":[{"href":"https:\/\/edimeinter.com\/libreria\/wp-json\/wp\/v2\/media?parent=10348"}],"wp:term":[{"taxonomy":"product_cat","embeddable":true,"href":"https:\/\/edimeinter.com\/libreria\/wp-json\/wp\/v2\/product_cat?post=10348"},{"taxonomy":"product_tag","embeddable":true,"href":"https:\/\/edimeinter.com\/libreria\/wp-json\/wp\/v2\/product_tag?post=10348"}],"curies":[{"name":"wp","href":"https:\/\/api.w.org\/{rel}","templated":true}]}}