{"id":10354,"date":"2025-02-05T15:48:56","date_gmt":"2025-02-05T15:48:56","guid":{"rendered":"https:\/\/edimeinter.com\/libreria\/?post_type=product&#038;p=10354"},"modified":"2025-09-24T20:18:48","modified_gmt":"2025-09-24T20:18:48","slug":"manual-de-glomerulonefritis-1a-edicion","status":"publish","type":"product","link":"https:\/\/edimeinter.com\/libreria\/product\/manual-de-glomerulonefritis-1a-edicion\/","title":{"rendered":"Manual de glomerulonefritis. 1\u00aa Edici\u00f3n"},"content":{"rendered":"\t\t<div data-elementor-type=\"wp-post\" data-elementor-id=\"10354\" class=\"elementor elementor-10354\">\n\t\t\t\t<div class=\"elementor-element elementor-element-2612b12 e-flex e-con-boxed e-con e-parent\" data-id=\"2612b12\" data-element_type=\"container\" data-e-type=\"container\">\n\t\t\t\t\t<div class=\"e-con-inner\">\n\t\t\n\t\t<div class=\"elementor-element elementor-element-498707ae elementor-widget elementor-widget-text-editor\" data-id=\"498707ae\" data-element_type=\"widget\" data-e-type=\"widget\" data-widget_type=\"text-editor.default\">\n\t\t\t\t<div class=\"elementor-widget-container\">\n\t\t\t\t\t\t\t\t\t<p>Conciso, legible y bien ilustrado,\u00a0<b>Manual de glomerulonefritis\u00a0<\/b>es un recurso pr\u00e1ctico y \u00fanico para m\u00e9dicos, residentes y becarios, y profesionales de pr\u00e1ctica avanzada, as\u00ed como personal de enfermer\u00eda que participa en la atenci\u00f3n de pacientes con glomerulopat\u00edas. Los doctores Patrick H. Nachman, Michelle Rheault y Edgar V. Lerma, junto con un equipo de expertos en glomerulonefritis de renombre internacional, proporcionan orientaci\u00f3n pr\u00e1ctica sobre estas afecciones tanto en adultos como en ni\u00f1os, en todo el espectro de presentaciones cl\u00ednicas y mecanismos patog\u00e9nicos.<br \/>Los primeros cap\u00edtulos abordan los mecanismos generales de la lesi\u00f3n glomerular, la enfermedad renal y las complicaciones frecuentes del estado nefr\u00f3tico. Siguen cap\u00edtulos sobre trastornos glomerulares espec\u00edficos, con el detalle sobre fisiopatolog\u00eda, anatomopatolog\u00eda, presentaci\u00f3n cl\u00ednica, evoluci\u00f3n natural y tratamiento de cada uno. Adem\u00e1s de los trastornos glomerulares habituales, tambi\u00e9n se incluyen cap\u00edtulos sobre infecciones y trastornos glomerulares inducidos por f\u00e1rmacos, relacionados con el tratamiento del c\u00e1ncer y relacionados con el embarazo.<\/p>\t\t\t\t\t\t\t\t<\/div>\n\t\t\t\t<\/div>\n\t\t\t\t\t<\/div>\n\t\t\t\t<\/div>\n\t\t\t\t<\/div>\n\t\t","protected":false},"excerpt":{"rendered":"<p><strong>Autores:<\/strong>\u00a0Patrick Henry Nachman , Edgar V. Lerma MD, FACP, FASN, FPSN (Hon, Michelle Rheault<br \/>\n<strong>ISBN:<\/strong>\u00a09788419663160<br \/>\n<strong>Editorial:<\/strong>\u00a0WOLTERS KLUWER<br \/>\n<strong>Edici\u00f3n:<\/strong>\u00a01\u00aa<br \/>\n<strong>Especialidad<\/strong>: Nefrolog\u00eda Cl\u00ednica<br \/>\n<strong>P\u00e1ginas<\/strong>: 496<br \/>\n\u00a9 2024<\/p>\n","protected":false},"featured_media":10355,"comment_status":"open","ping_status":"closed","template":"","meta":{"_joinchat":[]},"product_cat":[113],"product_tag":[240,114,92],"class_list":{"0":"post-10354","1":"product","2":"type-product","3":"status-publish","4":"has-post-thumbnail","6":"product_cat-nefrologia-clinica","7":"product_tag-240","8":"product_tag-nefrologia-clinica","9":"product_tag-wolters-kluwer","11":"first","12":"instock","13":"featured","14":"taxable","15":"shipping-taxable","16":"purchasable","17":"product-type-simple"},"_links":{"self":[{"href":"https:\/\/edimeinter.com\/libreria\/wp-json\/wp\/v2\/product\/10354","targetHints":{"allow":["GET"]}}],"collection":[{"href":"https:\/\/edimeinter.com\/libreria\/wp-json\/wp\/v2\/product"}],"about":[{"href":"https:\/\/edimeinter.com\/libreria\/wp-json\/wp\/v2\/types\/product"}],"replies":[{"embeddable":true,"href":"https:\/\/edimeinter.com\/libreria\/wp-json\/wp\/v2\/comments?post=10354"}],"version-history":[{"count":1,"href":"https:\/\/edimeinter.com\/libreria\/wp-json\/wp\/v2\/product\/10354\/revisions"}],"predecessor-version":[{"id":14978,"href":"https:\/\/edimeinter.com\/libreria\/wp-json\/wp\/v2\/product\/10354\/revisions\/14978"}],"wp:featuredmedia":[{"embeddable":true,"href":"https:\/\/edimeinter.com\/libreria\/wp-json\/wp\/v2\/media\/10355"}],"wp:attachment":[{"href":"https:\/\/edimeinter.com\/libreria\/wp-json\/wp\/v2\/media?parent=10354"}],"wp:term":[{"taxonomy":"product_cat","embeddable":true,"href":"https:\/\/edimeinter.com\/libreria\/wp-json\/wp\/v2\/product_cat?post=10354"},{"taxonomy":"product_tag","embeddable":true,"href":"https:\/\/edimeinter.com\/libreria\/wp-json\/wp\/v2\/product_tag?post=10354"}],"curies":[{"name":"wp","href":"https:\/\/api.w.org\/{rel}","templated":true}]}}