{"id":10360,"date":"2025-02-05T15:51:48","date_gmt":"2025-02-05T15:51:48","guid":{"rendered":"https:\/\/edimeinter.com\/libreria\/?post_type=product&#038;p=10360"},"modified":"2026-01-26T01:36:13","modified_gmt":"2026-01-26T01:36:13","slug":"bennett-brachman-infecciones-hospitalarias-7a-edicion","status":"publish","type":"product","link":"https:\/\/edimeinter.com\/libreria\/product\/bennett-brachman-infecciones-hospitalarias-7a-edicion\/","title":{"rendered":"Bennett &amp; Brachman. Infecciones hospitalarias. 7\u00aa Edici\u00f3n"},"content":{"rendered":"\t\t<div data-elementor-type=\"wp-post\" data-elementor-id=\"10360\" class=\"elementor elementor-10360\">\n\t\t\t\t<div class=\"elementor-element elementor-element-2612b12 e-flex e-con-boxed e-con e-parent\" data-id=\"2612b12\" data-element_type=\"container\" data-e-type=\"container\">\n\t\t\t\t\t<div class=\"e-con-inner\">\n\t\t\n\t\t<div class=\"elementor-element elementor-element-498707ae elementor-widget elementor-widget-text-editor\" data-id=\"498707ae\" data-element_type=\"widget\" data-e-type=\"widget\" data-widget_type=\"text-editor.default\">\n\t\t\t\t<div class=\"elementor-widget-container\">\n\t\t\t\t\t\t\t\t\t<p>Escrito por los principales l\u00edderes mundiales en el campo de las infecciones nosocomiales,\u00a0<b>Bennett &amp; Brachman. Infecciones hospitalarias<\/b>\u00a0es un texto imprescindible para prevenir infecciones adquiridas en el hospital (IAH) en entornos sanitarios nosocomiales y ambulatorios. Con el Dr. William R. Jarvis como editor principal al frente de un equipo de notables colaboradores de los Centers for Disease Control and Prevention (CDC) de Estados Unidos, as\u00ed como colaboradores adicionales que aportan una perspectiva internacional sobre las IAH, este exhaustivo volumen ofrece una cobertura actualizada y autorizada de todos los aspectos de este tema vital.<br \/>Esta 7.\u00aa edici\u00f3n, revisada y ampliada, sigue siendo un recurso inestimable para cualquier persona que trabaje en la prevenci\u00f3n y el control de infecciones, la garant\u00eda de calidad o la gesti\u00f3n de riesgos en entornos sanitarios. Su vasto contenido se encuentra organizado en tres secciones principales que abordan las consideraciones generales sobre las infecciones hospitalarias, las \u00e1reas funcionales de inter\u00e9s y las infecciones hospitalarias end\u00e9micas y epid\u00e9micas, entre las que se encuentra el COVID-19.<\/p>\t\t\t\t\t\t\t\t<\/div>\n\t\t\t\t<\/div>\n\t\t\t\t\t<\/div>\n\t\t\t\t<\/div>\n\t\t\t\t<\/div>\n\t\t","protected":false},"excerpt":{"rendered":"<p><strong>Autores:<\/strong>\u00a0William R. Jarvis MD<br \/>\n<strong>ISBN:<\/strong>\u00a09788419663290<br \/>\n<strong>Editorial:<\/strong>\u00a0WOLTERS KLUWER<br \/>\n<strong>Edici\u00f3n:<\/strong>\u00a07\u00aa<br \/>\n<strong>Especialidad<\/strong>: Infectolog\u00eda<br \/>\n<strong>P\u00e1ginas<\/strong>: 880<br \/>\n\u00a9 2024<\/p>\n","protected":false},"featured_media":10361,"comment_status":"open","ping_status":"closed","template":"","meta":{"_joinchat":[]},"product_cat":[172],"product_tag":[240,173,92],"class_list":{"0":"post-10360","1":"product","2":"type-product","3":"status-publish","4":"has-post-thumbnail","6":"product_cat-infectologia","7":"product_tag-240","8":"product_tag-infectologia","9":"product_tag-wolters-kluwer","11":"first","12":"instock","13":"featured","14":"taxable","15":"shipping-taxable","16":"purchasable","17":"product-type-simple"},"_links":{"self":[{"href":"https:\/\/edimeinter.com\/libreria\/wp-json\/wp\/v2\/product\/10360","targetHints":{"allow":["GET"]}}],"collection":[{"href":"https:\/\/edimeinter.com\/libreria\/wp-json\/wp\/v2\/product"}],"about":[{"href":"https:\/\/edimeinter.com\/libreria\/wp-json\/wp\/v2\/types\/product"}],"replies":[{"embeddable":true,"href":"https:\/\/edimeinter.com\/libreria\/wp-json\/wp\/v2\/comments?post=10360"}],"version-history":[{"count":1,"href":"https:\/\/edimeinter.com\/libreria\/wp-json\/wp\/v2\/product\/10360\/revisions"}],"predecessor-version":[{"id":14979,"href":"https:\/\/edimeinter.com\/libreria\/wp-json\/wp\/v2\/product\/10360\/revisions\/14979"}],"wp:featuredmedia":[{"embeddable":true,"href":"https:\/\/edimeinter.com\/libreria\/wp-json\/wp\/v2\/media\/10361"}],"wp:attachment":[{"href":"https:\/\/edimeinter.com\/libreria\/wp-json\/wp\/v2\/media?parent=10360"}],"wp:term":[{"taxonomy":"product_cat","embeddable":true,"href":"https:\/\/edimeinter.com\/libreria\/wp-json\/wp\/v2\/product_cat?post=10360"},{"taxonomy":"product_tag","embeddable":true,"href":"https:\/\/edimeinter.com\/libreria\/wp-json\/wp\/v2\/product_tag?post=10360"}],"curies":[{"name":"wp","href":"https:\/\/api.w.org\/{rel}","templated":true}]}}