{"id":10371,"date":"2025-02-05T15:55:31","date_gmt":"2025-02-05T15:55:31","guid":{"rendered":"https:\/\/edimeinter.com\/libreria\/?post_type=product&#038;p=10371"},"modified":"2026-02-23T21:38:06","modified_gmt":"2026-02-23T21:38:06","slug":"fields-virologia-volumen-iv-fundamentos-7a-edicion","status":"publish","type":"product","link":"https:\/\/edimeinter.com\/libreria\/product\/fields-virologia-volumen-iv-fundamentos-7a-edicion\/","title":{"rendered":"Fields. Virolog\u00eda. Volumen IV. Fundamentos. 7\u00aa Edici\u00f3n"},"content":{"rendered":"\t\t<div data-elementor-type=\"wp-post\" data-elementor-id=\"10371\" class=\"elementor elementor-10371\">\n\t\t\t\t<div class=\"elementor-element elementor-element-2612b12 e-flex e-con-boxed e-con e-parent\" data-id=\"2612b12\" data-element_type=\"container\" data-e-type=\"container\">\n\t\t\t\t\t<div class=\"e-con-inner\">\n\t\t\n\t\t<div class=\"elementor-element elementor-element-498707ae elementor-widget elementor-widget-text-editor\" data-id=\"498707ae\" data-element_type=\"widget\" data-e-type=\"widget\" data-widget_type=\"text-editor.default\">\n\t\t\t\t<div class=\"elementor-widget-container\">\n\t\t\t\t\t\t\t\t\t<p><b>Fields. Virolog\u00eda: Fundamentos\u00a0<\/b>es el cuarto volumen de la emblem\u00e1tica colecci\u00f3n\u00a0<i>Fields. Virolog\u00eda<\/i>. Esta 7.\u00aa edici\u00f3n, desarrollada por el eminente equipo de autores liderado por los doctores Howley y Knipe, se ha abocado a cubrir los aspectos b\u00e1sicos de la virolog\u00eda, proporcionando, adem\u00e1s del contexto hist\u00f3rico, los principios fundamentales, el ingreso y la descapsidaci\u00f3n de los virus, la replicaci\u00f3n y el ensamblaje v\u00edricos y las respuestas inmunitarias del hospedero al virus. Adem\u00e1s, se incluyen los cap\u00edtulos sobre virus de insectos, plantas y bacterias, as\u00ed como sobre los priones como agentes infecciosos.<br \/>La serie\u00a0<i>Fields. Virolog\u00eda\u00a0<\/i>es la referencia con mayor autoridad y actualizaci\u00f3n para vir\u00f3logos, especialistas en enfermedades infecciosas, microbi\u00f3logos y m\u00e9dicos internistas, as\u00ed como para estudiantes de medicina avanzados que deseen profundizar en la disciplina o seguir una carrera en enfermedades transmisibles. El contenido de este volumen incluye 22 cap\u00edtulos que abarcan desde los principios hasta la virolog\u00eda diagn\u00f3stica, la patog\u00e9nesis de la infecci\u00f3n v\u00edrica y la respuesta inmunitaria adaptativa a los virus, f\u00e1rmacos y vacunaci\u00f3n, entre otros.<\/p>\t\t\t\t\t\t\t\t<\/div>\n\t\t\t\t<\/div>\n\t\t\t\t\t<\/div>\n\t\t\t\t<\/div>\n\t\t\t\t<\/div>\n\t\t","protected":false},"excerpt":{"rendered":"<p><strong>Autores:<\/strong>\u00a0Peter M. Howley MD, David M. Knipe , Lynn W. Enquist Ph.D<br \/>\n<strong>ISBN:<\/strong>\u00a09788419663528<br \/>\n<strong>Editorial:<\/strong>\u00a0WOLTERS KLUWER<br \/>\n<strong>Edici\u00f3n:<\/strong>\u00a07\u00aa<br \/>\n<strong>Especialidad<\/strong>: Infectolog\u00eda<br \/>\n<strong>P\u00e1ginas<\/strong>: 688<br \/>\n\u00a9 2024<\/p>\n","protected":false},"featured_media":10372,"comment_status":"open","ping_status":"closed","template":"","meta":{"_joinchat":[]},"product_cat":[172],"product_tag":[240,173,92],"class_list":{"0":"post-10371","1":"product","2":"type-product","3":"status-publish","4":"has-post-thumbnail","6":"product_cat-infectologia","7":"product_tag-240","8":"product_tag-infectologia","9":"product_tag-wolters-kluwer","11":"first","12":"instock","13":"featured","14":"taxable","15":"shipping-taxable","16":"purchasable","17":"product-type-simple"},"_links":{"self":[{"href":"https:\/\/edimeinter.com\/libreria\/wp-json\/wp\/v2\/product\/10371","targetHints":{"allow":["GET"]}}],"collection":[{"href":"https:\/\/edimeinter.com\/libreria\/wp-json\/wp\/v2\/product"}],"about":[{"href":"https:\/\/edimeinter.com\/libreria\/wp-json\/wp\/v2\/types\/product"}],"replies":[{"embeddable":true,"href":"https:\/\/edimeinter.com\/libreria\/wp-json\/wp\/v2\/comments?post=10371"}],"version-history":[{"count":1,"href":"https:\/\/edimeinter.com\/libreria\/wp-json\/wp\/v2\/product\/10371\/revisions"}],"predecessor-version":[{"id":14980,"href":"https:\/\/edimeinter.com\/libreria\/wp-json\/wp\/v2\/product\/10371\/revisions\/14980"}],"wp:featuredmedia":[{"embeddable":true,"href":"https:\/\/edimeinter.com\/libreria\/wp-json\/wp\/v2\/media\/10372"}],"wp:attachment":[{"href":"https:\/\/edimeinter.com\/libreria\/wp-json\/wp\/v2\/media?parent=10371"}],"wp:term":[{"taxonomy":"product_cat","embeddable":true,"href":"https:\/\/edimeinter.com\/libreria\/wp-json\/wp\/v2\/product_cat?post=10371"},{"taxonomy":"product_tag","embeddable":true,"href":"https:\/\/edimeinter.com\/libreria\/wp-json\/wp\/v2\/product_tag?post=10371"}],"curies":[{"name":"wp","href":"https:\/\/api.w.org\/{rel}","templated":true}]}}