{"id":10388,"date":"2025-02-05T16:02:33","date_gmt":"2025-02-05T16:02:33","guid":{"rendered":"https:\/\/edimeinter.com\/libreria\/?post_type=product&#038;p=10388"},"modified":"2025-02-28T17:53:30","modified_gmt":"2025-02-28T17:53:30","slug":"ginecologia-de-gori-3a-edicion","status":"publish","type":"product","link":"https:\/\/edimeinter.com\/libreria\/product\/ginecologia-de-gori-3a-edicion\/","title":{"rendered":"Ginecolog\u00eda de Gori. 3\u00aa Edici\u00f3n"},"content":{"rendered":"\t\t<div data-elementor-type=\"wp-post\" data-elementor-id=\"10388\" class=\"elementor elementor-10388\">\n\t\t\t\t<div class=\"elementor-element elementor-element-6df9a7c9 e-flex e-con-boxed e-con e-parent\" data-id=\"6df9a7c9\" data-element_type=\"container\" data-e-type=\"container\">\n\t\t\t\t\t<div class=\"e-con-inner\">\n\t\t\n\t\t<div class=\"elementor-element elementor-element-6a22be31 elementor-widget elementor-widget-text-editor\" data-id=\"6a22be31\" data-element_type=\"widget\" data-e-type=\"widget\" data-widget_type=\"text-editor.default\">\n\t\t\t\t<div class=\"elementor-widget-container\">\n\t\t\t\t\t\t\t\t\t<p>La presente edici\u00f3n aborda la problem\u00e1tica ginecol\u00f3gica desde los aspectos generales, como el papel del ginec\u00f3logo en su rol de m\u00e9dico de atenci\u00f3n primaria de la mujer y su calidad de vida; con un prolijo desarrollo de la fisiolog\u00eda, la semiolog\u00eda y los estudios complementarios; la patolog\u00eda inflamatoria y tumoral, y sus correspondientes terap\u00e9uticas, sin excluir la reproducci\u00f3n y procreaci\u00f3n responsable, el estudio del piso pelviano y sus disfunciones, hasta abordar exhaustivamente la patolog\u00eda mamaria, demuestra acabadamente que m\u00e1s que un libro de estudio para el pregrado se ha transformado en un tratado de consulta indispensable para el reci\u00e9n iniciado y tambi\u00e9n para el ginec\u00f3logo m\u00e1s experimentado.<\/p><p>La fortaleza de esta obra permite no s\u00f3lo aprender, sino integrar la semiolog\u00eda, la cl\u00ednica, la endocrinolog\u00eda, la psiquiatr\u00eda, la gen\u00e9tica, la biolog\u00eda, la medicina preventiva, la medicina social y, lo m\u00e1s importante, ense\u00f1a a establecer un v\u00ednculo de respeto y acompa\u00f1amiento forjado en lo m\u00e1s valioso: la relaci\u00f3n m\u00e9dico-paciente.<\/p>\t\t\t\t\t\t\t\t<\/div>\n\t\t\t\t<\/div>\n\t\t\t\t\t<\/div>\n\t\t\t\t<\/div>\n\t\t\t\t<\/div>\n\t\t","protected":false},"excerpt":{"rendered":"<p><strong>Autores:<\/strong>\u00a0Jorge Gori \/ Roberto Casta\u00f1o \/ Antonio Lorusso<br \/>\n<strong>ISBN:<\/strong>\u00a09789500694896<br \/>\n<strong>Edici\u00f3n:<\/strong>\u00a03\u00aa<br \/>\n<strong>Especialidad:<\/strong> Ginecolog\u00eda<br \/>\n<strong>P\u00e1ginas:<\/strong> 950<br \/>\n\u00a9 2016<\/p>\n","protected":false},"featured_media":10389,"comment_status":"open","ping_status":"open","template":"","meta":{"_joinchat":[]},"product_cat":[104],"product_tag":[105,174,70],"class_list":{"0":"post-10388","1":"product","2":"type-product","3":"status-publish","4":"has-post-thumbnail","6":"product_cat-ginecologia-y-obstetricia","7":"product_tag-ginecologia-y-obstetricia","8":"product_tag-outlet","9":"product_tag-panamericana","11":"first","12":"instock","13":"sale","14":"featured","15":"taxable","16":"shipping-taxable","17":"purchasable","18":"product-type-simple"},"_links":{"self":[{"href":"https:\/\/edimeinter.com\/libreria\/wp-json\/wp\/v2\/product\/10388","targetHints":{"allow":["GET"]}}],"collection":[{"href":"https:\/\/edimeinter.com\/libreria\/wp-json\/wp\/v2\/product"}],"about":[{"href":"https:\/\/edimeinter.com\/libreria\/wp-json\/wp\/v2\/types\/product"}],"replies":[{"embeddable":true,"href":"https:\/\/edimeinter.com\/libreria\/wp-json\/wp\/v2\/comments?post=10388"}],"version-history":[{"count":1,"href":"https:\/\/edimeinter.com\/libreria\/wp-json\/wp\/v2\/product\/10388\/revisions"}],"predecessor-version":[{"id":14982,"href":"https:\/\/edimeinter.com\/libreria\/wp-json\/wp\/v2\/product\/10388\/revisions\/14982"}],"wp:featuredmedia":[{"embeddable":true,"href":"https:\/\/edimeinter.com\/libreria\/wp-json\/wp\/v2\/media\/10389"}],"wp:attachment":[{"href":"https:\/\/edimeinter.com\/libreria\/wp-json\/wp\/v2\/media?parent=10388"}],"wp:term":[{"taxonomy":"product_cat","embeddable":true,"href":"https:\/\/edimeinter.com\/libreria\/wp-json\/wp\/v2\/product_cat?post=10388"},{"taxonomy":"product_tag","embeddable":true,"href":"https:\/\/edimeinter.com\/libreria\/wp-json\/wp\/v2\/product_tag?post=10388"}],"curies":[{"name":"wp","href":"https:\/\/api.w.org\/{rel}","templated":true}]}}