{"id":10390,"date":"2025-02-05T16:03:31","date_gmt":"2025-02-05T16:03:31","guid":{"rendered":"https:\/\/edimeinter.com\/libreria\/?post_type=product&#038;p=10390"},"modified":"2026-01-26T01:18:34","modified_gmt":"2026-01-26T01:18:34","slug":"tecnicas-quirurgicas-en-cirugia-del-intestino-anterior-2a-edicion","status":"publish","type":"product","link":"https:\/\/edimeinter.com\/libreria\/product\/tecnicas-quirurgicas-en-cirugia-del-intestino-anterior-2a-edicion\/","title":{"rendered":"T\u00e9cnicas quir\u00fargicas en cirug\u00eda del intestino anterior. 2\u00aa Edici\u00f3n"},"content":{"rendered":"\t\t<div data-elementor-type=\"wp-post\" data-elementor-id=\"10390\" class=\"elementor elementor-10390\">\n\t\t\t\t<div class=\"elementor-element elementor-element-2612b12 e-flex e-con-boxed e-con e-parent\" data-id=\"2612b12\" data-element_type=\"container\" data-e-type=\"container\">\n\t\t\t\t\t<div class=\"e-con-inner\">\n\t\t\n\t\t<div class=\"elementor-element elementor-element-498707ae elementor-widget elementor-widget-text-editor\" data-id=\"498707ae\" data-element_type=\"widget\" data-e-type=\"widget\" data-widget_type=\"text-editor.default\">\n\t\t\t\t<div class=\"elementor-widget-container\">\n\t\t\t\t\t\t\t\t\t<p>Con \u00e9nfasis en los \u201cc\u00f3mos y porqu\u00e9s\u201d de la cirug\u00eda contempor\u00e1nea,\u00a0<b>T\u00e9cnicas quir\u00fargicas en cirug\u00eda del intestino anterior\u00a0<\/b>presenta un texto conciso dise\u00f1ado con vi\u00f1etas, con numerosas ilustraciones a todo color y fotograf\u00edas intraoperatorias para explicar con precisi\u00f3n qu\u00e9 buscar y c\u00f3mo proceder.<br \/>Este nuevo atlas quir\u00fargico, supervisado por la Dra. Mary T. Hawn y meticulosamente editado por la Dra. Aurora D. Pryor, se centra en el paso a paso de cada t\u00e9cnica dirigiendo r\u00e1pidamente al lector a la informaci\u00f3n que necesita para elegir el abordaje adecuado para cada paciente, realizarlo con \u00e9xito y lograr los mejores resultados posibles.<\/p>\t\t\t\t\t\t\t\t<\/div>\n\t\t\t\t<\/div>\n\t\t\t\t\t<\/div>\n\t\t\t\t<\/div>\n\t\t\t\t<\/div>\n\t\t","protected":false},"excerpt":{"rendered":"<p><strong>Autores:<\/strong>\u00a0Aurora D. Pryor , Mary T. Hawn<br \/>\n<strong>ISBN:<\/strong>\u00a09788419663252<br \/>\n<strong>Editorial:<\/strong>\u00a0WOLTERS KLUWER<br \/>\n<strong>Edici\u00f3n:<\/strong>\u00a02\u00aa<br \/>\n<strong>Especialidad<\/strong>: Cirug\u00eda<br \/>\n<strong>P\u00e1ginas<\/strong>: 460<br \/>\n\u00a9 2024<\/p>\n","protected":false},"featured_media":10391,"comment_status":"open","ping_status":"closed","template":"","meta":{"_joinchat":[]},"product_cat":[175],"product_tag":[240,176,92],"class_list":{"0":"post-10390","1":"product","2":"type-product","3":"status-publish","4":"has-post-thumbnail","6":"product_cat-cirugia","7":"product_tag-240","8":"product_tag-cirugia","9":"product_tag-wolters-kluwer","11":"first","12":"instock","13":"featured","14":"taxable","15":"shipping-taxable","16":"purchasable","17":"product-type-simple"},"_links":{"self":[{"href":"https:\/\/edimeinter.com\/libreria\/wp-json\/wp\/v2\/product\/10390","targetHints":{"allow":["GET"]}}],"collection":[{"href":"https:\/\/edimeinter.com\/libreria\/wp-json\/wp\/v2\/product"}],"about":[{"href":"https:\/\/edimeinter.com\/libreria\/wp-json\/wp\/v2\/types\/product"}],"replies":[{"embeddable":true,"href":"https:\/\/edimeinter.com\/libreria\/wp-json\/wp\/v2\/comments?post=10390"}],"version-history":[{"count":1,"href":"https:\/\/edimeinter.com\/libreria\/wp-json\/wp\/v2\/product\/10390\/revisions"}],"predecessor-version":[{"id":14983,"href":"https:\/\/edimeinter.com\/libreria\/wp-json\/wp\/v2\/product\/10390\/revisions\/14983"}],"wp:featuredmedia":[{"embeddable":true,"href":"https:\/\/edimeinter.com\/libreria\/wp-json\/wp\/v2\/media\/10391"}],"wp:attachment":[{"href":"https:\/\/edimeinter.com\/libreria\/wp-json\/wp\/v2\/media?parent=10390"}],"wp:term":[{"taxonomy":"product_cat","embeddable":true,"href":"https:\/\/edimeinter.com\/libreria\/wp-json\/wp\/v2\/product_cat?post=10390"},{"taxonomy":"product_tag","embeddable":true,"href":"https:\/\/edimeinter.com\/libreria\/wp-json\/wp\/v2\/product_tag?post=10390"}],"curies":[{"name":"wp","href":"https:\/\/api.w.org\/{rel}","templated":true}]}}