{"id":10401,"date":"2025-02-05T16:06:39","date_gmt":"2025-02-05T16:06:39","guid":{"rendered":"https:\/\/edimeinter.com\/libreria\/?post_type=product&#038;p=10401"},"modified":"2025-06-26T22:12:14","modified_gmt":"2025-06-26T22:12:14","slug":"cirugia-de-bolsillo-3a-edicion","status":"publish","type":"product","link":"https:\/\/edimeinter.com\/libreria\/product\/cirugia-de-bolsillo-3a-edicion\/","title":{"rendered":"Cirug\u00eda de bolsillo. 3\u00aa Edici\u00f3n"},"content":{"rendered":"\t\t<div data-elementor-type=\"wp-post\" data-elementor-id=\"10401\" class=\"elementor elementor-10401\">\n\t\t\t\t<div class=\"elementor-element elementor-element-2612b12 e-flex e-con-boxed e-con e-parent\" data-id=\"2612b12\" data-element_type=\"container\" data-e-type=\"container\">\n\t\t\t\t\t<div class=\"e-con-inner\">\n\t\t\n\t\t<div class=\"elementor-element elementor-element-498707ae elementor-widget elementor-widget-text-editor\" data-id=\"498707ae\" data-element_type=\"widget\" data-e-type=\"widget\" data-widget_type=\"text-editor.default\">\n\t\t\t\t<div class=\"elementor-widget-container\">\n\t\t\t\t\t\t\t\t\t<p><b>Cirug\u00eda de bolsillo\u00a0<\/b>es la fuente de referencia esencial y necesaria para atender a los pacientes de cirug\u00eda, as\u00ed como para acreditar los ex\u00e1menes y pasar con \u00e9xito la rotaci\u00f3n de la especialidad. Editado por el Dr. Daniel B. Jones, de la Facultad de Medicina de Rutgers New Jersey, y escrito por un experto equipo de colaboradores, este volumen totalmente actualizado de la popular serie\u00a0<i>De Bolsillo\u00a0<\/i>proporciona una revisi\u00f3n concisa y centrada de todo el campo de la cirug\u00eda. En esta 3.\u00aa edici\u00f3n se ha agregado contenido nuevo sobre Covid-19, inteligencia artificial y diversidad, equidad e inclusi\u00f3n, as\u00ed como m\u00faltiples ilustraciones a color.<br \/>El objetivo de esta nueva edici\u00f3n es proporcionar a los estudiantes un resumen cr\u00edtico de los principios anat\u00f3micos, fisiol\u00f3gicos y patol\u00f3gicos generales que forman el marco para la toma de decisiones quir\u00fargicas. La intenci\u00f3n de este manual no es proporcionar datos para memorizar, sino una gu\u00eda para comprender mejor un n\u00famero selecto de problemas comunes, enfoques diagn\u00f3sticos e intervenciones quir\u00fargicas que pueden servir para curar o aliviar una afecci\u00f3n.<\/p>\t\t\t\t\t\t\t\t<\/div>\n\t\t\t\t<\/div>\n\t\t\t\t\t<\/div>\n\t\t\t\t<\/div>\n\t\t\t\t<\/div>\n\t\t","protected":false},"excerpt":{"rendered":"<p><strong>Autores:<\/strong>\u00a0Daniel B. Jones MD, MS<br \/>\n<strong>ISBN:<\/strong>\u00a09788419663849<br \/>\n<strong>Editorial:<\/strong>\u00a0WOLTERS KLUWER<br \/>\n<strong>Edici\u00f3n:<\/strong>\u00a03\u00aa<br \/>\n<strong>Especialidad<\/strong>: Cirug\u00eda<br \/>\n<strong>P\u00e1ginas<\/strong>: 440<br \/>\n\u00a9 2024<\/p>\n","protected":false},"featured_media":10402,"comment_status":"open","ping_status":"closed","template":"","meta":{"_joinchat":[]},"product_cat":[175],"product_tag":[240,176,92],"class_list":{"0":"post-10401","1":"product","2":"type-product","3":"status-publish","4":"has-post-thumbnail","6":"product_cat-cirugia","7":"product_tag-240","8":"product_tag-cirugia","9":"product_tag-wolters-kluwer","11":"first","12":"instock","13":"featured","14":"taxable","15":"shipping-taxable","16":"purchasable","17":"product-type-simple"},"_links":{"self":[{"href":"https:\/\/edimeinter.com\/libreria\/wp-json\/wp\/v2\/product\/10401","targetHints":{"allow":["GET"]}}],"collection":[{"href":"https:\/\/edimeinter.com\/libreria\/wp-json\/wp\/v2\/product"}],"about":[{"href":"https:\/\/edimeinter.com\/libreria\/wp-json\/wp\/v2\/types\/product"}],"replies":[{"embeddable":true,"href":"https:\/\/edimeinter.com\/libreria\/wp-json\/wp\/v2\/comments?post=10401"}],"version-history":[{"count":1,"href":"https:\/\/edimeinter.com\/libreria\/wp-json\/wp\/v2\/product\/10401\/revisions"}],"predecessor-version":[{"id":14985,"href":"https:\/\/edimeinter.com\/libreria\/wp-json\/wp\/v2\/product\/10401\/revisions\/14985"}],"wp:featuredmedia":[{"embeddable":true,"href":"https:\/\/edimeinter.com\/libreria\/wp-json\/wp\/v2\/media\/10402"}],"wp:attachment":[{"href":"https:\/\/edimeinter.com\/libreria\/wp-json\/wp\/v2\/media?parent=10401"}],"wp:term":[{"taxonomy":"product_cat","embeddable":true,"href":"https:\/\/edimeinter.com\/libreria\/wp-json\/wp\/v2\/product_cat?post=10401"},{"taxonomy":"product_tag","embeddable":true,"href":"https:\/\/edimeinter.com\/libreria\/wp-json\/wp\/v2\/product_tag?post=10401"}],"curies":[{"name":"wp","href":"https:\/\/api.w.org\/{rel}","templated":true}]}}