{"id":10409,"date":"2025-02-05T16:08:42","date_gmt":"2025-02-05T16:08:42","guid":{"rendered":"https:\/\/edimeinter.com\/libreria\/?post_type=product&#038;p=10409"},"modified":"2026-01-26T01:26:04","modified_gmt":"2026-01-26T01:26:04","slug":"guia-de-certificacion-del-absite-7a-edicion","status":"publish","type":"product","link":"https:\/\/edimeinter.com\/libreria\/product\/guia-de-certificacion-del-absite-7a-edicion\/","title":{"rendered":"Gu\u00eda de certificaci\u00f3n del ABSITE. 7\u00aa Edici\u00f3n"},"content":{"rendered":"\t\t<div data-elementor-type=\"wp-post\" data-elementor-id=\"10409\" class=\"elementor elementor-10409\">\n\t\t\t\t<div class=\"elementor-element elementor-element-2612b12 e-flex e-con-boxed e-con e-parent\" data-id=\"2612b12\" data-element_type=\"container\" data-e-type=\"container\">\n\t\t\t\t\t<div class=\"e-con-inner\">\n\t\t\n\t\t<div class=\"elementor-element elementor-element-498707ae elementor-widget elementor-widget-text-editor\" data-id=\"498707ae\" data-element_type=\"widget\" data-e-type=\"widget\" data-widget_type=\"text-editor.default\">\n\t\t\t\t<div class=\"elementor-widget-container\">\n\t\t\t\t\t\t\t\t\t<p>Escrito en un formato de esquema de alto rendimiento que estimula la memoria, la 7.\u00aa edici\u00f3n de\u00a0<b>Gu\u00eda de certificaci\u00f3n del ABSITE<\/b>, del Dr. Steven Fiser, cubre todos los temas que el\u00a0<i>American Board of Surgery In-Training Examination\u00a0<\/i>incluye como requisitos para los residentes de cirug\u00eda general de hoy en d\u00eda. Este conciso manual ofrece una revisi\u00f3n r\u00e1pida de la informaci\u00f3n m\u00e1s importante de la cirug\u00eda y detalles suficientes para construir el conocimiento y la confianza para poder rendir los ex\u00e1menes de certificaci\u00f3n para ejercer esta especialidad quir\u00fargica.<br \/>El formato esquem\u00e1tico facilita la comprensi\u00f3n r\u00e1pida y concisa de los puntos esenciales de cada tema, sin tener que rebuscar en el material superfluo de la mayor\u00eda de los libros de texto. A diferencia de las gu\u00edas de preguntas y respuestas, este formato tambi\u00e9n favorece la memorizaci\u00f3n r\u00e1pida. Su contenido abarca los temas m\u00e1s importantes de la especialidad, desde ciencia b\u00e1sica y fundamentos hasta los conocimientos cl\u00ednicos en cirug\u00eda general y otras subespecialidades quir\u00fargicas.<\/p>\t\t\t\t\t\t\t\t<\/div>\n\t\t\t\t<\/div>\n\t\t\t\t\t<\/div>\n\t\t\t\t<\/div>\n\t\t\t\t<\/div>\n\t\t","protected":false},"excerpt":{"rendered":"<p><strong>Autores:<\/strong>\u00a0Steven M. Fiser MD<br \/>\n<strong>ISBN:<\/strong>\u00a09788419663191<br \/>\n<strong>Editorial:<\/strong>\u00a0WOLTERS KLUWER<br \/>\n<strong>Edici\u00f3n:<\/strong>\u00a07\u00aa<br \/>\n<strong>Especialidad<\/strong>: Cirug\u00eda<br \/>\n<strong>P\u00e1ginas<\/strong>: 372<br \/>\n\u00a9 2024<\/p>\n","protected":false},"featured_media":10413,"comment_status":"open","ping_status":"closed","template":"","meta":{"_joinchat":[]},"product_cat":[175],"product_tag":[240,176,92],"class_list":{"0":"post-10409","1":"product","2":"type-product","3":"status-publish","4":"has-post-thumbnail","6":"product_cat-cirugia","7":"product_tag-240","8":"product_tag-cirugia","9":"product_tag-wolters-kluwer","11":"first","12":"instock","13":"featured","14":"taxable","15":"shipping-taxable","16":"purchasable","17":"product-type-simple"},"_links":{"self":[{"href":"https:\/\/edimeinter.com\/libreria\/wp-json\/wp\/v2\/product\/10409","targetHints":{"allow":["GET"]}}],"collection":[{"href":"https:\/\/edimeinter.com\/libreria\/wp-json\/wp\/v2\/product"}],"about":[{"href":"https:\/\/edimeinter.com\/libreria\/wp-json\/wp\/v2\/types\/product"}],"replies":[{"embeddable":true,"href":"https:\/\/edimeinter.com\/libreria\/wp-json\/wp\/v2\/comments?post=10409"}],"version-history":[{"count":1,"href":"https:\/\/edimeinter.com\/libreria\/wp-json\/wp\/v2\/product\/10409\/revisions"}],"predecessor-version":[{"id":14986,"href":"https:\/\/edimeinter.com\/libreria\/wp-json\/wp\/v2\/product\/10409\/revisions\/14986"}],"wp:featuredmedia":[{"embeddable":true,"href":"https:\/\/edimeinter.com\/libreria\/wp-json\/wp\/v2\/media\/10413"}],"wp:attachment":[{"href":"https:\/\/edimeinter.com\/libreria\/wp-json\/wp\/v2\/media?parent=10409"}],"wp:term":[{"taxonomy":"product_cat","embeddable":true,"href":"https:\/\/edimeinter.com\/libreria\/wp-json\/wp\/v2\/product_cat?post=10409"},{"taxonomy":"product_tag","embeddable":true,"href":"https:\/\/edimeinter.com\/libreria\/wp-json\/wp\/v2\/product_tag?post=10409"}],"curies":[{"name":"wp","href":"https:\/\/api.w.org\/{rel}","templated":true}]}}