{"id":10421,"date":"2025-02-05T16:11:00","date_gmt":"2025-02-05T16:11:00","guid":{"rendered":"https:\/\/edimeinter.com\/libreria\/?post_type=product&#038;p=10421"},"modified":"2025-06-26T22:14:16","modified_gmt":"2025-06-26T22:14:16","slug":"kendall-musculos-funcion-y-pruebas-mediante-posturas-y-dolor-6a-edicion","status":"publish","type":"product","link":"https:\/\/edimeinter.com\/libreria\/product\/kendall-musculos-funcion-y-pruebas-mediante-posturas-y-dolor-6a-edicion\/","title":{"rendered":"Kendall. M\u00fasculos Funci\u00f3n y pruebas mediante posturas y dolor. 6\u00aa Edici\u00f3n"},"content":{"rendered":"\t\t<div data-elementor-type=\"wp-post\" data-elementor-id=\"10421\" class=\"elementor elementor-10421\">\n\t\t\t\t<div class=\"elementor-element elementor-element-2612b12 e-flex e-con-boxed e-con e-parent\" data-id=\"2612b12\" data-element_type=\"container\" data-e-type=\"container\">\n\t\t\t\t\t<div class=\"e-con-inner\">\n\t\t\n\t\t<div class=\"elementor-element elementor-element-498707ae elementor-widget elementor-widget-text-editor\" data-id=\"498707ae\" data-element_type=\"widget\" data-e-type=\"widget\" data-widget_type=\"text-editor.default\">\n\t\t\t\t<div class=\"elementor-widget-container\">\n\t\t\t\t\t\t\t\t\t<p><b>Kendall. M\u00fasculos. Funci\u00f3n y pruebas mediante posturas y dolor\u00a0<\/b>expande el legado de esta obra cl\u00e1sica de la fisioterapia para preparar al profesional para un \u00e9xito cl\u00ednico sin precedentes en la pr\u00e1ctica contempor\u00e1nea. La cobertura atemporal de las pruebas musculares manuales, la evaluaci\u00f3n y el tratamiento se une a las \u00faltimas pr\u00e1cticas basadas en evidencia para crear un poderoso recurso que ser\u00e1 de amplia utilidad durante a\u00f1os.<br \/>Esta 6.\u00aa edici\u00f3n, ampliamente revisada, detalla la amplitud del movimiento normal y anormal, los factores de desarrollo y las influencias ambientales en la postura, las pruebas de longitud y los ejercicios de estiramiento, los s\u00edndromes de atrapamiento y compresi\u00f3n y la escoliosis, dentro de muchos otros temas. Asimismo, incorpora actualizaciones relevantes y mejoras para ayudar al lector a desarrollar la confianza cl\u00ednica, y garantizar una pr\u00e1ctica segura y eficaz a lo largo de su pr\u00e1ctica profesional.<\/p>\t\t\t\t\t\t\t\t<\/div>\n\t\t\t\t<\/div>\n\t\t\t\t\t<\/div>\n\t\t\t\t<\/div>\n\t\t\t\t<\/div>\n\t\t","protected":false},"excerpt":{"rendered":"<p><strong>Autores:<\/strong>\u00a0Vincent M. Conroy PT, DScPT, Brian Murray , Quinn Alexopulos , Jordan McCreary<br \/>\n<strong>ISBN:<\/strong>\u00a09788419663344<br \/>\n<strong>Editorial:<\/strong>\u00a0WOLTERS KLUWER<br \/>\n<strong>Edici\u00f3n:<\/strong>\u00a06\u00aa<br \/>\n<strong>Especialidad<\/strong>: Fisioterapia<br \/>\n<strong>P\u00e1ginas<\/strong>: 528<br \/>\n\u00a9 2024<\/p>\n","protected":false},"featured_media":10422,"comment_status":"open","ping_status":"closed","template":"","meta":{"_joinchat":[]},"product_cat":[111],"product_tag":[240,112,92],"class_list":{"0":"post-10421","1":"product","2":"type-product","3":"status-publish","4":"has-post-thumbnail","6":"product_cat-fisioterapia","7":"product_tag-240","8":"product_tag-fisioterapia","9":"product_tag-wolters-kluwer","11":"first","12":"instock","13":"featured","14":"taxable","15":"shipping-taxable","16":"purchasable","17":"product-type-simple"},"_links":{"self":[{"href":"https:\/\/edimeinter.com\/libreria\/wp-json\/wp\/v2\/product\/10421","targetHints":{"allow":["GET"]}}],"collection":[{"href":"https:\/\/edimeinter.com\/libreria\/wp-json\/wp\/v2\/product"}],"about":[{"href":"https:\/\/edimeinter.com\/libreria\/wp-json\/wp\/v2\/types\/product"}],"replies":[{"embeddable":true,"href":"https:\/\/edimeinter.com\/libreria\/wp-json\/wp\/v2\/comments?post=10421"}],"version-history":[{"count":1,"href":"https:\/\/edimeinter.com\/libreria\/wp-json\/wp\/v2\/product\/10421\/revisions"}],"predecessor-version":[{"id":14987,"href":"https:\/\/edimeinter.com\/libreria\/wp-json\/wp\/v2\/product\/10421\/revisions\/14987"}],"wp:featuredmedia":[{"embeddable":true,"href":"https:\/\/edimeinter.com\/libreria\/wp-json\/wp\/v2\/media\/10422"}],"wp:attachment":[{"href":"https:\/\/edimeinter.com\/libreria\/wp-json\/wp\/v2\/media?parent=10421"}],"wp:term":[{"taxonomy":"product_cat","embeddable":true,"href":"https:\/\/edimeinter.com\/libreria\/wp-json\/wp\/v2\/product_cat?post=10421"},{"taxonomy":"product_tag","embeddable":true,"href":"https:\/\/edimeinter.com\/libreria\/wp-json\/wp\/v2\/product_tag?post=10421"}],"curies":[{"name":"wp","href":"https:\/\/api.w.org\/{rel}","templated":true}]}}